{"id":3544,"date":"2018-04-09T15:26:02","date_gmt":"2018-04-09T20:26:02","guid":{"rendered":"http:\/\/www.descolonizacion.org\/pt-br\/?page_id=3544"},"modified":"2020-05-10T08:56:58","modified_gmt":"2020-05-10T13:56:58","slug":"uias-honorarios-continente","status":"publish","type":"page","link":"https:\/\/www.descolonizacion.org\/pt-br\/uias-honorarios-continente\/","title":{"rendered":"Gu\u00edas Honor\u00e1rios do Continente"},"content":{"rendered":"<ul>\n<h3>Gu\u00edas Honor\u00e1rios do Continente, designados por Rael como reconhecimento pelos seus compromissos em melhorar o mundo e os seus atos ou observa\u00e7\u00f5es exemplares.<\/h3>\n<\/ul>\n<ul>\n<div id=\"maduro\">&nbsp;<\/p>\n<p>&nbsp;<\/p>\n<p>&nbsp;<\/p>\n<p>&nbsp;<\/p>\n<li>\n<h5><img decoding=\"async\" src=\"http:\/\/www.descolonizacion.org\/wp-content\/uploads\/2020\/05\/nicolas-maduro960.jpg\" alt=\"Nicolas Maduro\" height=\"158\" width=\"210\" class=\"alignleft\" \/>Nicol\u00e1s Maduro, &#8220;Guia honor\u00e1rio da humanidade&#8221; (Venezuela) :<\/h5>\n<p>O presidente Maduro \u00e9 guia honor\u00e1rio desde no dia <strong>31 de mar\u00e7o de 2020<\/strong> porque, como os presidentes Morales, Ch\u00e1vez e Correa tem se dedicado a combater o efeito da coloniza\u00e7\u00e3o nas sua sociedad e tentado limitar as poderosas interfer\u00eancias externas na administra\u00e7\u00e3o dos seu pa\u00eds. <\/li>\n<\/div>\n<div id=\"morales\">&nbsp;<\/p>\n<p>&nbsp;<\/p>\n<p>&nbsp;<\/p>\n<p>&nbsp;<\/p>\n<li>\n<h5><img decoding=\"async\" src=\"http:\/\/www.descolonizacion.org\/wp-content\/uploads\/2017\/06\/arton4772.jpg\" alt=\"Evo-Morales\" height=\"158\" width=\"210\" class=\"alignleft\" \/>Evo Morales, Gu\u00eda honor\u00e1rio (Bol\u00edvia) :<\/h5>\n<p>Evo Morales Aymar, presidente do Estado Plurinacional da Bol\u00edvia, foi nomeado Guia Honor\u00e1rio <strong>a 19 de maio de 2017\/71dH\/5521<\/strong> pelas suas a\u00e7\u00f5es contra do imperialismo e mega-capitalismo estadunidense em Abya Yala (Am\u00e9rica do Sul) <\/li>\n<\/div>\n<div id=\"grangeiro\">&nbsp;<\/p>\n<p>&nbsp;<\/p>\n<p>&nbsp;<\/p>\n<p>&nbsp;<\/p>\n<li>\n<h5><img decoding=\"async\" src=\"http:\/\/www.descolonizacion.org\/wp-content\/uploads\/2016\/09\/Alexandre-Grangeiro.png\" alt=\"Alexandre-Grangeiro\" class=\"alignleft\" \/>Alexandre Grangeiro, Gu\u00eda honorario (Brasil) :<\/h5>\n<p>Gu\u00eda honorario desde <strong>el 20 de Febrero, 2004<\/strong>. Cuando encabezaba un programa del Ministerio de Sanidad de Brasil para luchar en contra de la Sida, \u00e9ste conden\u00f3 publicamente a la Iglesia cat\u00f3lica por alegar erroneamente que los condones no ofrecen protecci\u00f3n alguna, y cometiendo en consecuencia un nuevo cr\u00edmen en contra de la humanidad.<\/li>\n<\/div>\n<div id=\"chavez\">&nbsp;<\/p>\n<p>&nbsp;<\/p>\n<p>&nbsp;<\/p>\n<p>&nbsp;<\/p>\n<li>\n<h5><img decoding=\"async\" src=\"http:\/\/www.descolonizacion.org\/wp-content\/uploads\/2016\/09\/Hugo-Chavez.png\" alt=\"Hugo-Chavez\" class=\"alignleft\" \/>Hugo Chavez, Gu\u00eda honorario (Venezuela) : <\/h5>\n<p>El Presidente venezolano fue nombrado gu\u00eda honorario <strong>en octubre del 2004<\/strong>, por su apoyo a los que denuncian los horrendos genoc\u00eddios y otros cr\u00edmenes cometidos por los europeos durante la colonizaci\u00f3n de las Americas. Haciendo un desaire al nombre de la fiesta tradicional del D\u00eda de Col\u00f3n en America, \u00e9ste declar\u00f3 que a partir de ahora deber\u00eda de denominarse el D\u00eda de la Resistencia India en honor a los habitantes ind\u00edgenas.<\/li>\n<\/div>\n<div id=\"ferrari\">&nbsp;<\/p>\n<p>&nbsp;<\/p>\n<p>&nbsp;<\/p>\n<p>&nbsp;<\/p>\n<li>\n<h5><img decoding=\"async\" src=\"http:\/\/www.descolonizacion.org\/wp-content\/uploads\/2016\/09\/Leon-Ferrari.png\" alt=\"Leon-Ferrari\" class=\"alignleft\" \/>Leon Ferrari, Gu\u00eda honorario (Argentina) : <\/h5>\n<p>Este artista argentino contemporario, fue nombrado gu\u00eda honorario <strong>el 10 de enero, 2005<\/strong>, por su obra m\u00e1s famosa, &#8220;La civilizaci\u00f3n occidental y cristiana, 1965&#8221;, en la que se muestra a Cristo crucificado sobre un avi\u00f3n de guerra americano, como protesta s\u00edmbolica en contra de la Guerra de Vietnam. Ferrari tambi\u00e9n ha creado obras que son consideradas ofensivas por la Iglesia cat\u00f3lica, y una de sus exhibiciones fue clausurada por la fuerza despu\u00e9s de que un sacerdote cat\u00f3lico obtuviera una orden judicial.<\/li>\n<\/div>\n<div id=\"barenboim\">&nbsp;<\/p>\n<p>&nbsp;<\/p>\n<p>&nbsp;<\/p>\n<p>&nbsp;<\/p>\n<li>\n<h5><img decoding=\"async\" src=\"http:\/\/www.descolonizacion.org\/wp-content\/uploads\/2016\/09\/BarenboimDaniel094.jpg\" alt=\"Barenboim Daniel\" class=\"alignleft\" \/>Daniel Barenboim, Gu\u00eda honorario (Argentina) : <\/h5>\n<p>Director de orquesta y pianista de renombre, y ciudadano israel\u00ed, fue nombrado gu\u00eda honorario <strong>el 17 de enero de 2008<\/strong>, por fomentar la paz en el Medio Oriente y por defender los derechos palestinos.<\/li>\n<\/div>\n<div id=\"correa\">&nbsp;<\/p>\n<p>&nbsp;<\/p>\n<p>&nbsp;<\/p>\n<p>&nbsp; <\/p>\n<li>\n<h5><img decoding=\"async\" src=\"http:\/\/www.descolonizacion.org\/wp-content\/uploads\/2016\/09\/Rafael-Correa.png\" alt=\"Rafael Correa\" class=\"alignleft\" \/>Rafael Correa, Gu\u00eda honorario (Ecuador) : <\/h5>\n<p>Fue nominado Gu\u00eda Honorario <strong>el 13 de Setiembre del 2012<\/strong> (67DH) por otorgar asilo pol\u00edtico a Julian Assange, el l\u00edder de Wikileaks. El Presidente de Ecuador es tambi\u00e9n otorgado este t\u00edtulo por la manera en que campeona la verdad y la justicia nacional e internacionalmente, especialmente por la manera en que se levanta contra el acoso de las presiones econ\u00f3micas de los Estados Unidos y sus marionetas.<\/li>\n<\/div>\n<p>&nbsp;<\/p>\n<p>&nbsp;<\/p>\n<h5>Vean <a href=\"http:\/\/es.raelianews.org\/honorary-guides\" target=\"_blank\" rel=\"noopener noreferrer\"> > aqu\u00ed  < <\/a>la lista completa de los Gu\u00edas Honorarios<\/h5>\n<\/ul>\n<p>&nbsp;<\/p>\n","protected":false},"excerpt":{"rendered":"<p>Gu\u00edas Honor\u00e1rios do Continente, designados por Rael como reconhecimento pelos seus compromissos em melhorar o mundo e os seus atos ou observa\u00e7\u00f5es exemplares. &nbsp; &nbsp; [&hellip;]<\/p>\n","protected":false},"author":1,"featured_media":0,"parent":0,"menu_order":0,"comment_status":"closed","ping_status":"closed","template":"","meta":{"footnotes":""},"class_list":["post-3544","page","type-page","status-publish","hentry"],"meta_box":{"imic_strict_no_header":"","imic_page_topbar_show":"","imic_page_specific_header":"","imic_page_logo_image":[],"imic_page_retina_logo_image":[],"imic_page_retina_logo_image_width":"","imic_page_retina_logo_image_height":"","imic_page_layout":"","imic_content_width":"","imic_content_padding_top":"","imic_content_padding_bottom":"","imic_pages_body_bg_color":"","imic_pages_body_bg_image":[],"imic_pages_body_bg_wide":"","imic_pages_body_bg_repeat":"","imic_pages_content_bg_color":"","imic_pages_content_bg_image":[],"imic_pages_content_bg_wide":"","imic_pages_content_bg_repeat":"","imic_page_header_show":"","imic_pages_Choose_slider_display":"0","imic_header_image":[{"width":150,"height":150,"file":"2016\/10\/Menu-Acerca.jpg","filesize":78365,"sizes":{"woocommerce_thumbnail":{"file":"Menu-Acerca-300x150.jpg","width":300,"height":150,"mime-type":"image\/jpeg","filesize":15611,"uncropped":false,"url":"https:\/\/www.descolonizacion.org\/wp-content\/uploads\/2016\/10\/Menu-Acerca-300x150.jpg"},"woocommerce_gallery_thumbnail":{"file":"Menu-Acerca-100x100.jpg","width":100,"height":100,"mime-type":"image\/jpeg","filesize":3486,"url":"https:\/\/www.descolonizacion.org\/wp-content\/uploads\/2016\/10\/Menu-Acerca-100x100.jpg"},"woocommerce_single":{"file":"Menu-Acerca-600x82.jpg","width":600,"height":82,"mime-type":"image\/jpeg","filesize":16182,"url":"https:\/\/www.descolonizacion.org\/wp-content\/uploads\/2016\/10\/Menu-Acerca-600x82.jpg"},"thumbnail":{"file":"Menu-Acerca-150x150.jpg","width":150,"height":150,"mime-type":"image\/jpeg","url":"https:\/\/www.descolonizacion.org\/wp-content\/uploads\/2016\/10\/Menu-Acerca-150x150.jpg"},"medium":{"file":"Menu-Acerca-300x41.jpg","width":300,"height":41,"mime-type":"image\/jpeg","url":"https:\/\/www.descolonizacion.org\/wp-content\/uploads\/2016\/10\/Menu-Acerca-300x41.jpg"},"medium_large":{"file":"Menu-Acerca-768x105.jpg","width":768,"height":105,"mime-type":"image\/jpeg","url":"https:\/\/www.descolonizacion.org\/wp-content\/uploads\/2016\/10\/Menu-Acerca-768x105.jpg"},"large":{"file":"Menu-Acerca-1024x140.jpg","width":1024,"height":140,"mime-type":"image\/jpeg","url":"https:\/\/www.descolonizacion.org\/wp-content\/uploads\/2016\/10\/Menu-Acerca-1024x140.jpg"},"post-thumbnail":{"file":"Menu-Acerca-958x131.jpg","width":958,"height":131,"mime-type":"image\/jpeg","url":"https:\/\/www.descolonizacion.org\/wp-content\/uploads\/2016\/10\/Menu-Acerca-958x131.jpg"},"600x400":{"file":"Menu-Acerca-600x150.jpg","width":600,"height":150,"mime-type":"image\/jpeg","url":"https:\/\/www.descolonizacion.org\/wp-content\/uploads\/2016\/10\/Menu-Acerca-600x150.jpg"},"1000x800":{"file":"Menu-Acerca-1000x150.jpg","width":1000,"height":150,"mime-type":"image\/jpeg","url":"https:\/\/www.descolonizacion.org\/wp-content\/uploads\/2016\/10\/Menu-Acerca-1000x150.jpg"},"sow-carousel-default":{"file":"Menu-Acerca-272x150.jpg","width":272,"height":150,"mime-type":"image\/jpeg","url":"https:\/\/www.descolonizacion.org\/wp-content\/uploads\/2016\/10\/Menu-Acerca-272x150.jpg"}},"image_meta":{"aperture":"0","credit":"","camera":"","caption":"","created_timestamp":"0","copyright":"","focal_length":"0","iso":"0","shutter_speed":"0","title":"","orientation":"0","keywords":[]},"ID":"2828","name":"Menu-Acerca.jpg","path":"\/home2\/descolinizacion\/public_html\/wp-content\/uploads\/2016\/10\/Menu-Acerca.jpg","url":"https:\/\/www.descolonizacion.org\/wp-content\/uploads\/2016\/10\/Menu-Acerca-150x150.jpg","full_url":"https:\/\/www.descolonizacion.org\/wp-content\/uploads\/2016\/10\/Menu-Acerca.jpg","title":"menu-acerca","caption":"","description":"","alt":"","srcset":"https:\/\/www.descolonizacion.org\/wp-content\/uploads\/2016\/10\/Menu-Acerca-150x150.jpg 150w, https:\/\/www.descolonizacion.org\/wp-content\/uploads\/2016\/10\/Menu-Acerca-100x100.jpg 100w"}],"imic_pages_select_revolution_from_list":"[rev_slider alias=\\\"home-french\\\"]","imic_pages_select_smart_from_list":"","imic_pages_slider_height":"","imic_pages_slider_image":[],"imic_pages_slider_auto_slide":"yes","imic_pages_slider_speed":"","imic_pages_slider_pagination":"yes","imic_pages_slider_direction_arrows":"yes","imic_pages_slider_effects":"fade","imic_pages_banner_color":"","imic_pages_breadcrumb_show":"","imic_pages_title_show":"","imic_pages_banner_bg_color":"","imic_post_page_custom_title":"","imic_pages_banner_text_color":"","imic_pages_title_alignment":"","imic_page_social_share":"","imic_select_sidebar_from_list":"","imic_select_sidebar_position":"","imic_contact_email":"lolohim@gmail.com","imic_contact_subject":"","imic_our_location_text":"","imic_contact_map_display":"no","imic_contact_map_box_code":"","imic_Choose_slider_display":"0","imic_select_smart_from_list":"","imic_select_revolution_from_list":"[rev_slider alias=\\\"home-french\\\"]","imic_slider_image":[],"imic_slider_auto_slide":"yes","imic_slider_speed":"","imic_slider_pagination":"yes","imic_slider_direction_arrows":"yes","imic_slider_effects":"fade","imic_switch_categories_post":"1","imic_category_to_show_on_home":["59"],"imic_number_of_post_cat":[],"imic_upcoming_area":"1","imic_latest_sermon_events_to_show_on":"letest_event","imic_custom_text_message":"","imic_advanced_event_taxonomy":[],"imic_going_on_events":"1","imic_custom_going_on_events_title":"","imic_advanced_sermons_category":[],"imic_all_event_sermon_url":"","imic_imic_featured_blocks":"1","imic_home_featured_blocks":"","imic_home_row_featured_blocks":[],"imic_home_featured_blocks1":"","imic_home_featured_blocks2":"","imic_home_featured_blocks3":"","imic_imic_upcoming_events":"1","imic_upcoming_event_taxonomy":[],"imic_custom_upcoming_events_title":"","imic_events_to_show_on":"","imic_imic_recent_posts":"1","imic_recent_post_taxonomy":[],"imic_custom_latest_news_title":"","imic_posts_to_show_on":"","imic_recent_posts_rmbutton":"2","imic_recent_posts_rmbutton_text":"","imic_imic_galleries":"1","imic_home_gallery_taxonomy":[],"imic_custom_gallery_title":"","imic_custom_more_galleries_title":"","imic_custom_more_galleries_url":"","imic_galleries_to_show_on":"","imic_galleries_background_image":[],"imic_switch_sermon_album":"1","imic_custom_albums_title":"","imic_number_of_sermon_albums":"","imic_sermon_albums_url":"","imic_gallery_pagination_to_show_on":"","imic_gallery_pagination_columns_layout":"","imic_show_gallery_title":"0","imic_gallery_masonry_to_show_on":"","imic_show_gallery_title_masonry":"0","imic_gallery_filter_columns_layout":"","imic_show_gallery_title_filter":"0","imic_advanced_gallery_taxonomy":[],"imic_advanced_event_list_taxonomy":[],"imic_advanced_post_taxonomy":[],"imic_advanced_blog_taxonomy":[],"imic_staff_to_show_on":"","imic_staff_grid_column":"","imic_advanced_staff_taxonomy":[],"imic_staff_select_orderby":"ID","imic_staff_select_order":"","imic_staff_excerpt_length":"","imic_events_timeline_view":"","imic_event_timeline_per_page":"","imic_blog_masonry_thumbnails":"0","imic_albums_select_orderby":"count","imic_albums_select_order":"ASC","imic_sermon_categories_custom_order":[]},"_links":{"self":[{"href":"https:\/\/www.descolonizacion.org\/pt-br\/wp-json\/wp\/v2\/pages\/3544","targetHints":{"allow":["GET"]}}],"collection":[{"href":"https:\/\/www.descolonizacion.org\/pt-br\/wp-json\/wp\/v2\/pages"}],"about":[{"href":"https:\/\/www.descolonizacion.org\/pt-br\/wp-json\/wp\/v2\/types\/page"}],"author":[{"embeddable":true,"href":"https:\/\/www.descolonizacion.org\/pt-br\/wp-json\/wp\/v2\/users\/1"}],"replies":[{"embeddable":true,"href":"https:\/\/www.descolonizacion.org\/pt-br\/wp-json\/wp\/v2\/comments?post=3544"}],"version-history":[{"count":4,"href":"https:\/\/www.descolonizacion.org\/pt-br\/wp-json\/wp\/v2\/pages\/3544\/revisions"}],"predecessor-version":[{"id":3901,"href":"https:\/\/www.descolonizacion.org\/pt-br\/wp-json\/wp\/v2\/pages\/3544\/revisions\/3901"}],"wp:attachment":[{"href":"https:\/\/www.descolonizacion.org\/pt-br\/wp-json\/wp\/v2\/media?parent=3544"}],"curies":[{"name":"wp","href":"https:\/\/api.w.org\/{rel}","templated":true}]}}