{"id":3538,"date":"2018-04-09T15:11:18","date_gmt":"2018-04-09T20:11:18","guid":{"rendered":"http:\/\/www.descolonizacion.org\/pt-br\/?page_id=3538"},"modified":"2018-04-09T15:11:18","modified_gmt":"2018-04-09T20:11:18","slug":"latinos","status":"publish","type":"page","link":"https:\/\/www.descolonizacion.org\/pt-br\/latinos\/","title":{"rendered":"Latinos ?"},"content":{"rendered":"<ul>\n<h2>A descoloniza\u00e7\u00e3o n\u00e3o poderia levar-se a cabo sem uma mudan\u00e7a de termos, em primeiro lugar do ultrajante e duplamente colonial: <em>AM\u00c9RICA LATINA<\/em><\/p>\n<h2><\/p>\n<h3> <strong>Lan\u00e7amento oficial da campanha: La Paz, Bol\u00edvia, fevereiro 2016 (71dH)<br \/>\nPara acabar com a \u201cAm\u00e9rica Latina\u201d! <\/strong> <\/h3>\n<p>&nbsp;<\/ul>\n<ul>\n<li style=\"display:inline;\"><img decoding=\"async\" src=\"http:\/\/www.descolonizacion.org\/wp-content\/uploads\/2016\/09\/mexico-girl-891452_1280-copy.jpg\" alt=\"LAtino ?\" class=\"alignright\" \/>\n<p><h5>Aliena\u00e7\u00e3o cultural<\/h5>\n<p>Uma das express\u00f5es diretas e omnipresentes da <strong>aliena\u00e7\u00e3o cultural<\/strong> deste continente reside numa palavra e nos seus derivados: o famoso <strong>\u201clatino\u201d<\/strong> que revela uma escandalosa vacuidade. Em base de qu\u00ea, a n\u00e3o ser por uma pat\u00e9tica amn\u00e9sia e ignor\u00e2ncia institucionalizada, podemos designar os descendentes dos incas, astecas, mapuches, escravos africanos, etc, de \u201clatinos\u201d?<!--more--><\/p>\n<\/li>\n<p><\/p>\n<li style=\"display:inline;\">\n<p> Esta express\u00e3o, declamada com destacado orgulho pelos aut\u00f3ctones, reflete o n\u00edvel de <strong>entorpecimento das massas<\/strong>. <\/p>\n<\/li>\n<p><\/p>\n<li style=\"display:inline;\">\n<p> Como se chegou a reivindicar, desde o seio do seu pa\u00eds ou de fora, um la\u00e7o com uma popula\u00e7\u00e3o t\u00e3o estrangeira e alheia como os <em>latinos<\/em>? Que h\u00e1 de <em>latino<\/em> nas Cordilheiras dos Andes, na selva amaz\u00f3nica, na Serra Madre ou no Caribe?<\/p>\n<\/li>\n<p>&nbsp;<\/p>\n<p>&nbsp;<\/p>\n<li style=\"display:inline;\">\n<p><h5>Origem dos latinos<\/h5>\n<p><img decoding=\"async\" class=\"alignleft\" src=\"http:\/\/www.descolonizacion.org\/wp-content\/uploads\/2016\/09\/italy-latium-4thc-bce.jpg\" alt=\"Italy-latium\" \/>Recapitulemos que os <strong>latinos<\/strong> s\u00e3o oriundos da <strong>regi\u00e3o do Latium<\/strong> que \u00e9 ainda hoje a prov\u00edncia italiana do L\u00e1cio, que circunda Roma, e cuja m\u00e1xima expans\u00e3o na antiguidade, a do Imp\u00e9rio Romano, nunca ultrapassou as costas atl\u00e2nticas da Europa. Portanto que justificaria que na outra ourela do Oceano Atl\u00e2ntico haja povos que se reivindiquem como descendentes do Latium? At\u00e9 certo ponto, se justificaria que os italo-americanos, estejam onde estejam, se autodenominem de latinos, mas os restantes? Porque falariam um idioma romano-latino?<br \/>\nEm tal caso, o Quebeque (prov\u00edncia franc\u00f3fona do Canad\u00e1) n\u00e3o faria parte da Am\u00e9rica Latina? Porque a popula\u00e7\u00e3o \u00e9 (era) de confiss\u00e3o cat\u00f3lica romana apost\u00f3lica ou tamb\u00e9m chamado \u201crito latino\u201d? Ent\u00e3o, n\u00e3o seria um cat\u00f3lico irland\u00eas ou um polaco instalado em Nova J\u00e9rsia um latino-americano? E ao inverso, um peruano ou panamenho convertido ao pentecostalismo ou praticando religi\u00f5es ancestrais ou de matriz africana n\u00e3o deixaria de ser \u201clatino\u201d? <\/p>\n<\/li>\n<p><\/p>\n<li style=\"display:inline;\">\n<p> Tudo isto ilustra uma incomensur\u00e1vel confus\u00e3o mental, com o maior desprezo pela hist\u00f3ria, pela geografia, do rigor intelectual e precis\u00e3o conceptual, sem esquecer a falta de respeito com os antepassados. Uma campanha de descoloniza\u00e7\u00e3o digna deste nome n\u00e3o poderia ser levada a cabo sem esta etapa preliminar essencial: a tomada de consci\u00eancia da inadapta\u00e7\u00e3o dos termos derivados do radical \u201clatim\u201d: Am\u00e9rica Latina, latino, espanhol latino (o espanhol que se fala na Am\u00e9rica, chegando-se aqui ao c\u00famulo da aberra\u00e7\u00e3o) em refer\u00eancia ao que toca aos habitantes deste continente, e a erradica\u00e7\u00e3o destes da linguagem comum oficial. <\/p>\n<\/li>\n<p>&nbsp;<\/p>\n<li style=\"display:inline;\">\n<p><h5>Ixachitlan, Tawantinsuyu e Abya Yala<\/h5>\n<p><img decoding=\"async\" src=\"http:\/\/www.descolonizacion.org\/wp-content\/uploads\/2016\/09\/ixachitlan.jpg\" alt=\"ixachitlan\" class=\"alignleft\" \/>Portanto promovemos uma campanha que ir\u00e1 mais al\u00e9m da simples sensibiliza\u00e7\u00e3o a este assunto, j\u00e1 que propomos que as diversas e competentes autoridades que estariam capacitadas para eliminar este termo, n\u00e3o apenas absurdo, mas tamb\u00e9m duplamente colonial, j\u00e1 que re\u00fane o nome de um navegador italiano: Amerigo ao ep\u00edteto latim, se juntem e proponham um novo nome para o continente, que de prefer\u00eancia fosse associado a um ou v\u00e1rios idiomas aut\u00f3ctones, sendo que s\u00e3o numerosos e que, por conseguinte, compromissos constituir\u00e3o a chave do \u00eaxito, entre povos distintos e ao mesmo tempo embarcados num destino comum.<\/p>\n<p>Propor Ixachitlan ou Tawantinsuyu seria uma solu\u00e7\u00e3o f\u00e1cil, mas haveria o risco de trazer uma nova forma de desequil\u00edbrio, desta vez interno. Provavelmente teremos que recorrer a um neologismo, acr\u00f3nimo ou antropo-top\u00f3nimo (nome de um lugar derivado do de uma pessoa que pode ser um personagem hist\u00f3rico, um s\u00e1bio, um libertador, um deus ou de uma representa\u00e7\u00e3o m\u00edtica imaginada \u2013 porque n\u00e3o feminina? Cf. Pachamama ou noutros casos: a Marianne francesa, a musa rom\u00e2ntica Lorelei, etc \u2013 que insinue e avive a ess\u00eancia real ou conjuntamente almejada do continente. Exemplos de antropo-top\u00f3nimos mais ou menos adequados: Bol\u00edvia \/ Sim\u00f3n Bol\u00edvar; Col\u00f4mbia \/ Crist\u00f3v\u00e3o Colombo) que satisfa\u00e7a todas as partes, que apesar das discrep\u00e2ncias previs\u00edveis. Haver\u00e1 uma forma de unanimidade se se chegam a concentrar na grandeza do objetivo. O esp\u00edrito de coopera\u00e7\u00e3o e de boa f\u00e9 que tiver caracterizado a elei\u00e7\u00e3o do novo nome constituir\u00e1 ent\u00e3o uma base apreci\u00e1vel para p\u00f4r em marcha o processo de descoloniza\u00e7\u00e3o e a reconstru\u00e7\u00e3o consequente deste continente.<\/p>\n<\/li>\n<p>&nbsp;<\/p>\n<li style=\"display:inline;\">\n<table>\n<tr>\n<td>&nbsp;&nbsp;&nbsp;&nbsp;&nbsp;&nbsp;&nbsp;&nbsp;&nbsp;&nbsp;&nbsp;&nbsp;&nbsp;&nbsp;&nbsp;&nbsp;&nbsp;&nbsp;&nbsp;<\/td>\n<td><img decoding=\"async\" src=\"http:\/\/www.descolonizacion.org\/wp-content\/uploads\/2016\/09\/photo-Abya-Yala.jpg\" alt=\"Abya-Yala\" class=\"alignleft\" \/><\/td>\n<td>&nbsp;&nbsp;<\/td>\n<td>\n<p>Ultimamente, Abya Yala beneficia de une forma de reconhecimento crescente.  <\/p>\n<\/li>\n<\/td>\n<\/tr>\n<\/table>\n<p>&nbsp;<\/p>\n<p>&nbsp;<\/p>\n<p>&nbsp;   <\/ul>\n","protected":false},"excerpt":{"rendered":"<p>A descoloniza\u00e7\u00e3o n\u00e3o poderia levar-se a cabo sem uma mudan\u00e7a de termos, em primeiro lugar do ultrajante e duplamente colonial: AM\u00c9RICA LATINA Lan\u00e7amento oficial da [&hellip;]<\/p>\n","protected":false},"author":1,"featured_media":0,"parent":0,"menu_order":0,"comment_status":"closed","ping_status":"closed","template":"","meta":{"footnotes":""},"class_list":["post-3538","page","type-page","status-publish","hentry"],"meta_box":{"imic_strict_no_header":"","imic_page_topbar_show":"","imic_page_specific_header":"","imic_page_logo_image":[],"imic_page_retina_logo_image":[],"imic_page_retina_logo_image_width":"","imic_page_retina_logo_image_height":"","imic_page_layout":"","imic_content_width":"","imic_content_padding_top":"","imic_content_padding_bottom":"","imic_pages_body_bg_color":"","imic_pages_body_bg_image":[],"imic_pages_body_bg_wide":"","imic_pages_body_bg_repeat":"","imic_pages_content_bg_color":"","imic_pages_content_bg_image":[],"imic_pages_content_bg_wide":"","imic_pages_content_bg_repeat":"","imic_page_header_show":"","imic_pages_Choose_slider_display":"0","imic_header_image":[{"width":150,"height":150,"file":"2016\/10\/Menu-Objetivos.jpg","filesize":77658,"sizes":{"woocommerce_thumbnail":{"file":"Menu-Objetivos-300x150.jpg","width":300,"height":150,"mime-type":"image\/jpeg","filesize":15471,"uncropped":false,"url":"https:\/\/www.descolonizacion.org\/wp-content\/uploads\/2016\/10\/Menu-Objetivos-300x150.jpg"},"woocommerce_gallery_thumbnail":{"file":"Menu-Objetivos-100x100.jpg","width":100,"height":100,"mime-type":"image\/jpeg","filesize":3438,"url":"https:\/\/www.descolonizacion.org\/wp-content\/uploads\/2016\/10\/Menu-Objetivos-100x100.jpg"},"woocommerce_single":{"file":"Menu-Objetivos-600x82.jpg","width":600,"height":82,"mime-type":"image\/jpeg","filesize":16160,"url":"https:\/\/www.descolonizacion.org\/wp-content\/uploads\/2016\/10\/Menu-Objetivos-600x82.jpg"},"thumbnail":{"file":"Menu-Objetivos-150x150.jpg","width":150,"height":150,"mime-type":"image\/jpeg","url":"https:\/\/www.descolonizacion.org\/wp-content\/uploads\/2016\/10\/Menu-Objetivos-150x150.jpg"},"medium":{"file":"Menu-Objetivos-300x41.jpg","width":300,"height":41,"mime-type":"image\/jpeg","url":"https:\/\/www.descolonizacion.org\/wp-content\/uploads\/2016\/10\/Menu-Objetivos-300x41.jpg"},"medium_large":{"file":"Menu-Objetivos-768x105.jpg","width":768,"height":105,"mime-type":"image\/jpeg","url":"https:\/\/www.descolonizacion.org\/wp-content\/uploads\/2016\/10\/Menu-Objetivos-768x105.jpg"},"large":{"file":"Menu-Objetivos-1024x140.jpg","width":1024,"height":140,"mime-type":"image\/jpeg","url":"https:\/\/www.descolonizacion.org\/wp-content\/uploads\/2016\/10\/Menu-Objetivos-1024x140.jpg"},"post-thumbnail":{"file":"Menu-Objetivos-958x131.jpg","width":958,"height":131,"mime-type":"image\/jpeg","url":"https:\/\/www.descolonizacion.org\/wp-content\/uploads\/2016\/10\/Menu-Objetivos-958x131.jpg"},"600x400":{"file":"Menu-Objetivos-600x150.jpg","width":600,"height":150,"mime-type":"image\/jpeg","url":"https:\/\/www.descolonizacion.org\/wp-content\/uploads\/2016\/10\/Menu-Objetivos-600x150.jpg"},"1000x800":{"file":"Menu-Objetivos-1000x150.jpg","width":1000,"height":150,"mime-type":"image\/jpeg","url":"https:\/\/www.descolonizacion.org\/wp-content\/uploads\/2016\/10\/Menu-Objetivos-1000x150.jpg"},"sow-carousel-default":{"file":"Menu-Objetivos-272x150.jpg","width":272,"height":150,"mime-type":"image\/jpeg","url":"https:\/\/www.descolonizacion.org\/wp-content\/uploads\/2016\/10\/Menu-Objetivos-272x150.jpg"}},"image_meta":{"aperture":"0","credit":"","camera":"","caption":"","created_timestamp":"0","copyright":"","focal_length":"0","iso":"0","shutter_speed":"0","title":"","orientation":"0","keywords":[]},"ID":"3209","name":"Menu-Objetivos.jpg","path":"\/home2\/descolinizacion\/public_html\/wp-content\/uploads\/2016\/10\/Menu-Objetivos.jpg","url":"https:\/\/www.descolonizacion.org\/wp-content\/uploads\/2016\/10\/Menu-Objetivos-150x150.jpg","full_url":"https:\/\/www.descolonizacion.org\/wp-content\/uploads\/2016\/10\/Menu-Objetivos.jpg","title":"menu-objetivos","caption":"","description":"","alt":"descolonizacion","srcset":"https:\/\/www.descolonizacion.org\/wp-content\/uploads\/2016\/10\/Menu-Objetivos-150x150.jpg 150w, https:\/\/www.descolonizacion.org\/wp-content\/uploads\/2016\/10\/Menu-Objetivos-100x100.jpg 100w"}],"imic_pages_select_revolution_from_list":"[rev_slider alias=\\\"home-french\\\"]","imic_pages_select_smart_from_list":"","imic_pages_slider_height":"","imic_pages_slider_image":[],"imic_pages_slider_auto_slide":"yes","imic_pages_slider_speed":"","imic_pages_slider_pagination":"yes","imic_pages_slider_direction_arrows":"yes","imic_pages_slider_effects":"fade","imic_pages_banner_color":"","imic_pages_breadcrumb_show":"","imic_pages_title_show":"","imic_pages_banner_bg_color":"","imic_post_page_custom_title":"","imic_pages_banner_text_color":"","imic_pages_title_alignment":"","imic_page_social_share":"","imic_select_sidebar_from_list":"","imic_select_sidebar_position":"","imic_contact_email":"lolohim@gmail.com","imic_contact_subject":"","imic_our_location_text":"","imic_contact_map_display":"no","imic_contact_map_box_code":"","imic_Choose_slider_display":"0","imic_select_smart_from_list":"","imic_select_revolution_from_list":"[rev_slider alias=\\\"home-french\\\"]","imic_slider_image":[],"imic_slider_auto_slide":"yes","imic_slider_speed":"","imic_slider_pagination":"yes","imic_slider_direction_arrows":"yes","imic_slider_effects":"fade","imic_switch_categories_post":"1","imic_category_to_show_on_home":["59"],"imic_number_of_post_cat":[],"imic_upcoming_area":"1","imic_latest_sermon_events_to_show_on":"letest_event","imic_custom_text_message":"","imic_advanced_event_taxonomy":[],"imic_going_on_events":"1","imic_custom_going_on_events_title":"","imic_advanced_sermons_category":[],"imic_all_event_sermon_url":"","imic_imic_featured_blocks":"1","imic_home_featured_blocks":"","imic_home_row_featured_blocks":[],"imic_home_featured_blocks1":"","imic_home_featured_blocks2":"","imic_home_featured_blocks3":"","imic_imic_upcoming_events":"1","imic_upcoming_event_taxonomy":[],"imic_custom_upcoming_events_title":"","imic_events_to_show_on":"","imic_imic_recent_posts":"1","imic_recent_post_taxonomy":[],"imic_custom_latest_news_title":"","imic_posts_to_show_on":"","imic_recent_posts_rmbutton":"2","imic_recent_posts_rmbutton_text":"","imic_imic_galleries":"1","imic_home_gallery_taxonomy":[],"imic_custom_gallery_title":"","imic_custom_more_galleries_title":"","imic_custom_more_galleries_url":"","imic_galleries_to_show_on":"","imic_galleries_background_image":[],"imic_switch_sermon_album":"1","imic_custom_albums_title":"","imic_number_of_sermon_albums":"","imic_sermon_albums_url":"","imic_gallery_pagination_to_show_on":"","imic_gallery_pagination_columns_layout":"","imic_show_gallery_title":"0","imic_gallery_masonry_to_show_on":"","imic_show_gallery_title_masonry":"0","imic_gallery_filter_columns_layout":"","imic_show_gallery_title_filter":"0","imic_advanced_gallery_taxonomy":[],"imic_advanced_event_list_taxonomy":[],"imic_advanced_post_taxonomy":[],"imic_advanced_blog_taxonomy":[],"imic_staff_to_show_on":"","imic_staff_grid_column":"","imic_advanced_staff_taxonomy":[],"imic_staff_select_orderby":"ID","imic_staff_select_order":"","imic_staff_excerpt_length":"","imic_events_timeline_view":"","imic_event_timeline_per_page":"","imic_blog_masonry_thumbnails":"0","imic_albums_select_orderby":"count","imic_albums_select_order":"ASC","imic_sermon_categories_custom_order":[]},"_links":{"self":[{"href":"https:\/\/www.descolonizacion.org\/pt-br\/wp-json\/wp\/v2\/pages\/3538","targetHints":{"allow":["GET"]}}],"collection":[{"href":"https:\/\/www.descolonizacion.org\/pt-br\/wp-json\/wp\/v2\/pages"}],"about":[{"href":"https:\/\/www.descolonizacion.org\/pt-br\/wp-json\/wp\/v2\/types\/page"}],"author":[{"embeddable":true,"href":"https:\/\/www.descolonizacion.org\/pt-br\/wp-json\/wp\/v2\/users\/1"}],"replies":[{"embeddable":true,"href":"https:\/\/www.descolonizacion.org\/pt-br\/wp-json\/wp\/v2\/comments?post=3538"}],"version-history":[{"count":1,"href":"https:\/\/www.descolonizacion.org\/pt-br\/wp-json\/wp\/v2\/pages\/3538\/revisions"}],"predecessor-version":[{"id":3539,"href":"https:\/\/www.descolonizacion.org\/pt-br\/wp-json\/wp\/v2\/pages\/3538\/revisions\/3539"}],"wp:attachment":[{"href":"https:\/\/www.descolonizacion.org\/pt-br\/wp-json\/wp\/v2\/media?parent=3538"}],"curies":[{"name":"wp","href":"https:\/\/api.w.org\/{rel}","templated":true}]}}