{"id":3402,"date":"2017-09-07T05:58:38","date_gmt":"2017-09-07T10:58:38","guid":{"rendered":"http:\/\/www.descolonizacion.org\/pt-br\/?page_id=3402"},"modified":"2019-03-18T17:41:06","modified_gmt":"2019-03-18T22:41:06","slug":"orgulho-atahualpa","status":"publish","type":"page","link":"https:\/\/www.descolonizacion.org\/pt-br\/orgulho-atahualpa\/","title":{"rendered":"Orgulho Atahualpa"},"content":{"rendered":"<ul>&nbsp;<\/p>\n<h2 ><strong> Orgulho Atahualpa<\/strong><\/h2>\n<p>&nbsp;<\/p>\n<li><a href=\"https:\/\/www.facebook.com\/182439261845828\/videos\/1385048198251589\/?fref=mentions\" target=\"_blank\" class=\"alignright\" rel=\"noopener noreferrer\"><img decoding=\"async\" src=\"http:\/\/www.descolonizacion.org\/wp-content\/uploads\/2017\/09\/atahualpa-challenge.jpg\" alt=\"\" class=\"aligncenter\"\/><\/a><br \/>\n Apoiamos a iniciativa vivificante e ousada <a href=\"https:\/\/www.facebook.com\/hashtag\/atahualpachallenge?source=feed_text&#038;story_id=1385048198251589\" target=\"_blank\" rel=\"noopener noreferrer\">#ATAHUALPACHALLENGE<\/a> (desafio Atahualpa) que n\u00f3s promoveremos em todo o continente, sem \u00f3dio anticrist\u00e3o, mais com o fim de relembrar a dimens\u00e3o colonialista desta religi\u00e3o que foi imposta pela espada. <\/p>\n<p>Se os princ\u00edpios crist\u00e3os de amor, compaix\u00e3o, igualdade e universalismo s\u00e3o incontestavelmente ben\u00e9ficos para o progresso do homem, a Igreja n\u00e3o esteve \u00e0 altura da sua transmiss\u00e3o aos povos da Terra. <!--more--><br \/>&nbsp;<\/p>\n<p>Por isso apelamos a uma reforma do cristianismo a um cristianismo sem obscurantismo, nem clero, nem pecado, nem culpa, nem sangue e crueldades. Este neocristianismo poderia bem surgir neste continente, indo mais longe que o caminho indicado pela teologia da liberta\u00e7\u00e3o, e para os restantes que seja o ate\u00edsmo, os cultos pr\u00e9-colombianos ou de matriz africana importados, ou o raelianismo que os inspire e nutra as suas vidas interiores e a espiritualidade imprescind\u00edvel ao florescimento da exist\u00eancia humana individual e coletiva.<\/p>\n<p>Por conseguinte convidamos todos os que desejem a liberta\u00e7\u00e3o e a emancipa\u00e7\u00e3o deste continente, que atirem a B\u00edblia da mesma forma que fez o Inca Atahualpa e que o filmem como o fizeram os cidad\u00e3os audazes que aparecem nos v\u00eddeos que ainda n\u00e3o foram censurados pelas redes sociais sob as m\u00e3os dos ianques, os novos imperialistas. N\u00e3o baixemos a guarda, em particular agora que os seus pastores contaminam com a dem\u00eancia pentecotista os povos de Abya Yala.<\/p>\n<p><strong> Resistamos! E at\u00e9 \u00e0 vit\u00f3ria sempre! <\/strong><\/li>\n<p>&nbsp;<\/p>\n<p>&nbsp;<\/p>\n<li style=\"display: inline; text-align:center;\">\n<h5><iframe class=\"aligncenter\" width=\"560\" height=\"315\" src=\"https:\/\/www.youtube.com\/embed\/YFm4XcRW__s\" frameborder=\"0\" allow=\"accelerometer; autoplay; encrypted-media; gyroscope; picture-in-picture\" allowfullscreen><\/iframe><strong>Homenagem a Atahualpa, Col\u00f4mbia<\/strong><\/h5>\n<\/li>\n<p>&nbsp;<\/p>\n<\/ul>\n<p>&nbsp;&nbsp;<br \/>&nbsp;<\/p>\n<p>&nbsp;<\/p>\n","protected":false},"excerpt":{"rendered":"<p>&nbsp; Orgulho Atahualpa &nbsp; Apoiamos a iniciativa vivificante e ousada #ATAHUALPACHALLENGE (desafio Atahualpa) que n\u00f3s promoveremos em todo o continente, sem \u00f3dio anticrist\u00e3o, mais com [&hellip;]<\/p>\n","protected":false},"author":1,"featured_media":3394,"parent":0,"menu_order":0,"comment_status":"closed","ping_status":"closed","template":"","meta":{"footnotes":""},"class_list":["post-3402","page","type-page","status-publish","has-post-thumbnail","hentry"],"meta_box":{"imic_strict_no_header":"","imic_page_topbar_show":"","imic_page_specific_header":"","imic_page_logo_image":[],"imic_page_retina_logo_image":[],"imic_page_retina_logo_image_width":"","imic_page_retina_logo_image_height":"","imic_page_layout":"","imic_content_width":"","imic_content_padding_top":"","imic_content_padding_bottom":"","imic_pages_body_bg_color":"","imic_pages_body_bg_image":[],"imic_pages_body_bg_wide":"","imic_pages_body_bg_repeat":"","imic_pages_content_bg_color":"","imic_pages_content_bg_image":[],"imic_pages_content_bg_wide":"","imic_pages_content_bg_repeat":"","imic_page_header_show":"","imic_pages_Choose_slider_display":"0","imic_header_image":[{"width":150,"height":150,"file":"2017\/09\/AC\u0327O\u0303ES.jpg","filesize":78509,"sizes":{"woocommerce_thumbnail":{"file":"AC\u0327O\u0303ES-300x150.jpg","width":300,"height":150,"mime-type":"image\/jpeg","filesize":15771,"uncropped":false,"url":"https:\/\/www.descolonizacion.org\/wp-content\/uploads\/2017\/09\/AC\u0327O\u0303ES-300x150.jpg"},"woocommerce_gallery_thumbnail":{"file":"AC\u0327O\u0303ES-100x100.jpg","width":100,"height":100,"mime-type":"image\/jpeg","filesize":3484,"url":"https:\/\/www.descolonizacion.org\/wp-content\/uploads\/2017\/09\/AC\u0327O\u0303ES-100x100.jpg"},"woocommerce_single":{"file":"AC\u0327O\u0303ES-600x82.jpg","width":600,"height":82,"mime-type":"image\/jpeg","filesize":16123,"url":"https:\/\/www.descolonizacion.org\/wp-content\/uploads\/2017\/09\/AC\u0327O\u0303ES-600x82.jpg"},"thumbnail":{"file":"AC\u0327O\u0303ES-150x150.jpg","width":150,"height":150,"mime-type":"image\/jpeg","url":"https:\/\/www.descolonizacion.org\/wp-content\/uploads\/2017\/09\/AC\u0327O\u0303ES-150x150.jpg"},"medium":{"file":"AC\u0327O\u0303ES-300x41.jpg","width":300,"height":41,"mime-type":"image\/jpeg","url":"https:\/\/www.descolonizacion.org\/wp-content\/uploads\/2017\/09\/AC\u0327O\u0303ES-300x41.jpg"},"medium_large":{"file":"AC\u0327O\u0303ES-768x105.jpg","width":768,"height":105,"mime-type":"image\/jpeg","url":"https:\/\/www.descolonizacion.org\/wp-content\/uploads\/2017\/09\/AC\u0327O\u0303ES-768x105.jpg"},"large":{"file":"AC\u0327O\u0303ES-1024x140.jpg","width":1024,"height":140,"mime-type":"image\/jpeg","url":"https:\/\/www.descolonizacion.org\/wp-content\/uploads\/2017\/09\/AC\u0327O\u0303ES-1024x140.jpg"},"post-thumbnail":{"file":"AC\u0327O\u0303ES-958x131.jpg","width":958,"height":131,"mime-type":"image\/jpeg","url":"https:\/\/www.descolonizacion.org\/wp-content\/uploads\/2017\/09\/AC\u0327O\u0303ES-958x131.jpg"},"600x400":{"file":"AC\u0327O\u0303ES-600x150.jpg","width":600,"height":150,"mime-type":"image\/jpeg","url":"https:\/\/www.descolonizacion.org\/wp-content\/uploads\/2017\/09\/AC\u0327O\u0303ES-600x150.jpg"},"1000x800":{"file":"AC\u0327O\u0303ES-1000x150.jpg","width":1000,"height":150,"mime-type":"image\/jpeg","url":"https:\/\/www.descolonizacion.org\/wp-content\/uploads\/2017\/09\/AC\u0327O\u0303ES-1000x150.jpg"},"sow-carousel-default":{"file":"AC\u0327O\u0303ES-272x150.jpg","width":272,"height":150,"mime-type":"image\/jpeg","url":"https:\/\/www.descolonizacion.org\/wp-content\/uploads\/2017\/09\/AC\u0327O\u0303ES-272x150.jpg"}},"image_meta":{"aperture":"0","credit":"","camera":"","caption":"","created_timestamp":"0","copyright":"","focal_length":"0","iso":"0","shutter_speed":"0","title":"","orientation":"0","keywords":[]},"ID":"3419","name":"AC\u0327O\u0303ES.jpg","path":"\/home2\/descolinizacion\/public_html\/wp-content\/uploads\/2017\/09\/AC\u0327O\u0303ES.jpg","url":"https:\/\/www.descolonizacion.org\/wp-content\/uploads\/2017\/09\/AC\u0327O\u0303ES-150x150.jpg","full_url":"https:\/\/www.descolonizacion.org\/wp-content\/uploads\/2017\/09\/AC\u0327O\u0303ES.jpg","title":"AC\u0327O\u0303ES","caption":"","description":"","alt":"","srcset":"https:\/\/www.descolonizacion.org\/wp-content\/uploads\/2017\/09\/AC\u0327O\u0303ES-150x150.jpg 150w, https:\/\/www.descolonizacion.org\/wp-content\/uploads\/2017\/09\/AC\u0327O\u0303ES-100x100.jpg 100w"}],"imic_pages_select_revolution_from_list":"[rev_slider alias=\\\"home-french\\\"]","imic_pages_select_smart_from_list":"","imic_pages_slider_height":"","imic_pages_slider_image":[],"imic_pages_slider_auto_slide":"yes","imic_pages_slider_speed":"","imic_pages_slider_pagination":"yes","imic_pages_slider_direction_arrows":"yes","imic_pages_slider_effects":"fade","imic_pages_banner_color":"","imic_pages_breadcrumb_show":"","imic_pages_title_show":"","imic_pages_banner_bg_color":"","imic_post_page_custom_title":"","imic_pages_banner_text_color":"","imic_pages_title_alignment":"","imic_page_social_share":"","imic_select_sidebar_from_list":"","imic_select_sidebar_position":"","imic_contact_email":"lolohim@gmail.com","imic_contact_subject":"","imic_our_location_text":"","imic_contact_map_display":"no","imic_contact_map_box_code":"","imic_Choose_slider_display":"0","imic_select_smart_from_list":"","imic_select_revolution_from_list":"[rev_slider alias=\\\"home-french\\\"]","imic_slider_image":[],"imic_slider_auto_slide":"yes","imic_slider_speed":"","imic_slider_pagination":"yes","imic_slider_direction_arrows":"yes","imic_slider_effects":"fade","imic_switch_categories_post":"1","imic_category_to_show_on_home":["59"],"imic_number_of_post_cat":[],"imic_upcoming_area":"1","imic_latest_sermon_events_to_show_on":"letest_event","imic_custom_text_message":"","imic_advanced_event_taxonomy":[],"imic_going_on_events":"1","imic_custom_going_on_events_title":"","imic_advanced_sermons_category":[],"imic_all_event_sermon_url":"","imic_imic_featured_blocks":"1","imic_home_featured_blocks":"","imic_home_row_featured_blocks":[],"imic_home_featured_blocks1":"","imic_home_featured_blocks2":"","imic_home_featured_blocks3":"","imic_imic_upcoming_events":"1","imic_upcoming_event_taxonomy":[],"imic_custom_upcoming_events_title":"","imic_events_to_show_on":"","imic_imic_recent_posts":"1","imic_recent_post_taxonomy":[],"imic_custom_latest_news_title":"","imic_posts_to_show_on":"","imic_recent_posts_rmbutton":"2","imic_recent_posts_rmbutton_text":"","imic_imic_galleries":"1","imic_home_gallery_taxonomy":[],"imic_custom_gallery_title":"","imic_custom_more_galleries_title":"","imic_custom_more_galleries_url":"","imic_galleries_to_show_on":"","imic_galleries_background_image":[],"imic_switch_sermon_album":"1","imic_custom_albums_title":"","imic_number_of_sermon_albums":"","imic_sermon_albums_url":"","imic_gallery_pagination_to_show_on":"","imic_gallery_pagination_columns_layout":"","imic_show_gallery_title":"0","imic_gallery_masonry_to_show_on":"","imic_show_gallery_title_masonry":"0","imic_gallery_filter_columns_layout":"","imic_show_gallery_title_filter":"0","imic_advanced_gallery_taxonomy":[],"imic_advanced_event_list_taxonomy":[],"imic_advanced_post_taxonomy":[],"imic_advanced_blog_taxonomy":[],"imic_staff_to_show_on":"","imic_staff_grid_column":"","imic_advanced_staff_taxonomy":[],"imic_staff_select_orderby":"ID","imic_staff_select_order":"","imic_staff_excerpt_length":"","imic_events_timeline_view":"","imic_event_timeline_per_page":"","imic_blog_masonry_thumbnails":"0","imic_albums_select_orderby":"count","imic_albums_select_order":"ASC","imic_sermon_categories_custom_order":[]},"_links":{"self":[{"href":"https:\/\/www.descolonizacion.org\/pt-br\/wp-json\/wp\/v2\/pages\/3402","targetHints":{"allow":["GET"]}}],"collection":[{"href":"https:\/\/www.descolonizacion.org\/pt-br\/wp-json\/wp\/v2\/pages"}],"about":[{"href":"https:\/\/www.descolonizacion.org\/pt-br\/wp-json\/wp\/v2\/types\/page"}],"author":[{"embeddable":true,"href":"https:\/\/www.descolonizacion.org\/pt-br\/wp-json\/wp\/v2\/users\/1"}],"replies":[{"embeddable":true,"href":"https:\/\/www.descolonizacion.org\/pt-br\/wp-json\/wp\/v2\/comments?post=3402"}],"version-history":[{"count":5,"href":"https:\/\/www.descolonizacion.org\/pt-br\/wp-json\/wp\/v2\/pages\/3402\/revisions"}],"predecessor-version":[{"id":3650,"href":"https:\/\/www.descolonizacion.org\/pt-br\/wp-json\/wp\/v2\/pages\/3402\/revisions\/3650"}],"wp:featuredmedia":[{"embeddable":true,"href":"https:\/\/www.descolonizacion.org\/pt-br\/wp-json\/wp\/v2\/media\/3394"}],"wp:attachment":[{"href":"https:\/\/www.descolonizacion.org\/pt-br\/wp-json\/wp\/v2\/media?parent=3402"}],"curies":[{"name":"wp","href":"https:\/\/api.w.org\/{rel}","templated":true}]}}