{"id":1730,"date":"2016-09-23T04:13:56","date_gmt":"2016-09-23T09:13:56","guid":{"rendered":"http:\/\/www.descolonizacion.org\/pt-br\/?page_id=1730"},"modified":"2017-01-15T12:43:20","modified_gmt":"2017-01-15T17:43:20","slug":"descolonizacao-radical","status":"publish","type":"page","link":"https:\/\/www.descolonizacion.org\/pt-br\/descolonizacao-radical\/","title":{"rendered":"Descoloniza\u00e7\u00e3o Radical"},"content":{"rendered":"<h2>Descolonizaci\u00f3n toma a via da radicalidade, ou seja, da resolu\u00e7\u00e3o dos problemas pela raiz<\/h2>\n<ul>\n<ul>\n<li><img decoding=\"async\" class=\"alignleft\" src=\"http:\/\/www.descolonizacion.org\/wp-content\/uploads\/2016\/10\/Descolonizacion-Logo-Separate-b-260.png\" alt=\"Decolonizacion\" \/>N\u00e3o se pode verdadeiramente resolver nada sem que se v\u00e1 at\u00e9 \u00e0 raiz do problema, onde se encontra a causa primeira, sobre a qual se desencadeiam de seguida os efeitos e causas secund\u00e1rias que depender\u00e3o inelutavelmente dela, por mais longe que pare\u00e7am para quem olha com menos cuidado. Mas n\u00f3s temos cuidado, raz\u00e3o pela qual nos negamos a incluir-nos no ins\u00edpido \u00e2mbito que circunda o ser contempor\u00e2neo e que co\u00edbe a contempla\u00e7\u00e3o das causas profundas, que afasta toda a compreens\u00e3o verdadeira, sintoma, entre v\u00e1rios, da civiliza\u00e7\u00e3o das massas que adormece a sociedade no leito do abandono e ilusiona os seus integrantes com propostas sonsas e autossatisfa\u00e7\u00f5es narcisistas, o que serve, obviamente, os interesses de l\u00fagubres e \u00e1vidos poderes. <!--more--><\/li>\n<\/ul>\n<\/ul>\n<p>&nbsp;<\/p>\n<ul>\n<ul>\n<li>Mas em nenhum momento se deve enfrentar o mundo tal como est\u00e1, e isso significa que nos afastemos dos caminhos despistados que nos prop\u00f5e a disneylandiza\u00e7\u00e3o das na\u00e7\u00f5es e grupos humanos.<\/li>\n<\/ul>\n<\/ul>\n<p>&nbsp;<\/p>\n<ul>\n<ul>\n<li><strong>Descolonizacion<\/strong> toma o firme partido da radicalidade, o que significa que aborda o problema de frente e sem rodeios. N\u00e3o h\u00e1 mais lugar para tepidez e cobardia quando o abismo despeda\u00e7a o solo debaixo dos p\u00e9s dos povos!<\/li>\n<\/ul>\n<\/ul>\n<p>&nbsp;<\/p>\n<ul>\n<ul>\n<li><img decoding=\"async\" class=\"alignleft\" src=\"http:\/\/www.descolonizacion.org\/wp-content\/uploads\/2016\/09\/cribar-2.jpg\" alt=\"filtrer filter cribar\" \/> Devemos come\u00e7ar do zero, ou melhor dito, de onde come\u00e7ou a desloca\u00e7\u00e3o do continente, talvez antes da chegada dos europeus, se bem que a parte que nos corresponde \u00e9 a que inaugurou o 12 de outubro de 1492. Devemos considerar tudo: a religi\u00e3o, a cultura, a l\u00edngua, a organiza\u00e7\u00e3o do trabalho, a rela\u00e7\u00e3o \u00e0 propriedade, a sexualidade, a amizade, a fam\u00edlia, a casa, a agricultura&#8230; tudo o que entra na constitui\u00e7\u00e3o de um povo. O que \u00e9 genu\u00edno? O que vem de fora? A seguir se decidir\u00e1 o que deve ser expurgado e o que fica.<\/li>\n<\/ul>\n<\/ul>\n<p>&nbsp;<\/p>\n<ul>\n<ul>\n<li><img decoding=\"async\" class=\"alignright\" src=\"http:\/\/www.descolonizacion.org\/wp-content\/uploads\/2016\/09\/ipanema-beach-99388_1280-copy.jpg\" alt=\"Abondance Abundancy opulencia abundancia Eldorado\" \/><br \/>\n<h5>A descoloniza\u00e7\u00e3o radical abrir\u00e1 as portas de um aut\u00eantico Eldorado:<br \/>\nUma verdadeira paz e prosperidade.<\/h5>\n<p>Esta colossal obra de <strong>descoloniza\u00e7\u00e3o radical<\/strong> oferecer\u00e1 uma nova vida ao continente, o esvaziar\u00e1 para o encher de novo, assim como a grande limpeza a que os camponeses se dedicam uma vez por ano: tiram tudo dos seus lares, matam os parasitas, lavam as roupas, despejam o s\u00f3t\u00e3o ou armaz\u00e9m, extraem as camas e colch\u00f5es onde os percevejos e outros insetos desagrad\u00e1veis fizeram os seus ninhos, e depois de tr\u00eas dias de limpeza, voltam a colocar tudo, exceto os m\u00f3veis cambaleantes e objetos in\u00fateis que ser\u00e3o deitados fora para que nunca mais voltem. Pertencer\u00e3o ent\u00e3o ao passado, o verdadeiro passado, que significa que n\u00e3o impacta mais o presente.<\/li>\n<\/ul>\n<\/ul>\n<p>&nbsp;<\/p>\n<ul>\n<ul>\n<blockquote>\n<li>Fa\u00e7amos esta grande limpeza!<br \/>\nA luta ser\u00e1 acerba j\u00e1 que cinco s\u00e9culos de coloniza\u00e7\u00e3o n\u00e3o se limpam num par de dias. Depois aparecer\u00e1 o Eldorado, n\u00e3o uma cidade de ouro mas um continente de paz, de verdadeira e duradoura paz e isso \u00e9 mais valioso que todo o ouro do mundo.<\/li>\n<li><\/li>\n<\/blockquote>\n<\/ul>\n<\/ul>\n<p>&nbsp;<\/p>\n","protected":false},"excerpt":{"rendered":"<p>Descolonizaci\u00f3n toma a via da radicalidade, ou seja, da resolu\u00e7\u00e3o dos problemas pela raiz N\u00e3o se pode verdadeiramente resolver nada sem que se v\u00e1 at\u00e9 [&hellip;]<\/p>\n","protected":false},"author":1,"featured_media":0,"parent":0,"menu_order":0,"comment_status":"closed","ping_status":"closed","template":"","meta":{"footnotes":""},"class_list":["post-1730","page","type-page","status-publish","hentry"],"meta_box":{"imic_strict_no_header":"","imic_page_topbar_show":"","imic_page_specific_header":"","imic_page_logo_image":[],"imic_page_retina_logo_image":[],"imic_page_retina_logo_image_width":"","imic_page_retina_logo_image_height":"","imic_page_layout":"","imic_content_width":"","imic_content_padding_top":"","imic_content_padding_bottom":"","imic_pages_body_bg_color":"","imic_pages_body_bg_image":[],"imic_pages_body_bg_wide":"","imic_pages_body_bg_repeat":"","imic_pages_content_bg_color":"","imic_pages_content_bg_image":[],"imic_pages_content_bg_wide":"","imic_pages_content_bg_repeat":"","imic_page_header_show":"","imic_pages_Choose_slider_display":"0","imic_header_image":[{"width":150,"height":150,"file":"2016\/10\/Menu-Objetivos.jpg","filesize":77658,"sizes":{"woocommerce_thumbnail":{"file":"Menu-Objetivos-300x150.jpg","width":300,"height":150,"mime-type":"image\/jpeg","filesize":15471,"uncropped":false,"url":"https:\/\/www.descolonizacion.org\/wp-content\/uploads\/2016\/10\/Menu-Objetivos-300x150.jpg"},"woocommerce_gallery_thumbnail":{"file":"Menu-Objetivos-100x100.jpg","width":100,"height":100,"mime-type":"image\/jpeg","filesize":3438,"url":"https:\/\/www.descolonizacion.org\/wp-content\/uploads\/2016\/10\/Menu-Objetivos-100x100.jpg"},"woocommerce_single":{"file":"Menu-Objetivos-600x82.jpg","width":600,"height":82,"mime-type":"image\/jpeg","filesize":16160,"url":"https:\/\/www.descolonizacion.org\/wp-content\/uploads\/2016\/10\/Menu-Objetivos-600x82.jpg"},"thumbnail":{"file":"Menu-Objetivos-150x150.jpg","width":150,"height":150,"mime-type":"image\/jpeg","url":"https:\/\/www.descolonizacion.org\/wp-content\/uploads\/2016\/10\/Menu-Objetivos-150x150.jpg"},"medium":{"file":"Menu-Objetivos-300x41.jpg","width":300,"height":41,"mime-type":"image\/jpeg","url":"https:\/\/www.descolonizacion.org\/wp-content\/uploads\/2016\/10\/Menu-Objetivos-300x41.jpg"},"medium_large":{"file":"Menu-Objetivos-768x105.jpg","width":768,"height":105,"mime-type":"image\/jpeg","url":"https:\/\/www.descolonizacion.org\/wp-content\/uploads\/2016\/10\/Menu-Objetivos-768x105.jpg"},"large":{"file":"Menu-Objetivos-1024x140.jpg","width":1024,"height":140,"mime-type":"image\/jpeg","url":"https:\/\/www.descolonizacion.org\/wp-content\/uploads\/2016\/10\/Menu-Objetivos-1024x140.jpg"},"post-thumbnail":{"file":"Menu-Objetivos-958x131.jpg","width":958,"height":131,"mime-type":"image\/jpeg","url":"https:\/\/www.descolonizacion.org\/wp-content\/uploads\/2016\/10\/Menu-Objetivos-958x131.jpg"},"600x400":{"file":"Menu-Objetivos-600x150.jpg","width":600,"height":150,"mime-type":"image\/jpeg","url":"https:\/\/www.descolonizacion.org\/wp-content\/uploads\/2016\/10\/Menu-Objetivos-600x150.jpg"},"1000x800":{"file":"Menu-Objetivos-1000x150.jpg","width":1000,"height":150,"mime-type":"image\/jpeg","url":"https:\/\/www.descolonizacion.org\/wp-content\/uploads\/2016\/10\/Menu-Objetivos-1000x150.jpg"},"sow-carousel-default":{"file":"Menu-Objetivos-272x150.jpg","width":272,"height":150,"mime-type":"image\/jpeg","url":"https:\/\/www.descolonizacion.org\/wp-content\/uploads\/2016\/10\/Menu-Objetivos-272x150.jpg"}},"image_meta":{"aperture":"0","credit":"","camera":"","caption":"","created_timestamp":"0","copyright":"","focal_length":"0","iso":"0","shutter_speed":"0","title":"","orientation":"0","keywords":[]},"ID":"3209","name":"Menu-Objetivos.jpg","path":"\/home2\/descolinizacion\/public_html\/wp-content\/uploads\/2016\/10\/Menu-Objetivos.jpg","url":"https:\/\/www.descolonizacion.org\/wp-content\/uploads\/2016\/10\/Menu-Objetivos-150x150.jpg","full_url":"https:\/\/www.descolonizacion.org\/wp-content\/uploads\/2016\/10\/Menu-Objetivos.jpg","title":"menu-objetivos","caption":"","description":"","alt":"descolonizacion","srcset":"https:\/\/www.descolonizacion.org\/wp-content\/uploads\/2016\/10\/Menu-Objetivos-150x150.jpg 150w, https:\/\/www.descolonizacion.org\/wp-content\/uploads\/2016\/10\/Menu-Objetivos-100x100.jpg 100w"}],"imic_pages_select_revolution_from_list":"[rev_slider alias=\\\"home-french\\\"]","imic_pages_select_smart_from_list":"","imic_pages_slider_height":"","imic_pages_slider_image":[],"imic_pages_slider_auto_slide":"yes","imic_pages_slider_speed":"","imic_pages_slider_pagination":"yes","imic_pages_slider_direction_arrows":"yes","imic_pages_slider_effects":"fade","imic_pages_banner_color":"","imic_pages_breadcrumb_show":"","imic_pages_title_show":"","imic_pages_banner_bg_color":"","imic_post_page_custom_title":"","imic_pages_banner_text_color":"","imic_pages_title_alignment":"","imic_page_social_share":"","imic_select_sidebar_from_list":"","imic_select_sidebar_position":"","imic_contact_email":"lolohim@gmail.com","imic_contact_subject":"","imic_our_location_text":"","imic_contact_map_display":"no","imic_contact_map_box_code":"","imic_Choose_slider_display":"0","imic_select_smart_from_list":"","imic_select_revolution_from_list":"[rev_slider alias=\\\"home-french\\\"]","imic_slider_image":[],"imic_slider_auto_slide":"yes","imic_slider_speed":"","imic_slider_pagination":"yes","imic_slider_direction_arrows":"yes","imic_slider_effects":"fade","imic_switch_categories_post":"1","imic_category_to_show_on_home":["59"],"imic_number_of_post_cat":[],"imic_upcoming_area":"1","imic_latest_sermon_events_to_show_on":"letest_event","imic_custom_text_message":"","imic_advanced_event_taxonomy":[],"imic_going_on_events":"1","imic_custom_going_on_events_title":"","imic_advanced_sermons_category":[],"imic_all_event_sermon_url":"","imic_imic_featured_blocks":"1","imic_home_featured_blocks":"","imic_home_row_featured_blocks":[],"imic_home_featured_blocks1":"","imic_home_featured_blocks2":"","imic_home_featured_blocks3":"","imic_imic_upcoming_events":"1","imic_upcoming_event_taxonomy":[],"imic_custom_upcoming_events_title":"","imic_events_to_show_on":"","imic_imic_recent_posts":"1","imic_recent_post_taxonomy":[],"imic_custom_latest_news_title":"","imic_posts_to_show_on":"","imic_recent_posts_rmbutton":"2","imic_recent_posts_rmbutton_text":"","imic_imic_galleries":"1","imic_home_gallery_taxonomy":[],"imic_custom_gallery_title":"","imic_custom_more_galleries_title":"","imic_custom_more_galleries_url":"","imic_galleries_to_show_on":"","imic_galleries_background_image":[],"imic_switch_sermon_album":"1","imic_custom_albums_title":"","imic_number_of_sermon_albums":"","imic_sermon_albums_url":"","imic_gallery_pagination_to_show_on":"","imic_gallery_pagination_columns_layout":"","imic_show_gallery_title":"0","imic_gallery_masonry_to_show_on":"","imic_show_gallery_title_masonry":"0","imic_gallery_filter_columns_layout":"","imic_show_gallery_title_filter":"0","imic_advanced_gallery_taxonomy":[],"imic_advanced_event_list_taxonomy":[],"imic_advanced_post_taxonomy":[],"imic_advanced_blog_taxonomy":[],"imic_staff_to_show_on":"","imic_staff_grid_column":"","imic_advanced_staff_taxonomy":[],"imic_staff_select_orderby":"ID","imic_staff_select_order":"","imic_staff_excerpt_length":"","imic_events_timeline_view":"","imic_event_timeline_per_page":"","imic_blog_masonry_thumbnails":"0","imic_albums_select_orderby":"count","imic_albums_select_order":"ASC","imic_sermon_categories_custom_order":[]},"_links":{"self":[{"href":"https:\/\/www.descolonizacion.org\/pt-br\/wp-json\/wp\/v2\/pages\/1730","targetHints":{"allow":["GET"]}}],"collection":[{"href":"https:\/\/www.descolonizacion.org\/pt-br\/wp-json\/wp\/v2\/pages"}],"about":[{"href":"https:\/\/www.descolonizacion.org\/pt-br\/wp-json\/wp\/v2\/types\/page"}],"author":[{"embeddable":true,"href":"https:\/\/www.descolonizacion.org\/pt-br\/wp-json\/wp\/v2\/users\/1"}],"replies":[{"embeddable":true,"href":"https:\/\/www.descolonizacion.org\/pt-br\/wp-json\/wp\/v2\/comments?post=1730"}],"version-history":[{"count":5,"href":"https:\/\/www.descolonizacion.org\/pt-br\/wp-json\/wp\/v2\/pages\/1730\/revisions"}],"predecessor-version":[{"id":3311,"href":"https:\/\/www.descolonizacion.org\/pt-br\/wp-json\/wp\/v2\/pages\/1730\/revisions\/3311"}],"wp:attachment":[{"href":"https:\/\/www.descolonizacion.org\/pt-br\/wp-json\/wp\/v2\/media?parent=1730"}],"curies":[{"name":"wp","href":"https:\/\/api.w.org\/{rel}","templated":true}]}}