{"id":1594,"date":"2016-09-17T21:45:09","date_gmt":"2016-09-18T02:45:09","guid":{"rendered":"http:\/\/www.descolonizacion.org\/pt-br\/?page_id=1594"},"modified":"2017-09-07T06:21:02","modified_gmt":"2017-09-07T11:21:02","slug":"contacto","status":"publish","type":"page","link":"https:\/\/www.descolonizacion.org\/pt-br\/contacto\/","title":{"rendered":"Contacto"},"content":{"rendered":"\n\n<!-- Fast Secure Contact Form plugin 4.0.52 - begin - FastSecureContactForm.com -->\r\n<div style=\"clear:both;\"><\/div>\n<p>Por favor, preencha este formul\u00e1rio e n\u00f3s contact\u00e1-lo-emos.<\/p>\r\n<div id=\"FSContact4\" style=\"width:99%; max-width:555px;\">\r\n<form action=\"https:\/\/www.descolonizacion.org\/pt-br\/wp-json\/wp\/v2\/pages\/1594#FSContact4\" id=\"fscf_form4\" method=\"post\">\r\n\n<div id=\"fscf_required4\">\n  <span style=\"text-align:left;\">*<\/span> <span style=\"text-align:left;\">campos obrigat\u00f3rios<\/span>\n<\/div>\n\n\n<div id=\"fscf_div_clear4_0\" style=\"clear:both;\">\n  <div id=\"fscf_div_field4_0\" style=\"clear:left; float:left; width:99%; max-width:550px; margin-right:10px;\">\n    <div  id=\"fscf_label4_0\" style=\"text-align:left; padding-top:5px;\">\n    <\/div>\r\n    <div style=\"text-align:left; padding-top:5px;\">\n    <\/div>\r\n    <div style=\"text-align:left;\">\r\n      <input style=\"text-align:left; margin:0; width:99%; max-width:370px;\" type=\"text\" id=\"fscf_name4\" name=\"full_name\" value=\"\"  readonly=\"readonly\" placeholder=\"Nome completo\" \/>\r\n    <\/div>\r\n  <\/div>\n<\/div>\n\n<div id=\"fscf_div_clear4_1\" style=\"clear:both;\">\n  <div id=\"fscf_div_field4_1\" style=\"clear:left; float:left; width:99%; max-width:550px; margin-right:10px;\">\n    <div  id=\"fscf_label4_1\" style=\"text-align:left; padding-top:5px;\">\n    <\/div>\n    <div style=\"text-align:left; padding-top:5px;\">\n    <\/div>\n    <div style=\"text-align:left;\">\n      <input style=\"text-align:left; margin:0; width:99%; max-width:370px;\" type=\"text\" id=\"fscf_email4\" name=\"email\" value=\"\"  readonly=\"readonly\" placeholder=\"Endere\u00e7o de email\" \/>\n    <\/div>\n  <\/div>\n<\/div>\n\n<div id=\"fscf_div_clear4_3\" style=\"clear:both;\">\n  <div id=\"fscf_div_field4_3\" style=\"clear:left; float:left; width:99%; max-width:550px; margin-right:10px;\">\n    <div  id=\"fscf_label4_3\" style=\"text-align:left; padding-top:5px;\">\n    <\/div>\n    <div style=\"text-align:left; padding-top:5px;\">\n    <\/div>\n    <div style=\"text-align:left;\">\n      <textarea style=\"text-align:left; margin:0; width:99%; max-width:370px; height:170px;\" id=\"fscf_field4_3\" name=\"message\" cols=\"30\" rows=\"10\"  placeholder=\"Mensagem\"><\/textarea>\n    <\/div>\n  <\/div>\n<\/div>\r\n<div style=\"clear:both;\"><\/div>\n\n<div style=\"text-align:left; padding-top:5px;\">\n<\/div>\n<div id=\"fscf_captcha_image_div4\" style=\"width:250px; height:65px; padding-top:2px;\">\n      <img decoding=\"async\" id=\"fscf_captcha_image4\" style=\"border-style:none; margin:0; padding:0px; padding-right:5px; float:left;\" src=\"https:\/\/www.descolonizacion.org\/wp-content\/plugins\/si-contact-form\/captcha\/securimage_show.php?prefix=ZK937AQWzMWIblTu\" width=\"175\" height=\"60\" alt=\"CAPTCHA\" title=\"CAPTCHA\" \/>\n      <input id=\"fscf_captcha_prefix4\" type=\"hidden\" name=\"fscf_captcha_prefix4\" value=\"ZK937AQWzMWIblTu\" \/>\n     <div id=\"fscf_captcha_refresh4\">\n        <a href=\"#\" rel=\"nofollow\" title=\"Refresh\" onclick=\"fscf_captcha_refresh('4','\/wp-content\/plugins\/si-contact-form\/captcha','https:\/\/www.descolonizacion.org\/wp-content\/plugins\/si-contact-form\/captcha\/securimage_show.php?prefix='); return false;\">\n        <img decoding=\"async\" src=\"https:\/\/www.descolonizacion.org\/wp-content\/plugins\/si-contact-form\/captcha\/images\/refresh.png\" width=\"22\" height=\"20\" alt=\"Refresh\" style=\"border-style:none; margin:0; padding:0px; vertical-align:bottom;\" onclick=\"this.blur();\" \/><\/a>\r\n     <\/div>\r\n<\/div>\r\n\r\n<div id=\"fscf_captcha_field4\" style=\"text-align:left; padding-top:5px;\">\r\n     <label style=\"text-align:left;\" for=\"fscf_captcha_code4\">CAPTCHA Code:<span style=\"text-align:left;\">*<\/span><\/label>\r\n<\/div>\r\n<div style=\"text-align:left;\">\n     <input style=\"text-align:left; margin:0; width:50px;\" type=\"text\" value=\"\" autocomplete=\"off\" id=\"fscf_captcha_code4\" name=\"captcha_code\"  \/>\n<\/div>\n\n<div id=\"fscf_submit_div4\" style=\"text-align:left; clear:both; padding-top:15px;\">\r\n\t\t<input type=\"submit\" id=\"fscf_submit4\" style=\"cursor:pointer; margin:0;\" value=\"SUBMETER\"  onclick=\"this.disabled=true; this.value='Submitting...'; this.form.submit();\" \/> \n<\/div>\n\n<input type=\"hidden\" name=\"fscf_submitted\" value=\"0\" \/>\n<input type=\"hidden\" name=\"fs_postonce_4\" value=\"a25fc9d3f51a516594b4e492b6eba93f,1777549173\" \/>\n<input type=\"hidden\" name=\"si_contact_action\" value=\"send\" \/>\n<input type=\"hidden\" name=\"form_id\" value=\"4\" \/>\n<input type=\"hidden\" name=\"mailto_id\" value=\"1\" \/>\n\n<\/form>\n<\/div>\r\n<div style=\"clear:both;\"><\/div>\n\r\n<style type=\"text\/css\">\r\n\r\n\/* Placeholder Style - WebKit browsers - Safari, Chrome *\/\r\n::-webkit-input-placeholder { opacity:0.6; color:#333333; }\r\n\r\n\/* Placeholder Style - Mozilla Firefox 4 - 18 *\/\r\n:-moz-placeholder { opacity:0.6; color:#333333; }\r\n\r\n\/* Placeholder Style - Mozilla Firefox 19+ *\/\r\n::-moz-placeholder { opacity:0.6; color:#333333; }\r\n\r\n\/* Placeholder Style - Internet Explorer 10+ *\/\r\n:-ms-input-placeholder { opacity:0.6; color:#333333; }\r\n\r\n<\/style>\r\n\n<!-- Fast Secure Contact Form plugin 4.0.52 - end - FastSecureContactForm.com -->\n\n","protected":false},"excerpt":{"rendered":"","protected":false},"author":1,"featured_media":0,"parent":0,"menu_order":0,"comment_status":"closed","ping_status":"closed","template":"","meta":{"footnotes":""},"class_list":["post-1594","page","type-page","status-publish","hentry"],"meta_box":{"imic_strict_no_header":"","imic_page_topbar_show":"","imic_page_specific_header":"","imic_page_logo_image":[],"imic_page_retina_logo_image":[],"imic_page_retina_logo_image_width":"","imic_page_retina_logo_image_height":"","imic_page_layout":"","imic_content_width":"","imic_content_padding_top":"","imic_content_padding_bottom":"","imic_pages_body_bg_color":"","imic_pages_body_bg_image":[],"imic_pages_body_bg_wide":"","imic_pages_body_bg_repeat":"","imic_pages_content_bg_color":"","imic_pages_content_bg_image":[],"imic_pages_content_bg_wide":"","imic_pages_content_bg_repeat":"","imic_page_header_show":"","imic_pages_Choose_slider_display":"0","imic_header_image":[{"width":150,"height":150,"file":"2016\/09\/Menu-Participar.jpg","filesize":76961,"sizes":{"woocommerce_thumbnail":{"file":"Menu-Participar-300x150.jpg","width":300,"height":150,"mime-type":"image\/jpeg","filesize":15456,"uncropped":false,"url":"https:\/\/www.descolonizacion.org\/wp-content\/uploads\/2016\/09\/Menu-Participar-300x150.jpg"},"woocommerce_gallery_thumbnail":{"file":"Menu-Participar-100x100.jpg","width":100,"height":100,"mime-type":"image\/jpeg","filesize":3486,"url":"https:\/\/www.descolonizacion.org\/wp-content\/uploads\/2016\/09\/Menu-Participar-100x100.jpg"},"woocommerce_single":{"file":"Menu-Participar-600x82.jpg","width":600,"height":82,"mime-type":"image\/jpeg","filesize":15950,"url":"https:\/\/www.descolonizacion.org\/wp-content\/uploads\/2016\/09\/Menu-Participar-600x82.jpg"},"thumbnail":{"file":"Menu-Participar-150x150.jpg","width":150,"height":150,"mime-type":"image\/jpeg","url":"https:\/\/www.descolonizacion.org\/wp-content\/uploads\/2016\/09\/Menu-Participar-150x150.jpg"},"medium":{"file":"Menu-Participar-300x41.jpg","width":300,"height":41,"mime-type":"image\/jpeg","url":"https:\/\/www.descolonizacion.org\/wp-content\/uploads\/2016\/09\/Menu-Participar-300x41.jpg"},"medium_large":{"file":"Menu-Participar-768x105.jpg","width":768,"height":105,"mime-type":"image\/jpeg","url":"https:\/\/www.descolonizacion.org\/wp-content\/uploads\/2016\/09\/Menu-Participar-768x105.jpg"},"large":{"file":"Menu-Participar-1024x140.jpg","width":1024,"height":140,"mime-type":"image\/jpeg","url":"https:\/\/www.descolonizacion.org\/wp-content\/uploads\/2016\/09\/Menu-Participar-1024x140.jpg"},"post-thumbnail":{"file":"Menu-Participar-958x131.jpg","width":958,"height":131,"mime-type":"image\/jpeg","url":"https:\/\/www.descolonizacion.org\/wp-content\/uploads\/2016\/09\/Menu-Participar-958x131.jpg"},"600x400":{"file":"Menu-Participar-600x150.jpg","width":600,"height":150,"mime-type":"image\/jpeg","url":"https:\/\/www.descolonizacion.org\/wp-content\/uploads\/2016\/09\/Menu-Participar-600x150.jpg"},"1000x800":{"file":"Menu-Participar-1000x150.jpg","width":1000,"height":150,"mime-type":"image\/jpeg","url":"https:\/\/www.descolonizacion.org\/wp-content\/uploads\/2016\/09\/Menu-Participar-1000x150.jpg"},"sow-carousel-default":{"file":"Menu-Participar-272x150.jpg","width":272,"height":150,"mime-type":"image\/jpeg","url":"https:\/\/www.descolonizacion.org\/wp-content\/uploads\/2016\/09\/Menu-Participar-272x150.jpg"}},"image_meta":{"aperture":"0","credit":"","camera":"","caption":"","created_timestamp":"0","copyright":"","focal_length":"0","iso":"0","shutter_speed":"0","title":"","orientation":"0","keywords":[]},"ID":"2843","name":"Menu-Participar.jpg","path":"\/home2\/descolinizacion\/public_html\/wp-content\/uploads\/2016\/09\/Menu-Participar.jpg","url":"https:\/\/www.descolonizacion.org\/wp-content\/uploads\/2016\/09\/Menu-Participar-150x150.jpg","full_url":"https:\/\/www.descolonizacion.org\/wp-content\/uploads\/2016\/09\/Menu-Participar.jpg","title":"menu-participar","caption":"","description":"","alt":"","srcset":"https:\/\/www.descolonizacion.org\/wp-content\/uploads\/2016\/09\/Menu-Participar-150x150.jpg 150w, https:\/\/www.descolonizacion.org\/wp-content\/uploads\/2016\/09\/Menu-Participar-100x100.jpg 100w"}],"imic_pages_select_revolution_from_list":"[rev_slider alias=\\\"home-french\\\"]","imic_pages_select_smart_from_list":"","imic_pages_slider_height":"","imic_pages_slider_image":[],"imic_pages_slider_auto_slide":"yes","imic_pages_slider_speed":"","imic_pages_slider_pagination":"yes","imic_pages_slider_direction_arrows":"yes","imic_pages_slider_effects":"fade","imic_pages_banner_color":"","imic_pages_breadcrumb_show":"","imic_pages_title_show":"","imic_pages_banner_bg_color":"","imic_post_page_custom_title":"","imic_pages_banner_text_color":"","imic_pages_title_alignment":"","imic_page_social_share":"","imic_select_sidebar_from_list":"","imic_select_sidebar_position":"","imic_contact_email":"lolohim@gmail.com","imic_contact_subject":"","imic_our_location_text":"","imic_contact_map_display":"no","imic_contact_map_box_code":"","imic_Choose_slider_display":"0","imic_select_smart_from_list":"","imic_select_revolution_from_list":"[rev_slider alias=\\\"home-french\\\"]","imic_slider_image":[],"imic_slider_auto_slide":"yes","imic_slider_speed":"","imic_slider_pagination":"yes","imic_slider_direction_arrows":"yes","imic_slider_effects":"fade","imic_switch_categories_post":"1","imic_category_to_show_on_home":["59"],"imic_number_of_post_cat":[],"imic_upcoming_area":"1","imic_latest_sermon_events_to_show_on":"letest_event","imic_custom_text_message":"","imic_advanced_event_taxonomy":[],"imic_going_on_events":"1","imic_custom_going_on_events_title":"","imic_advanced_sermons_category":[],"imic_all_event_sermon_url":"","imic_imic_featured_blocks":"1","imic_home_featured_blocks":"","imic_home_row_featured_blocks":[],"imic_home_featured_blocks1":"","imic_home_featured_blocks2":"","imic_home_featured_blocks3":"","imic_imic_upcoming_events":"1","imic_upcoming_event_taxonomy":[],"imic_custom_upcoming_events_title":"","imic_events_to_show_on":"","imic_imic_recent_posts":"1","imic_recent_post_taxonomy":[],"imic_custom_latest_news_title":"","imic_posts_to_show_on":"","imic_recent_posts_rmbutton":"2","imic_recent_posts_rmbutton_text":"","imic_imic_galleries":"1","imic_home_gallery_taxonomy":[],"imic_custom_gallery_title":"","imic_custom_more_galleries_title":"","imic_custom_more_galleries_url":"","imic_galleries_to_show_on":"","imic_galleries_background_image":[],"imic_switch_sermon_album":"1","imic_custom_albums_title":"","imic_number_of_sermon_albums":"","imic_sermon_albums_url":"","imic_gallery_pagination_to_show_on":"","imic_gallery_pagination_columns_layout":"","imic_show_gallery_title":"0","imic_gallery_masonry_to_show_on":"","imic_show_gallery_title_masonry":"0","imic_gallery_filter_columns_layout":"","imic_show_gallery_title_filter":"0","imic_advanced_gallery_taxonomy":[],"imic_advanced_event_list_taxonomy":[],"imic_advanced_post_taxonomy":[],"imic_advanced_blog_taxonomy":[],"imic_staff_to_show_on":"","imic_staff_grid_column":"","imic_advanced_staff_taxonomy":[],"imic_staff_select_orderby":"ID","imic_staff_select_order":"","imic_staff_excerpt_length":"","imic_events_timeline_view":"","imic_event_timeline_per_page":"","imic_blog_masonry_thumbnails":"0","imic_albums_select_orderby":"count","imic_albums_select_order":"ASC","imic_sermon_categories_custom_order":[]},"_links":{"self":[{"href":"https:\/\/www.descolonizacion.org\/pt-br\/wp-json\/wp\/v2\/pages\/1594","targetHints":{"allow":["GET"]}}],"collection":[{"href":"https:\/\/www.descolonizacion.org\/pt-br\/wp-json\/wp\/v2\/pages"}],"about":[{"href":"https:\/\/www.descolonizacion.org\/pt-br\/wp-json\/wp\/v2\/types\/page"}],"author":[{"embeddable":true,"href":"https:\/\/www.descolonizacion.org\/pt-br\/wp-json\/wp\/v2\/users\/1"}],"replies":[{"embeddable":true,"href":"https:\/\/www.descolonizacion.org\/pt-br\/wp-json\/wp\/v2\/comments?post=1594"}],"version-history":[{"count":5,"href":"https:\/\/www.descolonizacion.org\/pt-br\/wp-json\/wp\/v2\/pages\/1594\/revisions"}],"predecessor-version":[{"id":3416,"href":"https:\/\/www.descolonizacion.org\/pt-br\/wp-json\/wp\/v2\/pages\/1594\/revisions\/3416"}],"wp:attachment":[{"href":"https:\/\/www.descolonizacion.org\/pt-br\/wp-json\/wp\/v2\/media?parent=1594"}],"curies":[{"name":"wp","href":"https:\/\/api.w.org\/{rel}","templated":true}]}}