{"id":1583,"date":"2016-09-17T21:31:07","date_gmt":"2016-09-18T02:31:07","guid":{"rendered":"http:\/\/www.descolonizacion.org\/pt-br\/?page_id=1583"},"modified":"2017-09-07T06:12:54","modified_gmt":"2017-09-07T11:12:54","slug":"quem-somos-nos","status":"publish","type":"page","link":"https:\/\/www.descolonizacion.org\/pt-br\/quem-somos-nos\/","title":{"rendered":"Quem somos n\u00f3s?"},"content":{"rendered":"<ul>\n<h2>Quem somos?  <\/h2>\n<h3><\/h3>\n<\/ul>\n<li>\n<p><strong>Descolonizaci\u00f3n<\/strong> emana do surdo rumor que nos chega desde os povos oprimidos, antes de que soltem com a sua voz inchada de furor e fulgor a iminente chamada da luta.<!--more--><\/p>\n<\/li>\n<li><img decoding=\"async\" src=\"http:\/\/www.descolonizacion.org\/wp-content\/uploads\/2016\/09\/Descolonizacion-Logo-Separate-b-220.png\" alt=\"Descolonizacion\" class=\"alignleft\" \/>\n<p><strong>Descolonizaci\u00f3n <\/strong>\u00a0\u00e9 uma chamada \u00e0s pessoas, povos e a todos aqueles que est\u00e3o s\u00f3s ou que j\u00e1 se agruparam e que aspiram em participar na emancipa\u00e7\u00e3o do continente que apenas poder\u00e1 levantar-se uma vez que o seu impulso vital o tenha arrancado da gravidade nauseabunda do seu lastro colonial. N\u00e3o conseguiremos apenas com boa vontade, mas tamb\u00e9m sem ela n\u00e3o conseguiremos nada. Por conseguinte, arautos da liberdade, para quem n\u00e3o h\u00e1 nada mais valioso que a autenticidade do ser que se reencontra consigo mesmo e que goza do seu esplendor inocente. Uni-vos a n\u00f3s e partamos juntos as cadeias que martirizam as carnes e cora\u00e7\u00f5es de meio mil\u00e9nio de penas e castigos!<\/p>\n<\/li>\n<li>\n<p><strong>Descolonizaci\u00f3n<\/strong> sois v\u00f3s, somos n\u00f3s, s\u00e3o todos aqueles que est\u00e3o fartos do que continuam sofrendo os povos deste continente, assim como todos os povos colonizados e brutalizados por poderes imperialistas impetuosos e invasivos. Destruamo-los de uma vez por todas!<\/p>\n<\/li>\n<li>\n<p>O instigador deste projeto se chama Rael, fundador do <a href=\"http:\/\/pt.rael.org\/home\" target=\"_blank\">Movimento Raeliano.<\/a> Oferece-nos uma filosofia, um modo de emprego, uma inspira\u00e7\u00e3o. A paz \u00e9 a Sua b\u00fassola, a Sua m\u00e1xima estrela, e para que haja paz, os humanos devem olhar-se, amar-se, dar-se a m\u00e3o e p\u00f4r essas m\u00e3os \u00e0 obra. A cada um lhe toca descontaminar um tro\u00e7o de passado mal digerido, ou melhor dito: indiger\u00edvel! Chegou a hora de reciclar a esc\u00f3ria com a qual se viciou esta \u00e1rea da humanidade!<\/p>\n<\/li>\n<li>\n<p><strong>Descolonizati\u00f3n <\/strong>se incorpora ao mecanismo de descontamina\u00e7\u00e3o deste continente. E juntos n\u00e3o seremos demasiados! <\/p>\n<\/li>\n<p>&nbsp;<\/p>\n<li>\n<p><img decoding=\"async\" class=\"alignright\" src=\"http:\/\/www.descolonizacion.org\/wp-content\/uploads\/2016\/09\/Origine-raeliens-raelians-raelianos-200.jpg\" alt=\"Origine-raeliens-raelians-raelianos\" \/><\/p>\n<h5>Origem : Quem s\u00e3o os raelianos? <\/h5>\n<ul>\n<ul>\n \t<a href=\"http:\/\/pt.rael.org\/home\" target=\"_blank\">O Movimento Raeliano<\/a> \u00e9 uma organiza\u00e7\u00e3o espiritual ateia que milita para o advento de uma era de paz fundada no uso prudente das ci\u00eancias e t\u00e9cnicas e a pr\u00e1tica de uma espiritualidade desmistificada e n\u00e3o dogm\u00e1tica. <\/p>\n<\/li>\n<\/ul>\n<\/ul>\n<p>&nbsp;<\/p>\n<ul>\n<ul>\n<li>\n<p>A vida n\u00e3o aparece, mas se propaga gra\u00e7as \u00e0 ci\u00eancia e \u00e0s t\u00e9cnicas avan\u00e7adas, segundo os vetores da vida que s\u00e3o as civiliza\u00e7\u00f5es adultas e pacificadas, \u00e0 semelhan\u00e7a da que trouxe a vida na Terra e a adaptou com alegria e criatividade \u00e0s condi\u00e7\u00f5es locais. <\/p>\n<\/li>\n<\/ul>\n<\/ul>\n<p>&nbsp;<\/p>\n<ul>\n<ul>\n<li>\n<p>Portanto a humanidade n\u00e3o apareceu como resultado de uma cria\u00e7\u00e3o por parte de um ou v\u00e1rios deuses demiurgos, ou seguindo um processo por acaso, mas \u00e9 o resultado de uma combina\u00e7\u00e3o destas duas explica\u00e7\u00f5es comuns.<\/p>\n<\/li>\n<\/ul>\n<\/ul>\n<p>&nbsp;<\/p>\n<ul>\n<ul>\n<li>\n<p><img decoding=\"async\" class=\"alignleft\" src=\"http:\/\/www.descolonizacion.org\/wp-content\/uploads\/2016\/09\/raelians-raeliens-raelianos.jpg\" alt=\"raelians-raeliens-raelianos\" \/> Por outras palavras: toda a vida na Terra foi criada, mas de um modo cient\u00edfico e n\u00e3o gra\u00e7as a meros atos sobrenaturais. Houve evolu\u00e7\u00e3o no sentido de que esta cria\u00e7\u00e3o \u00e9 a obra de cientistas oriundos de outro planeta que se dedicaram durante mil\u00e9nios, e n\u00e3o apenas uns poucos dias, segundo as suas capacidades e progressos, a inventar e implantar formas de vida. Aqueles que aparecem na B\u00edblia, com o nome plural de Elohim, que significa em hebraico antigo: <em>\u201cAqueles que vieram do c\u00e9u\u201d<\/em> e que foram chamados de outra forma nos relatos criacionistas presentes nas tradi\u00e7\u00f5es de cada povo deste planeta \u2013 e depreciativamente qualificados de mitos pelas ci\u00eancias antropol\u00f3gicas \u2013 e dentre os quais se encontram formula\u00e7\u00f5es resplandecentes e reveladoras nas grandes civiliza\u00e7\u00f5es pr\u00e9-colombianas, em particular nos Andes e Am\u00e9rica Central. <\/p>\n<\/li>\n<\/ul>\n<\/ul>\n<p>&nbsp;<\/p>\n<ul>\n<ul>\n<li>\n<p> <a href=\"http:\/\/pt.rael.org\/download.php?view.86\" target=\"_blank\"><img decoding=\"async\" class=\"alignright\" src=\"http:\/\/www.descolonizacion.org\/wp-content\/uploads\/2016\/09\/big_portuguese_cover.jpg\" alt=\"raeliens-raelians-raelianos\" \/><\/a> As humanidades, no universo infinito, reproduzem-se, crescem e chegam \u00e0 porta da sua idade adulta quando conseguem dominar a ci\u00eancia ao ponto do que n\u00f3s fazemos agora, com a \u201cop\u00e7\u00e3o\u201d de se destruir ou de abandonar os impulsos b\u00e1rbaros e primitivos.<\/p>\n<p>O Movimento Raeliano existe em 100 pa\u00edses e re\u00fane, at\u00e9 esta data, uns 100\u00a0000 membros. Foi fundado em 1973 por Rael, depois de se ter encontrado com um representante da civiliza\u00e7\u00e3o extraterrestre que trouxe a vida ao nosso planeta. Desde ent\u00e3o, Rael e o movimento que se criou se dedicam a transmitir esta informa\u00e7\u00e3o de extrema relev\u00e2ncia aos habitantes da Terra, ao mesmo tempo que promovem as <strong>condi\u00e7\u00f5es de paz e de fraternidade, com uma preocupa\u00e7\u00e3o constante pela justi\u00e7a e pelo progresso.<\/strong> <\/p>\n<\/li>\n<\/ul>\n<\/ul>\n<p>&nbsp;<\/p>\n<ul>\n<ul>\n<li>\n<p>Assim, se pode perfeitamente aderir a um ou v\u00e1rios dos projetos e a\u00e7\u00f5es humanit\u00e1rias impulsadas pelo Movimento Raeliano Internacional sem compartilhar obrigatoriamente as suas ideias quanto \u00e0 origem da vida. <\/p>\n<\/li>\n<\/ul>\n<\/ul>\n<p>&nbsp;<\/p>\n<ul>\n<ul>\n<li>\n<p>Algumas das iniciativas lan\u00e7adas por Rael s\u00e3o, por sinal, promovidas e dirigidas por indiv\u00edduos que n\u00e3o s\u00e3o minimamente membros do Movimento Raeliano, nem sequer simpatizantes.  (ver <a href=\"http:\/\/pt.rael.org\/e107_plugins\/links_page\/links.php?cat.1\" target=\"_blank\">rael.org<\/a>). O mesmo se passa com esta campanha de descoloniza\u00e7\u00e3o do continente \u201clatino-americano\u201d, que estamos promovendo com a esperan\u00e7a de que outros se inspirem nela e levem a chama de uma aut\u00eantica libera\u00e7\u00e3o e emancipa\u00e7\u00e3o deste continente m\u00e1rtir.<\/p>\n<\/li>\n<h5>Veja aqui  <a href=\"https:\/\/www.youtube.com\/watch?v=NkCY1LV_8ek\">um v\u00eddeo <\/a> de um encontro raeliano no Peru (2015).<\/h5>\n<p>&nbsp;<\/p>\n<p><a href=\"https:\/\/www.youtube.com\/watch?v=NkCY1LV_8ek\" target=\"_blank\" target=\"_blank\"><img decoding=\"async\" class=\"aligncenter\" src=\"http:\/\/www.descolonizacion.org\/wp-content\/uploads\/2014\/02\/raelianos-meditacion-600.jpg\" alt=\"meditacion\" width=\"500\" \/><\/a><\/p>\n<\/li>\n<\/ul>\n<\/ul>\n<p>&nbsp;<\/p>\n","protected":false},"excerpt":{"rendered":"<p>Quem somos? Descolonizaci\u00f3n emana do surdo rumor que nos chega desde os povos oprimidos, antes de que soltem com a sua voz inchada de furor [&hellip;]<\/p>\n","protected":false},"author":1,"featured_media":0,"parent":0,"menu_order":0,"comment_status":"closed","ping_status":"closed","template":"","meta":{"footnotes":""},"class_list":["post-1583","page","type-page","status-publish","hentry"],"meta_box":{"imic_strict_no_header":"","imic_page_topbar_show":"","imic_page_specific_header":"","imic_page_logo_image":[],"imic_page_retina_logo_image":[],"imic_page_retina_logo_image_width":"","imic_page_retina_logo_image_height":"","imic_page_layout":"","imic_content_width":"","imic_content_padding_top":"","imic_content_padding_bottom":"","imic_pages_body_bg_color":"","imic_pages_body_bg_image":[],"imic_pages_body_bg_wide":"","imic_pages_body_bg_repeat":"","imic_pages_content_bg_color":"","imic_pages_content_bg_image":[],"imic_pages_content_bg_wide":"","imic_pages_content_bg_repeat":"","imic_page_header_show":"","imic_pages_Choose_slider_display":"0","imic_header_image":[{"width":150,"height":150,"file":"2016\/10\/Menu-Acerca.jpg","filesize":78365,"sizes":{"woocommerce_thumbnail":{"file":"Menu-Acerca-300x150.jpg","width":300,"height":150,"mime-type":"image\/jpeg","filesize":15611,"uncropped":false,"url":"https:\/\/www.descolonizacion.org\/wp-content\/uploads\/2016\/10\/Menu-Acerca-300x150.jpg"},"woocommerce_gallery_thumbnail":{"file":"Menu-Acerca-100x100.jpg","width":100,"height":100,"mime-type":"image\/jpeg","filesize":3486,"url":"https:\/\/www.descolonizacion.org\/wp-content\/uploads\/2016\/10\/Menu-Acerca-100x100.jpg"},"woocommerce_single":{"file":"Menu-Acerca-600x82.jpg","width":600,"height":82,"mime-type":"image\/jpeg","filesize":16182,"url":"https:\/\/www.descolonizacion.org\/wp-content\/uploads\/2016\/10\/Menu-Acerca-600x82.jpg"},"thumbnail":{"file":"Menu-Acerca-150x150.jpg","width":150,"height":150,"mime-type":"image\/jpeg","url":"https:\/\/www.descolonizacion.org\/wp-content\/uploads\/2016\/10\/Menu-Acerca-150x150.jpg"},"medium":{"file":"Menu-Acerca-300x41.jpg","width":300,"height":41,"mime-type":"image\/jpeg","url":"https:\/\/www.descolonizacion.org\/wp-content\/uploads\/2016\/10\/Menu-Acerca-300x41.jpg"},"medium_large":{"file":"Menu-Acerca-768x105.jpg","width":768,"height":105,"mime-type":"image\/jpeg","url":"https:\/\/www.descolonizacion.org\/wp-content\/uploads\/2016\/10\/Menu-Acerca-768x105.jpg"},"large":{"file":"Menu-Acerca-1024x140.jpg","width":1024,"height":140,"mime-type":"image\/jpeg","url":"https:\/\/www.descolonizacion.org\/wp-content\/uploads\/2016\/10\/Menu-Acerca-1024x140.jpg"},"post-thumbnail":{"file":"Menu-Acerca-958x131.jpg","width":958,"height":131,"mime-type":"image\/jpeg","url":"https:\/\/www.descolonizacion.org\/wp-content\/uploads\/2016\/10\/Menu-Acerca-958x131.jpg"},"600x400":{"file":"Menu-Acerca-600x150.jpg","width":600,"height":150,"mime-type":"image\/jpeg","url":"https:\/\/www.descolonizacion.org\/wp-content\/uploads\/2016\/10\/Menu-Acerca-600x150.jpg"},"1000x800":{"file":"Menu-Acerca-1000x150.jpg","width":1000,"height":150,"mime-type":"image\/jpeg","url":"https:\/\/www.descolonizacion.org\/wp-content\/uploads\/2016\/10\/Menu-Acerca-1000x150.jpg"},"sow-carousel-default":{"file":"Menu-Acerca-272x150.jpg","width":272,"height":150,"mime-type":"image\/jpeg","url":"https:\/\/www.descolonizacion.org\/wp-content\/uploads\/2016\/10\/Menu-Acerca-272x150.jpg"}},"image_meta":{"aperture":"0","credit":"","camera":"","caption":"","created_timestamp":"0","copyright":"","focal_length":"0","iso":"0","shutter_speed":"0","title":"","orientation":"0","keywords":[]},"ID":"2828","name":"Menu-Acerca.jpg","path":"\/home2\/descolinizacion\/public_html\/wp-content\/uploads\/2016\/10\/Menu-Acerca.jpg","url":"https:\/\/www.descolonizacion.org\/wp-content\/uploads\/2016\/10\/Menu-Acerca-150x150.jpg","full_url":"https:\/\/www.descolonizacion.org\/wp-content\/uploads\/2016\/10\/Menu-Acerca.jpg","title":"menu-acerca","caption":"","description":"","alt":"","srcset":"https:\/\/www.descolonizacion.org\/wp-content\/uploads\/2016\/10\/Menu-Acerca-150x150.jpg 150w, https:\/\/www.descolonizacion.org\/wp-content\/uploads\/2016\/10\/Menu-Acerca-100x100.jpg 100w"}],"imic_pages_select_revolution_from_list":"[rev_slider alias=\\\"home-french\\\"]","imic_pages_select_smart_from_list":"","imic_pages_slider_height":"","imic_pages_slider_image":[],"imic_pages_slider_auto_slide":"yes","imic_pages_slider_speed":"","imic_pages_slider_pagination":"yes","imic_pages_slider_direction_arrows":"yes","imic_pages_slider_effects":"fade","imic_pages_banner_color":"","imic_pages_breadcrumb_show":"","imic_pages_title_show":"","imic_pages_banner_bg_color":"","imic_post_page_custom_title":"","imic_pages_banner_text_color":"","imic_pages_title_alignment":"","imic_page_social_share":"","imic_select_sidebar_from_list":"","imic_select_sidebar_position":"","imic_contact_email":"lolohim@gmail.com","imic_contact_subject":"","imic_our_location_text":"","imic_contact_map_display":"no","imic_contact_map_box_code":"","imic_Choose_slider_display":"0","imic_select_smart_from_list":"","imic_select_revolution_from_list":"[rev_slider alias=\\\"home-french\\\"]","imic_slider_image":[],"imic_slider_auto_slide":"yes","imic_slider_speed":"","imic_slider_pagination":"yes","imic_slider_direction_arrows":"yes","imic_slider_effects":"fade","imic_switch_categories_post":"1","imic_category_to_show_on_home":["59"],"imic_number_of_post_cat":[],"imic_upcoming_area":"1","imic_latest_sermon_events_to_show_on":"letest_event","imic_custom_text_message":"","imic_advanced_event_taxonomy":[],"imic_going_on_events":"1","imic_custom_going_on_events_title":"","imic_advanced_sermons_category":[],"imic_all_event_sermon_url":"","imic_imic_featured_blocks":"1","imic_home_featured_blocks":"","imic_home_row_featured_blocks":[],"imic_home_featured_blocks1":"","imic_home_featured_blocks2":"","imic_home_featured_blocks3":"","imic_imic_upcoming_events":"1","imic_upcoming_event_taxonomy":[],"imic_custom_upcoming_events_title":"","imic_events_to_show_on":"","imic_imic_recent_posts":"1","imic_recent_post_taxonomy":[],"imic_custom_latest_news_title":"","imic_posts_to_show_on":"","imic_recent_posts_rmbutton":"2","imic_recent_posts_rmbutton_text":"","imic_imic_galleries":"1","imic_home_gallery_taxonomy":[],"imic_custom_gallery_title":"","imic_custom_more_galleries_title":"","imic_custom_more_galleries_url":"","imic_galleries_to_show_on":"","imic_galleries_background_image":[],"imic_switch_sermon_album":"1","imic_custom_albums_title":"","imic_number_of_sermon_albums":"","imic_sermon_albums_url":"","imic_gallery_pagination_to_show_on":"","imic_gallery_pagination_columns_layout":"","imic_show_gallery_title":"0","imic_gallery_masonry_to_show_on":"","imic_show_gallery_title_masonry":"0","imic_gallery_filter_columns_layout":"","imic_show_gallery_title_filter":"0","imic_advanced_gallery_taxonomy":[],"imic_advanced_event_list_taxonomy":[],"imic_advanced_post_taxonomy":[],"imic_advanced_blog_taxonomy":[],"imic_staff_to_show_on":"","imic_staff_grid_column":"","imic_advanced_staff_taxonomy":[],"imic_staff_select_orderby":"ID","imic_staff_select_order":"","imic_staff_excerpt_length":"","imic_events_timeline_view":"","imic_event_timeline_per_page":"","imic_blog_masonry_thumbnails":"0","imic_albums_select_orderby":"count","imic_albums_select_order":"ASC","imic_sermon_categories_custom_order":[]},"_links":{"self":[{"href":"https:\/\/www.descolonizacion.org\/pt-br\/wp-json\/wp\/v2\/pages\/1583","targetHints":{"allow":["GET"]}}],"collection":[{"href":"https:\/\/www.descolonizacion.org\/pt-br\/wp-json\/wp\/v2\/pages"}],"about":[{"href":"https:\/\/www.descolonizacion.org\/pt-br\/wp-json\/wp\/v2\/types\/page"}],"author":[{"embeddable":true,"href":"https:\/\/www.descolonizacion.org\/pt-br\/wp-json\/wp\/v2\/users\/1"}],"replies":[{"embeddable":true,"href":"https:\/\/www.descolonizacion.org\/pt-br\/wp-json\/wp\/v2\/comments?post=1583"}],"version-history":[{"count":8,"href":"https:\/\/www.descolonizacion.org\/pt-br\/wp-json\/wp\/v2\/pages\/1583\/revisions"}],"predecessor-version":[{"id":3328,"href":"https:\/\/www.descolonizacion.org\/pt-br\/wp-json\/wp\/v2\/pages\/1583\/revisions\/3328"}],"wp:attachment":[{"href":"https:\/\/www.descolonizacion.org\/pt-br\/wp-json\/wp\/v2\/media?parent=1583"}],"curies":[{"name":"wp","href":"https:\/\/api.w.org\/{rel}","templated":true}]}}