{"id":3659,"date":"2019-04-01T03:40:03","date_gmt":"2019-04-01T08:40:03","guid":{"rendered":"http:\/\/www.descolonizacion.org\/fr\/?page_id=3659"},"modified":"2019-04-05T12:37:23","modified_gmt":"2019-04-05T17:37:23","slug":"malouines-sont-argentines","status":"publish","type":"page","link":"https:\/\/www.descolonizacion.org\/fr\/malouines-sont-argentines\/","title":{"rendered":"Les Malouines sont argentines !"},"content":{"rendered":"<ul>\n<h2><img decoding=\"async\" src=\"http:\/\/www.descolonizacion.org\/wp-content\/uploads\/2016\/09\/Malvinas-Argentinas260.jpg\" class=\"alignleft\" \/>\u201cJour des Malouines\u201d (2 avril); depuis Buenos Aires,<br \/> le Mouvement Ra\u00e9lien appelle \u00e0 la fin de la souverainet\u00e9 anglaise<br \/>\n<em>\u201cComment vous sentiriez-vous si les \u00eeles anglo-normandes \u00e9taient argentines ?\u201d<\/em> <\/h2>\n<p><!--more--><\/p>\n<p>Ra\u00ebl, fondateur du Mouvement Ra\u00e9lien appelle, dans une vid\u00e9o mise en ligne le 2 avril 2019, jour des comm\u00e9morations argentines de la tentative de reconqu\u00eate des Malouines, au retrait des Britanniques de ce territoire insulaire sudam\u00e9ricain, sugg\u00e9rant au gouvernement argentin qu\u2019il use de tous les artifices mis \u00e0 disposition par le syst\u00e8me d\u00e9mocratique afin de convaincre les Kelpers de voter en faveur d\u2019un rattachement \u00e0 l\u2019Argentine (\u00ab leave UK ! \u00bb), insistant sur le fait que plus aucun territoire sudam\u00e9ricain ne doit rester sous souverainet\u00e9 europ\u00e9enne, ce qui inclut la Guyane et les Antilles toujours colonis\u00e9es (https:\/\/www.descolonizacion.org\/fr\/lindependance-de-la-guyane\/)<\/p>\n<p><em>\u00ab Comment se sentiraient les nations europ\u00e9ennes si les \u00eeles anglo-normandes \u00e9taient argentines ou Gibraltar mexicain ? Il n\u2019est pas envisageable que les Europ\u00e9ens accepteraient une telle souverainet\u00e9 sudam\u00e9ricaine. En quel honneur les Sudam\u00e9ricains devraient-ils alors accepter ce que les Europ\u00e9ens refuseraient cat\u00e9goriquement ? \u00bb <\/em>d\u00e9clare Raul Cordoba, responsable du Mouvement Ra\u00e9lien argentin. <\/p>\n<p><em>\u00ab La reprise de ces territoires est indispensable \u00e0 la constitution d\u2019une conscience continentale \u00e9mancip\u00e9e des atavismes coloniaux \u00bb <\/em>rajoute-t-il.<\/p>\n<p>Le Mouvement Ra\u00e9lien latino-am\u00e9ricain, s\u2019est engag\u00e9 dans une campagne en faveur d\u2019une authentique d\u00e9colonisation (territoriale, culturelle, spirituelle, \u00e9conomique et politique) de ce continent qui se maintiendra dans le sous-d\u00e9veloppement, l\u2019in\u00e9galit\u00e9 sociale et la soumission aux puissances \u00e9trang\u00e8res et imp\u00e9rialistes, aussi longtemps que les mentalit\u00e9s et les soci\u00e9t\u00e9s seront impr\u00e9gn\u00e9es de paradigmes coloniaux.<\/p>\n<p>Les Ra\u00e9liens participeront aux comm\u00e9morations du 2 avril 2019, \u00e0 Buenos Aires.<br \/>&nbsp;<\/p>\n<div align=\"center\"><iframe width=\"560\" height=\"315\" src=\"https:\/\/www.youtube.com\/embed\/TsIAj5E8tr0\" frameborder=\"0\" allow=\"accelerometer; autoplay; encrypted-media; gyroscope; picture-in-picture\" allowfullscreen><\/iframe><\/div>\n<p>&nbsp;<\/p>\n<p>&nbsp;<\/p>\n<table>\n<tr>\n<td><a href=\"http:\/\/www.descolonizacion.org\/wp-content\/uploads\/2019\/04\/malvinas001.jpg\" rel=\"noopener noreferrer\" target=\"_blank\"><img decoding=\"async\" src=\"http:\/\/www.descolonizacion.org\/wp-content\/uploads\/2019\/04\/malvinas001.jpg\" alt=\"Et si les \u00eeles anglo-normandes \u00e9taient argentines ?\" width=\"380\" \/><\/a><\/p>\n<td>&nbsp;&nbsp;&nbsp;<\/td>\n<td><a href=\"http:\/\/www.descolonizacion.org\/wp-content\/uploads\/2019\/04\/Gibraltar-MX04.jpg\" rel=\"noopener noreferrer\" target=\"_blank\"><img decoding=\"async\" src=\"http:\/\/www.descolonizacion.org\/wp-content\/uploads\/2019\/04\/Gibraltar-MX04.jpg\" alt=\"Les Malouines sont argentines !\" width=\"400\" \/><\/a><\/td>\n<td>&nbsp;&nbsp;&nbsp;<\/td>\n<td><a href=\"http:\/\/www.descolonizacion.org\/wp-content\/uploads\/2019\/04\/UKoutFalklandO04.jpg\" rel=\"noopener noreferrer\" target=\"_blank\"><img decoding=\"async\" src=\"http:\/\/www.descolonizacion.org\/wp-content\/uploads\/2019\/04\/UKoutFalklandO04.jpg\" alt=\"Les Malouines sont argentines !\" width=\"300\" \/><\/a><\/td>\n<tr><\/table>\n<\/li>\n<\/ul>\n<p>&nbsp;<\/p>\n","protected":false},"excerpt":{"rendered":"<p>\u201cJour des Malouines\u201d (2 avril); depuis Buenos Aires, le Mouvement Ra\u00e9lien appelle \u00e0 la fin de la souverainet\u00e9 anglaise \u201cComment vous sentiriez-vous si les \u00eeles [&hellip;]<\/p>\n","protected":false},"author":1,"featured_media":3678,"parent":0,"menu_order":0,"comment_status":"closed","ping_status":"closed","template":"","meta":{"footnotes":""},"class_list":["post-3659","page","type-page","status-publish","has-post-thumbnail","hentry"],"meta_box":{"imic_strict_no_header":"","imic_page_topbar_show":"","imic_page_specific_header":"","imic_page_logo_image":[],"imic_page_retina_logo_image":[],"imic_page_retina_logo_image_width":"","imic_page_retina_logo_image_height":"","imic_page_layout":"","imic_content_width":"","imic_content_padding_top":"","imic_content_padding_bottom":"","imic_pages_body_bg_color":"","imic_pages_body_bg_image":[],"imic_pages_body_bg_wide":"","imic_pages_body_bg_repeat":"","imic_pages_content_bg_color":"","imic_pages_content_bg_image":[],"imic_pages_content_bg_wide":"","imic_pages_content_bg_repeat":"","imic_page_header_show":"","imic_pages_Choose_slider_display":"0","imic_header_image":[],"imic_pages_select_revolution_from_list":"[rev_slider alias=\\\"home-french\\\"]","imic_pages_select_smart_from_list":"","imic_pages_slider_height":"","imic_pages_slider_image":[],"imic_pages_slider_auto_slide":"yes","imic_pages_slider_speed":"","imic_pages_slider_pagination":"yes","imic_pages_slider_direction_arrows":"yes","imic_pages_slider_effects":"fade","imic_pages_banner_color":"","imic_pages_breadcrumb_show":"","imic_pages_title_show":"","imic_pages_banner_bg_color":"","imic_post_page_custom_title":"","imic_pages_banner_text_color":"","imic_pages_title_alignment":"","imic_page_social_share":"","imic_select_sidebar_from_list":"","imic_select_sidebar_position":"","imic_contact_email":"lolohim@gmail.com","imic_contact_subject":"","imic_our_location_text":"","imic_contact_map_display":"no","imic_contact_map_box_code":"","imic_Choose_slider_display":"0","imic_select_smart_from_list":"","imic_select_revolution_from_list":"[rev_slider alias=\\\"home-french\\\"]","imic_slider_image":[],"imic_slider_auto_slide":"yes","imic_slider_speed":"","imic_slider_pagination":"yes","imic_slider_direction_arrows":"yes","imic_slider_effects":"fade","imic_switch_categories_post":"1","imic_category_to_show_on_home":["82"],"imic_number_of_post_cat":[],"imic_upcoming_area":"1","imic_latest_sermon_events_to_show_on":"letest_event","imic_custom_text_message":"","imic_advanced_event_taxonomy":[],"imic_going_on_events":"1","imic_custom_going_on_events_title":"","imic_advanced_sermons_category":[],"imic_all_event_sermon_url":"","imic_imic_featured_blocks":"1","imic_home_featured_blocks":"","imic_home_row_featured_blocks":[],"imic_home_featured_blocks1":"","imic_home_featured_blocks2":"","imic_home_featured_blocks3":"","imic_imic_upcoming_events":"1","imic_upcoming_event_taxonomy":[],"imic_custom_upcoming_events_title":"","imic_events_to_show_on":"","imic_imic_recent_posts":"1","imic_recent_post_taxonomy":[],"imic_custom_latest_news_title":"","imic_posts_to_show_on":"","imic_recent_posts_rmbutton":"2","imic_recent_posts_rmbutton_text":"","imic_imic_galleries":"1","imic_home_gallery_taxonomy":[],"imic_custom_gallery_title":"","imic_custom_more_galleries_title":"","imic_custom_more_galleries_url":"","imic_galleries_to_show_on":"","imic_galleries_background_image":[],"imic_switch_sermon_album":"1","imic_custom_albums_title":"","imic_number_of_sermon_albums":"","imic_sermon_albums_url":"","imic_gallery_pagination_to_show_on":"","imic_gallery_pagination_columns_layout":"","imic_show_gallery_title":"0","imic_gallery_masonry_to_show_on":"","imic_show_gallery_title_masonry":"0","imic_gallery_filter_columns_layout":"","imic_show_gallery_title_filter":"0","imic_advanced_gallery_taxonomy":[],"imic_advanced_event_list_taxonomy":[],"imic_advanced_post_taxonomy":[],"imic_advanced_blog_taxonomy":[],"imic_staff_to_show_on":"","imic_staff_grid_column":"","imic_advanced_staff_taxonomy":[],"imic_staff_select_orderby":"ID","imic_staff_select_order":"","imic_staff_excerpt_length":"","imic_events_timeline_view":"","imic_event_timeline_per_page":"","imic_blog_masonry_thumbnails":"0","imic_albums_select_orderby":"count","imic_albums_select_order":"ASC","imic_sermon_categories_custom_order":[]},"_links":{"self":[{"href":"https:\/\/www.descolonizacion.org\/fr\/wp-json\/wp\/v2\/pages\/3659","targetHints":{"allow":["GET"]}}],"collection":[{"href":"https:\/\/www.descolonizacion.org\/fr\/wp-json\/wp\/v2\/pages"}],"about":[{"href":"https:\/\/www.descolonizacion.org\/fr\/wp-json\/wp\/v2\/types\/page"}],"author":[{"embeddable":true,"href":"https:\/\/www.descolonizacion.org\/fr\/wp-json\/wp\/v2\/users\/1"}],"replies":[{"embeddable":true,"href":"https:\/\/www.descolonizacion.org\/fr\/wp-json\/wp\/v2\/comments?post=3659"}],"version-history":[{"count":15,"href":"https:\/\/www.descolonizacion.org\/fr\/wp-json\/wp\/v2\/pages\/3659\/revisions"}],"predecessor-version":[{"id":3713,"href":"https:\/\/www.descolonizacion.org\/fr\/wp-json\/wp\/v2\/pages\/3659\/revisions\/3713"}],"wp:featuredmedia":[{"embeddable":true,"href":"https:\/\/www.descolonizacion.org\/fr\/wp-json\/wp\/v2\/media\/3678"}],"wp:attachment":[{"href":"https:\/\/www.descolonizacion.org\/fr\/wp-json\/wp\/v2\/media?parent=3659"}],"curies":[{"name":"wp","href":"https:\/\/api.w.org\/{rel}","templated":true}]}}