{"id":3527,"date":"2018-04-09T14:30:16","date_gmt":"2018-04-09T19:30:16","guid":{"rendered":"http:\/\/www.descolonizacion.org\/fr\/?page_id=3527"},"modified":"2018-04-09T14:30:58","modified_gmt":"2018-04-09T19:30:58","slug":"les-dieux-venus-de-lespace","status":"publish","type":"page","link":"https:\/\/www.descolonizacion.org\/fr\/les-dieux-venus-de-lespace\/","title":{"rendered":"Les Dieux venus de l&#8217;espace"},"content":{"rendered":"<h2>Des relations privil\u00e9gi\u00e9es avec des &#8220;Dieux&#8221; venus de l&#8217;espace.<\/h2>\n<ul>\n<ul>\n<p>Ce continent, et plus particuli\u00e8rement les r\u00e9gions andines et de l\u2019actuelle \u00ab Am\u00e9rique Centrale \u00bb ont entretenu avec les \u00ab dieux \u00bb des relations privil\u00e9gi\u00e9es. Ra\u00ebl a confirm\u00e9 que les Elohim y avaient eu des bases (P\u00e9rou, Br\u00e9sil, \u2026). <!--more--><\/li>\n<\/ul>\n<\/ul>\n<p>&nbsp;<\/p>\n<ul>\n<ul>\n<li>\n<p><h5>Des dieux tr\u00e8s humains<\/h5>\n<p><img decoding=\"async\" class=\"alignleft\" src=\"http:\/\/www.descolonizacion.org\/wp-content\/uploads\/2016\/09\/Dieux-venus-du-ciel-gods-from-sky-dios-del-cielo-palenque.jpg\" alt=\"Dieux-venus-du-ciel-gods-from-sky-dios-del-cielo\" \/>Les restes architecturaux et autres qui nous sont parvenus, malgr\u00e9 la destruction syst\u00e9matique par les colonisateurs de textes et artefacts qu\u2019ils trouv\u00e8rent, sans oublier les temples et pyramides dont celles de Mexico ; Tenochtitlan et Tlatelolco, motiv\u00e9s qu\u2019ils \u00e9taient par la cupidit\u00e9 (fonte des objets en m\u00e9taux pr\u00e9cieux), ou par une volont\u00e9 d\u2019\u00e9radication des cultures locales, portent, malgr\u00e9 le nombre r\u00e9duit qui nous est parvenu, suffisamment d\u2019\u00e9l\u00e9ments illustratifs de \u00ab dieux \u00bb aux apparences et comportements tr\u00e8s humains, de leurs technologies et machines, de leurs unions charnelles, de leur joie de fr\u00e9quenter cette partie du monde particuli\u00e8rement favoris\u00e9e par le climat et la nature, et les peuples qu\u2019ils semblaient ch\u00e9rir.<\/p>\n<p>Ce fut d\u2019ailleurs cette ressemblance des \u00ab dieux \u00bb avec les hommes qui induisit un degr\u00e9 d\u2019incertitude chez ces peuples quant \u00e0 la vraie nature des Espagnols. C\u2019est parce que leurs traditions faisaient \u00e9tat de dieux tr\u00e8s humains que les \u00ab tr\u00e8s humains \u00bb conquistadors leur ressembl\u00e8rent, du moins superficiellement mais suffisamment pour berner ces \u00ab na\u00effs sauvages \u00bb.<\/li>\n<\/ul>\n<\/ul>\n<p>&nbsp;<\/p>\n<ul>\n<ul>\n<li>\n<p><h5>Des conquistadores aux allures de dieux<\/h5>\n<p><img decoding=\"async\" class=\"alignright\" src=\"http:\/\/www.descolonizacion.org\/wp-content\/uploads\/2016\/09\/conquistador-statue-218091_1280.jpg\" alt=\"conquistador-statue\" \/><br \/>\nEn quelque sorte les peuples indig\u00e8nes se laiss\u00e8rent conqu\u00e9rir car ils maintinrent un doute quant \u00e0 la vraie nature des nouveaux arrivants. Certes, ceci rel\u00e8ve d\u2019une forme de sp\u00e9culation, mais en l\u2019occurrence nous pourrions difficilement ne pas y faire appel si on consid\u00e8re les pr\u00e9misses ; d\u2019une part, nous ne saurons jamais quel \u00e9tait l\u2019\u00e9tat d\u2019esprit, la religion r\u00e9elle, la pr\u00e9sence dans l\u2019imaginaire des \u00ab dieux \u00bb, car s\u2019il est impossible de vraiment connaitre ces choses-l\u00e0 chez les peuples pour lesquels nous disposons de mat\u00e9riel historiographique cons\u00e9quent &#8211; les Grecs par exemple -, imaginez ce qu\u2019il en est chez ceux dont la m\u00e9moire a \u00e9t\u00e9 en bonne partie effac\u00e9e !<\/li>\n<\/ul>\n<\/ul>\n<p>&nbsp;<\/p>\n<ul>\n<ul>\n<li>\n<p>Tocqueville disait qu\u2019apr\u00e8s que ceux de sa g\u00e9n\u00e9ration se seront \u00e9teints, plus personnes ne saura ce qu\u2019\u00e9tait l\u2019esprit de l\u2019Ancien R\u00e9gime . Comment pourrions-nous alors savoir ce qu\u2019\u00e9tait l\u2019esprit des autochtones lorsqu\u2019arriv\u00e8rent les Espagnols ?<\/li>\n<\/ul>\n<\/ul>\n<p>&nbsp;<\/p>\n<ul>\n<ul>\n<li>\n<p>D\u2019autre part, m\u00eame si par un miracle historiographique nous r\u00e9ussissions \u00e0 sentir exactement ce que sentaient ces populations pr\u00e9colombiennes, il n\u2019en resterait pas moins que la r\u00e9f\u00e9rence aux dieux serait catalogu\u00e9e dans l\u2019ordre du mythique, mythologique, mystique, symbolique, constructions de l\u2019inconscient et autres cat\u00e9gories des sciences sociales, &#8211; qui rejettent par principe l\u2019id\u00e9e qu\u2019une civilisation extraterrestre aurait visit\u00e9 la Terre et qu\u2019en cons\u00e9quence celle-ci f\u00fbt \u00e0 l\u2019origine de ces r\u00e9cits en lieu et place de la seule imagination -, \u00e0 l\u2019instar des r\u00e9cits cr\u00e9ationnistes qui ont tous \u00e9t\u00e9 r\u00e9duits \u00e0 de pures cr\u00e9ations de la psych\u00e9 humaine.<\/p>\n<p>Pourtant, il se peut bien que la conqu\u00eate ait \u00e9t\u00e9 relativement facile, primordialement \u00e0 cause de cette m\u00e9prise.<\/p>\n<p><img decoding=\"async\" src=\"http:\/\/www.descolonizacion.org\/wp-content\/uploads\/2016\/09\/inca-stone-43358_1920.jpg\" alt=\"inca stones pierres inca piedras inca\" class=\"alignleft\"\/>Ce fait n\u2019est d\u2019ailleurs pas n\u00e9cessaire \u00e0 la mise en valeur des riches traditions qui toutes sugg\u00e8rent que <strong>Viracocha, Quetzalcoatl, Kukulkan<\/strong>, et bien d\u2019autres \u00e9taient (seraient) non pas des dieux aux pouvoirs surnaturels mais des \u00eatres humains, venus d\u2019une autre plan\u00e8te, avec des pouvoirs que la connaissance scientifique qui est la n\u00f4tre aujourd\u2019hui peut enfin comprendre et ramener \u00e0 l\u2019ordre du rationnel.<\/p>\n<p>Et que dire de <strong>Teotihuacan, Tiahuanacu<\/strong> et autres villes, temples et pyramides construits avec une technicit\u00e9 qui d\u00e9passe parfois celle de ce d\u00e9but du troisi\u00e8me mill\u00e9naire?<\/li>\n<\/ul>\n<\/ul>\n<p>&nbsp;<\/p>\n<p>&nbsp;<\/p>\n<ul>\n<ul>\n<li>\n<p><h5>Viracocha, Quetzalcoatl, Kukulkan et la Gen\u00e8se<\/h5>\n<p><img decoding=\"async\" class=\"alignright\" src=\"http:\/\/www.descolonizacion.org\/wp-content\/uploads\/2016\/09\/mexico-puebla-mural-ethnic-aztec-1289099.jpg\" alt=\"mexico-mural-ethnic-aztec\" \/><a href=\"http:\/\/fr.rael.org\/download.php?view.8\" target=\"_blank\">Le message qui a \u00e9t\u00e9 transmis \u00e0 Rael par Yahv\u00e9<\/a>, s\u2019il s\u2019inspire de la Gen\u00e8se, aurait tout aussi bien pu se faire sur la base d\u2019un autre r\u00e9cit, car il y en a de plus pr\u00e9cis et sans doute y en avait-il sur ce continent.<\/p>\n<p>La tradition jud\u00e9o-chr\u00e9tienne-musulmane s\u2019est impos\u00e9e sur une grande partie de la plan\u00e8te, portant avec elle l\u2019histoire <strong>d\u2019Adam et Eve<\/strong> qui ainsi devint connue de tous, et c\u2019est pourquoi il convenait que l\u2019explication de notre cr\u00e9ation scientifique s\u2019appuy\u00e2t sur la plus accessible et famili\u00e8re des histoires.<\/p>\n<p>Toutefois, rien n\u2019emp\u00eache qu\u2019une illustration de cette cr\u00e9ation \u00e0 la lumi\u00e8re des r\u00e9cits cr\u00e9ationnistes propres aux cultures de ce continent ne vienne conforter le Message Ra\u00e9lien. Ces r\u00e9cits sont d\u2019ailleurs dans la plupart des cas plus fid\u00e8les que les religions monoth\u00e9istes en ce qui concerne leur description des Cr\u00e9ateurs, ne f\u00fbt-ce, en toute \u00e9vidence, que le simple fait que leur pluralit\u00e9 est respect\u00e9e, ainsi que leur humaine constitution, en forme ou en caract\u00e8re, bien qu\u2019il s\u2019ag\u00eet d\u2019une humanit\u00e9 sublime et \u00e9blouissante, dont la noblesse les placerait encore bien au-dessus de nous, s&#8217;il advenait qu&#8217;ils revinssent pour nous montrer la voie.<\/p>\n<p>On comprend facilement que les populations encore attach\u00e9es \u00e0 leur culture pr\u00e9colombienne soient particuli\u00e8rement r\u00e9ceptives \u00e0 l\u2019id\u00e9e que le <strong>dieu chr\u00e9tien \u00e0 la barbe blanche n\u2019est pas meilleur ou prioritaire sur les dieux qui \u00e9taient les leurs. <\/strong><\/p>\n<p>Tous ces \u00ab dieux \u00bb faisaient partie d\u2019une m\u00eame \u00e9quipe de Cr\u00e9ateurs. Il est temps de r\u00e9v\u00e9ler leur vraie identit\u00e9!<\/li>\n<\/ul>\n<\/ul>\n<p>&nbsp;<\/p>\n","protected":false},"excerpt":{"rendered":"<p>Des relations privil\u00e9gi\u00e9es avec des &#8220;Dieux&#8221; venus de l&#8217;espace. Ce continent, et plus particuli\u00e8rement les r\u00e9gions andines et de l\u2019actuelle \u00ab Am\u00e9rique Centrale \u00bb ont [&hellip;]<\/p>\n","protected":false},"author":1,"featured_media":0,"parent":0,"menu_order":0,"comment_status":"closed","ping_status":"closed","template":"","meta":{"footnotes":""},"class_list":["post-3527","page","type-page","status-publish","hentry"],"meta_box":{"imic_strict_no_header":"","imic_page_topbar_show":"","imic_page_specific_header":"","imic_page_logo_image":[],"imic_page_retina_logo_image":[],"imic_page_retina_logo_image_width":"","imic_page_retina_logo_image_height":"","imic_page_layout":"","imic_content_width":"","imic_content_padding_top":"","imic_content_padding_bottom":"","imic_pages_body_bg_color":"","imic_pages_body_bg_image":[],"imic_pages_body_bg_wide":"","imic_pages_body_bg_repeat":"","imic_pages_content_bg_color":"","imic_pages_content_bg_image":[],"imic_pages_content_bg_wide":"","imic_pages_content_bg_repeat":"","imic_page_header_show":"","imic_pages_Choose_slider_display":"0","imic_header_image":[{"width":150,"height":150,"file":"2016\/09\/Menu-A-Propos-F.jpg","filesize":78028,"sizes":{"woocommerce_thumbnail":{"file":"Menu-A-Propos-F-300x150.jpg","width":300,"height":150,"mime-type":"image\/jpeg","filesize":15492,"uncropped":false,"url":"https:\/\/www.descolonizacion.org\/wp-content\/uploads\/2016\/09\/Menu-A-Propos-F-300x150.jpg"},"woocommerce_gallery_thumbnail":{"file":"Menu-A-Propos-F-100x100.jpg","width":100,"height":100,"mime-type":"image\/jpeg","filesize":3432,"url":"https:\/\/www.descolonizacion.org\/wp-content\/uploads\/2016\/09\/Menu-A-Propos-F-100x100.jpg"},"woocommerce_single":{"file":"Menu-A-Propos-F-600x82.jpg","width":600,"height":82,"mime-type":"image\/jpeg","filesize":16166,"url":"https:\/\/www.descolonizacion.org\/wp-content\/uploads\/2016\/09\/Menu-A-Propos-F-600x82.jpg"},"thumbnail":{"file":"Menu-A-Propos-F-150x150.jpg","width":150,"height":150,"mime-type":"image\/jpeg","url":"https:\/\/www.descolonizacion.org\/wp-content\/uploads\/2016\/09\/Menu-A-Propos-F-150x150.jpg"},"medium":{"file":"Menu-A-Propos-F-300x41.jpg","width":300,"height":41,"mime-type":"image\/jpeg","url":"https:\/\/www.descolonizacion.org\/wp-content\/uploads\/2016\/09\/Menu-A-Propos-F-300x41.jpg"},"medium_large":{"file":"Menu-A-Propos-F-768x105.jpg","width":768,"height":105,"mime-type":"image\/jpeg","url":"https:\/\/www.descolonizacion.org\/wp-content\/uploads\/2016\/09\/Menu-A-Propos-F-768x105.jpg"},"large":{"file":"Menu-A-Propos-F-1024x140.jpg","width":1024,"height":140,"mime-type":"image\/jpeg","url":"https:\/\/www.descolonizacion.org\/wp-content\/uploads\/2016\/09\/Menu-A-Propos-F-1024x140.jpg"},"post-thumbnail":{"file":"Menu-A-Propos-F-958x131.jpg","width":958,"height":131,"mime-type":"image\/jpeg","url":"https:\/\/www.descolonizacion.org\/wp-content\/uploads\/2016\/09\/Menu-A-Propos-F-958x131.jpg"},"600x400":{"file":"Menu-A-Propos-F-600x150.jpg","width":600,"height":150,"mime-type":"image\/jpeg","url":"https:\/\/www.descolonizacion.org\/wp-content\/uploads\/2016\/09\/Menu-A-Propos-F-600x150.jpg"},"1000x800":{"file":"Menu-A-Propos-F-1000x150.jpg","width":1000,"height":150,"mime-type":"image\/jpeg","url":"https:\/\/www.descolonizacion.org\/wp-content\/uploads\/2016\/09\/Menu-A-Propos-F-1000x150.jpg"},"sow-carousel-default":{"file":"Menu-A-Propos-F-272x150.jpg","width":272,"height":150,"mime-type":"image\/jpeg","url":"https:\/\/www.descolonizacion.org\/wp-content\/uploads\/2016\/09\/Menu-A-Propos-F-272x150.jpg"}},"image_meta":{"aperture":"0","credit":"","camera":"","caption":"","created_timestamp":"0","copyright":"","focal_length":"0","iso":"0","shutter_speed":"0","title":"","orientation":"0","keywords":[]},"ID":"2829","name":"Menu-A-Propos-F.jpg","path":"\/home2\/descolinizacion\/public_html\/wp-content\/uploads\/2016\/09\/Menu-A-Propos-F.jpg","url":"https:\/\/www.descolonizacion.org\/wp-content\/uploads\/2016\/09\/Menu-A-Propos-F-150x150.jpg","full_url":"https:\/\/www.descolonizacion.org\/wp-content\/uploads\/2016\/09\/Menu-A-Propos-F.jpg","title":"menu-a-propos-f","caption":"","description":"","alt":"","srcset":"https:\/\/www.descolonizacion.org\/wp-content\/uploads\/2016\/09\/Menu-A-Propos-F-150x150.jpg 150w, https:\/\/www.descolonizacion.org\/wp-content\/uploads\/2016\/09\/Menu-A-Propos-F-100x100.jpg 100w"}],"imic_pages_select_revolution_from_list":"[rev_slider alias=\\\"home-french\\\"]","imic_pages_select_smart_from_list":"","imic_pages_slider_height":"","imic_pages_slider_image":[],"imic_pages_slider_auto_slide":"yes","imic_pages_slider_speed":"","imic_pages_slider_pagination":"yes","imic_pages_slider_direction_arrows":"yes","imic_pages_slider_effects":"fade","imic_pages_banner_color":"","imic_pages_breadcrumb_show":"","imic_pages_title_show":"","imic_pages_banner_bg_color":"","imic_post_page_custom_title":"","imic_pages_banner_text_color":"","imic_pages_title_alignment":"","imic_page_social_share":"","imic_select_sidebar_from_list":"","imic_select_sidebar_position":"","imic_contact_email":"lolohim@gmail.com","imic_contact_subject":"","imic_our_location_text":"","imic_contact_map_display":"no","imic_contact_map_box_code":"","imic_Choose_slider_display":"0","imic_select_smart_from_list":"","imic_select_revolution_from_list":"[rev_slider alias=\\\"home-french\\\"]","imic_slider_image":[],"imic_slider_auto_slide":"yes","imic_slider_speed":"","imic_slider_pagination":"yes","imic_slider_direction_arrows":"yes","imic_slider_effects":"fade","imic_switch_categories_post":"1","imic_category_to_show_on_home":["82"],"imic_number_of_post_cat":[],"imic_upcoming_area":"1","imic_latest_sermon_events_to_show_on":"letest_event","imic_custom_text_message":"","imic_advanced_event_taxonomy":[],"imic_going_on_events":"1","imic_custom_going_on_events_title":"","imic_advanced_sermons_category":[],"imic_all_event_sermon_url":"","imic_imic_featured_blocks":"1","imic_home_featured_blocks":"","imic_home_row_featured_blocks":[],"imic_home_featured_blocks1":"","imic_home_featured_blocks2":"","imic_home_featured_blocks3":"","imic_imic_upcoming_events":"1","imic_upcoming_event_taxonomy":[],"imic_custom_upcoming_events_title":"","imic_events_to_show_on":"","imic_imic_recent_posts":"1","imic_recent_post_taxonomy":[],"imic_custom_latest_news_title":"","imic_posts_to_show_on":"","imic_recent_posts_rmbutton":"2","imic_recent_posts_rmbutton_text":"","imic_imic_galleries":"1","imic_home_gallery_taxonomy":[],"imic_custom_gallery_title":"","imic_custom_more_galleries_title":"","imic_custom_more_galleries_url":"","imic_galleries_to_show_on":"","imic_galleries_background_image":[],"imic_switch_sermon_album":"1","imic_custom_albums_title":"","imic_number_of_sermon_albums":"","imic_sermon_albums_url":"","imic_gallery_pagination_to_show_on":"","imic_gallery_pagination_columns_layout":"","imic_show_gallery_title":"0","imic_gallery_masonry_to_show_on":"","imic_show_gallery_title_masonry":"0","imic_gallery_filter_columns_layout":"","imic_show_gallery_title_filter":"0","imic_advanced_gallery_taxonomy":[],"imic_advanced_event_list_taxonomy":[],"imic_advanced_post_taxonomy":[],"imic_advanced_blog_taxonomy":[],"imic_staff_to_show_on":"","imic_staff_grid_column":"","imic_advanced_staff_taxonomy":[],"imic_staff_select_orderby":"ID","imic_staff_select_order":"","imic_staff_excerpt_length":"","imic_events_timeline_view":"","imic_event_timeline_per_page":"","imic_blog_masonry_thumbnails":"0","imic_albums_select_orderby":"count","imic_albums_select_order":"ASC","imic_sermon_categories_custom_order":[]},"_links":{"self":[{"href":"https:\/\/www.descolonizacion.org\/fr\/wp-json\/wp\/v2\/pages\/3527","targetHints":{"allow":["GET"]}}],"collection":[{"href":"https:\/\/www.descolonizacion.org\/fr\/wp-json\/wp\/v2\/pages"}],"about":[{"href":"https:\/\/www.descolonizacion.org\/fr\/wp-json\/wp\/v2\/types\/page"}],"author":[{"embeddable":true,"href":"https:\/\/www.descolonizacion.org\/fr\/wp-json\/wp\/v2\/users\/1"}],"replies":[{"embeddable":true,"href":"https:\/\/www.descolonizacion.org\/fr\/wp-json\/wp\/v2\/comments?post=3527"}],"version-history":[{"count":1,"href":"https:\/\/www.descolonizacion.org\/fr\/wp-json\/wp\/v2\/pages\/3527\/revisions"}],"predecessor-version":[{"id":3528,"href":"https:\/\/www.descolonizacion.org\/fr\/wp-json\/wp\/v2\/pages\/3527\/revisions\/3528"}],"wp:attachment":[{"href":"https:\/\/www.descolonizacion.org\/fr\/wp-json\/wp\/v2\/media?parent=3527"}],"curies":[{"name":"wp","href":"https:\/\/api.w.org\/{rel}","templated":true}]}}