{"id":3525,"date":"2018-04-09T14:28:08","date_gmt":"2018-04-09T19:28:08","guid":{"rendered":"http:\/\/www.descolonizacion.org\/fr\/?page_id=3525"},"modified":"2020-05-10T08:49:49","modified_gmt":"2020-05-10T13:49:49","slug":"guides-honoraires-du-continent","status":"publish","type":"page","link":"https:\/\/www.descolonizacion.org\/fr\/guides-honoraires-du-continent\/","title":{"rendered":"Guides honoraires du Continent"},"content":{"rendered":"<ul>\n<h3>Guides honoraires du Continent nomm\u00e9s par Ra\u00ebl en reconnaissance de leur engagement pour am\u00e9liorer le monde et de l&#8217;exemplarit\u00e9 de leurs actes ou propos.<\/h3>\n<p>&nbsp;<\/ul>\n<ul>\n<div id=\"maduro\">&nbsp;<\/p>\n<p>&nbsp;<\/p>\n<p>&nbsp;<\/p>\n<p>&nbsp;<\/p>\n<li>\n<h5><img decoding=\"async\" src=\"http:\/\/www.descolonizacion.org\/wp-content\/uploads\/2020\/05\/nicolas-maduro960.jpg\" alt=\"Nicolas Maduro\" height=\"158\" width=\"210\" class=\"alignleft\" \/>Nicol\u00e1s Maduro, Guide Honoraire de l&#8217;Humanit\u00e9 (Venezuela) :<\/h5>\n<p>Le Pr\u00e9sident Maduro, pr\u00e9sident du Venezuela, a \u00e9t\u00e9 nomm\u00e9 Guide Honoraire de l&#8217;Humanit\u00e9 <strong>le 30 de mars 2020\/74aH<\/strong> car, tout comme les Pr\u00e9sidents Morales, Ch\u00e1vez et Correa, il lutte  contre les effets de la colonisation sur son pays et a tent\u00e9 de limiter les puissantes interf\u00e9rences ext\u00e9rieures dans la gestion de son \u00e9tat. <\/li>\n<\/div>\n<div id=\"morales\">&nbsp;<\/p>\n<p>&nbsp;<\/p>\n<p>&nbsp;<\/p>\n<p>&nbsp;<\/p>\n<li>\n<h5><img decoding=\"async\" src=\"http:\/\/www.descolonizacion.org\/wp-content\/uploads\/2017\/06\/arton4772.jpg\" alt=\"Evo-Morales\" height=\"158\" width=\"210\" class=\"alignleft\" \/>Evo Morales, Guide Honoraire (Bolivie) :<\/h5>\n<p>Evo Morales Ayma, pr\u00e9sident de l\u2019Etat Plurinational de Bolivie, a \u00e9t\u00e9 nomm\u00e9 Guide Honoraire, <strong>le 19 mai 2017\/71dH\/5521<\/strong> en reconnaissance pour ses actions contre l\u2019imp\u00e9rialisme et le mega capitalisme \u00e9tatsunien en Abya Yala (Am\u00e9rique du Sud) <\/li>\n<\/div>\n<div id=\"grangeiro\">&nbsp;<\/p>\n<p>&nbsp;<\/p>\n<p>&nbsp;<\/p>\n<p>&nbsp;<\/p>\n<li>\n<h5><img decoding=\"async\" src=\"http:\/\/www.descolonizacion.org\/wp-content\/uploads\/2016\/09\/Alexandre-Grangeiro.png\" alt=\"Alexandre-Grangeiro\" class=\"alignleft\" \/>Alexandre Grangeiro est Guide Honoraire (Br\u00e9sil) :<\/h5>\n<p>Guide Honoraire <strong>depuis le 20 f\u00e9vrier 2004<\/strong>. Alors \u00e0 la direction du programme de lutte contre le sida du minist\u00e8re de la Sant\u00e9 br\u00e9silien, il a publiquement condamn\u00e9 l&#8217;\u00e9glise catholique d&#8217;avoir d\u00e9clar\u00e9 \u00e0 tort que les pr\u00e9servatifs ne prot\u00e8gent pas du virus VIH, et de perp\u00e9trer ainsi un nouveau crime contre l&#8217;humanit\u00e9.<\/li>\n<p>&nbsp;<\/p>\n<p>&nbsp;<\/p>\n<p>&nbsp;<\/p>\n<div id=\"chavez\">&nbsp;<\/p>\n<p>&nbsp;<\/p>\n<p>&nbsp;<\/p>\n<p>&nbsp;<\/p>\n<li>\n<h5><img decoding=\"async\" src=\"http:\/\/www.descolonizacion.org\/wp-content\/uploads\/2016\/09\/Hugo-Chavez.png\" alt=\"Hugo-Chavez\" class=\"alignleft\" \/>Hugo Chavez est Guide Honoraire (Venezuela) : <\/h5>\n<p>Le Pr\u00e9sident du Venezuela a \u00e9t\u00e9 nomm\u00e9 Guide Honoraire <strong>en octobre 2004<\/strong> pour son soutien \u00e0 ceux qui d\u00e9noncent les g\u00e9nocides et autres crimes atroces commis par les Europ\u00e9ens pendant la colonisation des Am\u00e9riques. D\u00e9daignant le nom de la f\u00eate traditionnelle \u00ab D\u00eda de la raza \u00bb, \u00ab D\u00eda de la hispanidad \u00bb ou \u00ab Columbus Day \u00bb aux Etats-Unis, il a d\u00e9clar\u00e9 que ce jour serait d\u00e9sormais connu sous le nom de &#8220;Jour de la r\u00e9sistance indienne&#8221; en honneur des habitants autochtones.<\/li>\n<p>&nbsp;<\/p>\n<p>&nbsp;<\/p>\n<div id=\"ferrari\">&nbsp;<\/p>\n<p>&nbsp;<\/p>\n<p>&nbsp;<\/p>\n<p>&nbsp;<\/p>\n<li>\n<h5><img decoding=\"async\" src=\"http:\/\/www.descolonizacion.org\/wp-content\/uploads\/2016\/09\/Leon-Ferrari.png\" alt=\"Leon-Ferrari\" class=\"alignleft\" \/>Leon Ferrari est Guide Honoraire (Argentine) : <\/h5>\n<p>Cet artiste argentin contemporain a \u00e9t\u00e9 nomm\u00e9 Guide Honoraire <strong>le 10 janvier 2005<\/strong>, pour son \u0153uvre la plus c\u00e9l\u00e8bre, <em>La Civilizaci\u00f3n occidental y cristiana <\/em>(<em>La civilisation occidentale et chr\u00e9tienne<\/em>, 1965), dans laquelle le Christ est repr\u00e9sent\u00e9 crucifi\u00e9 sur un avion de combat am\u00e9ricain comme une protestation symbolique contre la guerre du Vietnam. Leon Ferrari a \u00e9galement cr\u00e9\u00e9 des \u0153uvres consid\u00e9r\u00e9es comme offensantes par l\u2019\u00c9glise catholique, et l\u2019une de ses expositions a d\u00fb fermer \u00e0 Buenos Aires, apr\u00e8s qu\u2019un pr\u00eatre catholique ait obtenu un ordre de justice.<\/li>\n<p>&nbsp;<\/p>\n<p>&nbsp;<\/p>\n<div id=\"barenboim\">&nbsp;<\/p>\n<p>&nbsp;<\/p>\n<p>&nbsp;<\/p>\n<p>&nbsp;<\/p>\n<li>\n<h5><img decoding=\"async\" src=\"http:\/\/www.descolonizacion.org\/wp-content\/uploads\/2016\/09\/BarenboimDaniel094.jpg\" alt=\"Barenboim Daniel\" class=\"alignleft\" \/>Daniel Barenboim est Guide Honoraire (Argentine) : <\/h5>\n<p>Ce chef d\u2019orchestre et pianiste de renom, citoyen argentin et isra\u00e9lien, a \u00e9t\u00e9 nomm\u00e9 Guide Honoraire <strong>le 17 Janvier 2008<\/strong>, pour promouvoir la paix au Moyen-Orient et d\u00e9fendre les droits des Palestiniens.<\/li>\n<p>&nbsp;<\/p>\n<p>&nbsp;<\/p>\n<p>&nbsp;<\/p>\n<p>&nbsp;<\/p>\n<div id=\"correa\">&nbsp;<\/p>\n<p>&nbsp;<\/p>\n<p>&nbsp;<\/p>\n<p>&nbsp;<\/p>\n<li>\n<h5><img decoding=\"async\" src=\"http:\/\/www.descolonizacion.org\/wp-content\/uploads\/2016\/09\/Rafael-Correa.png\" alt=\"Rafael Correa\" class=\"alignleft\" \/>Rafael Correa est Guide Honoraire (Equateur) : <\/h5>\n<p>Rafael Correa a \u00e9t\u00e9 nomm\u00e9 Guide Honoraire <strong>le 13 Septembre 2012<\/strong> (67 aH) pour avoir accord\u00e9 l&#8217;asile politique \u00e0 Julian Assange, le responsable de Wikileaks. Le pr\u00e9sident de l&#8217;Equateur a \u00e9galement re\u00e7u ce titre pour la fa\u00e7on dont il d\u00e9fend la v\u00e9rit\u00e9 et la justice nationalement et internationalement, en particulier pour la fa\u00e7on dont il r\u00e9siste \u00e0 l&#8217;intimidante pression \u00e9conomique des \u00c9tats-Unis et de leurs marionnettes.<\/li>\n<p>&nbsp;<\/p>\n<p>&nbsp;<\/p>\n<h5>La liste compl\u00e8te des Guides honoraires <a href=\"http:\/\/fr.raelianews.org\/honorary-guides\" target=\"_blank\" rel=\"noopener noreferrer\">peut \u00eatre consult\u00e9e >ici<.<\/a><\/h5>\n<\/ul>\n<p>&nbsp;<\/p>\n","protected":false},"excerpt":{"rendered":"<p>Guides honoraires du Continent nomm\u00e9s par Ra\u00ebl en reconnaissance de leur engagement pour am\u00e9liorer le monde et de l&#8217;exemplarit\u00e9 de leurs actes ou propos. &nbsp; [&hellip;]<\/p>\n","protected":false},"author":1,"featured_media":0,"parent":0,"menu_order":0,"comment_status":"closed","ping_status":"closed","template":"","meta":{"footnotes":""},"class_list":["post-3525","page","type-page","status-publish","hentry"],"meta_box":{"imic_strict_no_header":"","imic_page_topbar_show":"","imic_page_specific_header":"","imic_page_logo_image":[],"imic_page_retina_logo_image":[],"imic_page_retina_logo_image_width":"","imic_page_retina_logo_image_height":"","imic_page_layout":"","imic_content_width":"","imic_content_padding_top":"","imic_content_padding_bottom":"","imic_pages_body_bg_color":"","imic_pages_body_bg_image":[],"imic_pages_body_bg_wide":"","imic_pages_body_bg_repeat":"","imic_pages_content_bg_color":"","imic_pages_content_bg_image":[],"imic_pages_content_bg_wide":"","imic_pages_content_bg_repeat":"","imic_page_header_show":"","imic_pages_Choose_slider_display":"0","imic_header_image":[{"width":150,"height":150,"file":"2016\/09\/Menu-A-Propos-F.jpg","filesize":78028,"sizes":{"woocommerce_thumbnail":{"file":"Menu-A-Propos-F-300x150.jpg","width":300,"height":150,"mime-type":"image\/jpeg","filesize":15492,"uncropped":false,"url":"https:\/\/www.descolonizacion.org\/wp-content\/uploads\/2016\/09\/Menu-A-Propos-F-300x150.jpg"},"woocommerce_gallery_thumbnail":{"file":"Menu-A-Propos-F-100x100.jpg","width":100,"height":100,"mime-type":"image\/jpeg","filesize":3432,"url":"https:\/\/www.descolonizacion.org\/wp-content\/uploads\/2016\/09\/Menu-A-Propos-F-100x100.jpg"},"woocommerce_single":{"file":"Menu-A-Propos-F-600x82.jpg","width":600,"height":82,"mime-type":"image\/jpeg","filesize":16166,"url":"https:\/\/www.descolonizacion.org\/wp-content\/uploads\/2016\/09\/Menu-A-Propos-F-600x82.jpg"},"thumbnail":{"file":"Menu-A-Propos-F-150x150.jpg","width":150,"height":150,"mime-type":"image\/jpeg","url":"https:\/\/www.descolonizacion.org\/wp-content\/uploads\/2016\/09\/Menu-A-Propos-F-150x150.jpg"},"medium":{"file":"Menu-A-Propos-F-300x41.jpg","width":300,"height":41,"mime-type":"image\/jpeg","url":"https:\/\/www.descolonizacion.org\/wp-content\/uploads\/2016\/09\/Menu-A-Propos-F-300x41.jpg"},"medium_large":{"file":"Menu-A-Propos-F-768x105.jpg","width":768,"height":105,"mime-type":"image\/jpeg","url":"https:\/\/www.descolonizacion.org\/wp-content\/uploads\/2016\/09\/Menu-A-Propos-F-768x105.jpg"},"large":{"file":"Menu-A-Propos-F-1024x140.jpg","width":1024,"height":140,"mime-type":"image\/jpeg","url":"https:\/\/www.descolonizacion.org\/wp-content\/uploads\/2016\/09\/Menu-A-Propos-F-1024x140.jpg"},"post-thumbnail":{"file":"Menu-A-Propos-F-958x131.jpg","width":958,"height":131,"mime-type":"image\/jpeg","url":"https:\/\/www.descolonizacion.org\/wp-content\/uploads\/2016\/09\/Menu-A-Propos-F-958x131.jpg"},"600x400":{"file":"Menu-A-Propos-F-600x150.jpg","width":600,"height":150,"mime-type":"image\/jpeg","url":"https:\/\/www.descolonizacion.org\/wp-content\/uploads\/2016\/09\/Menu-A-Propos-F-600x150.jpg"},"1000x800":{"file":"Menu-A-Propos-F-1000x150.jpg","width":1000,"height":150,"mime-type":"image\/jpeg","url":"https:\/\/www.descolonizacion.org\/wp-content\/uploads\/2016\/09\/Menu-A-Propos-F-1000x150.jpg"},"sow-carousel-default":{"file":"Menu-A-Propos-F-272x150.jpg","width":272,"height":150,"mime-type":"image\/jpeg","url":"https:\/\/www.descolonizacion.org\/wp-content\/uploads\/2016\/09\/Menu-A-Propos-F-272x150.jpg"}},"image_meta":{"aperture":"0","credit":"","camera":"","caption":"","created_timestamp":"0","copyright":"","focal_length":"0","iso":"0","shutter_speed":"0","title":"","orientation":"0","keywords":[]},"ID":"2829","name":"Menu-A-Propos-F.jpg","path":"\/home2\/descolinizacion\/public_html\/wp-content\/uploads\/2016\/09\/Menu-A-Propos-F.jpg","url":"https:\/\/www.descolonizacion.org\/wp-content\/uploads\/2016\/09\/Menu-A-Propos-F-150x150.jpg","full_url":"https:\/\/www.descolonizacion.org\/wp-content\/uploads\/2016\/09\/Menu-A-Propos-F.jpg","title":"menu-a-propos-f","caption":"","description":"","alt":"","srcset":"https:\/\/www.descolonizacion.org\/wp-content\/uploads\/2016\/09\/Menu-A-Propos-F-150x150.jpg 150w, https:\/\/www.descolonizacion.org\/wp-content\/uploads\/2016\/09\/Menu-A-Propos-F-100x100.jpg 100w"}],"imic_pages_select_revolution_from_list":"[rev_slider alias=\\\"home-french\\\"]","imic_pages_select_smart_from_list":"","imic_pages_slider_height":"","imic_pages_slider_image":[],"imic_pages_slider_auto_slide":"yes","imic_pages_slider_speed":"","imic_pages_slider_pagination":"yes","imic_pages_slider_direction_arrows":"yes","imic_pages_slider_effects":"fade","imic_pages_banner_color":"","imic_pages_breadcrumb_show":"","imic_pages_title_show":"","imic_pages_banner_bg_color":"","imic_post_page_custom_title":"","imic_pages_banner_text_color":"","imic_pages_title_alignment":"","imic_page_social_share":"","imic_select_sidebar_from_list":"","imic_select_sidebar_position":"","imic_contact_email":"lolohim@gmail.com","imic_contact_subject":"","imic_our_location_text":"","imic_contact_map_display":"no","imic_contact_map_box_code":"","imic_Choose_slider_display":"0","imic_select_smart_from_list":"","imic_select_revolution_from_list":"[rev_slider alias=\\\"home-french\\\"]","imic_slider_image":[],"imic_slider_auto_slide":"yes","imic_slider_speed":"","imic_slider_pagination":"yes","imic_slider_direction_arrows":"yes","imic_slider_effects":"fade","imic_switch_categories_post":"1","imic_category_to_show_on_home":["82"],"imic_number_of_post_cat":[],"imic_upcoming_area":"1","imic_latest_sermon_events_to_show_on":"letest_event","imic_custom_text_message":"","imic_advanced_event_taxonomy":[],"imic_going_on_events":"1","imic_custom_going_on_events_title":"","imic_advanced_sermons_category":[],"imic_all_event_sermon_url":"","imic_imic_featured_blocks":"1","imic_home_featured_blocks":"","imic_home_row_featured_blocks":[],"imic_home_featured_blocks1":"","imic_home_featured_blocks2":"","imic_home_featured_blocks3":"","imic_imic_upcoming_events":"1","imic_upcoming_event_taxonomy":[],"imic_custom_upcoming_events_title":"","imic_events_to_show_on":"","imic_imic_recent_posts":"1","imic_recent_post_taxonomy":[],"imic_custom_latest_news_title":"","imic_posts_to_show_on":"","imic_recent_posts_rmbutton":"2","imic_recent_posts_rmbutton_text":"","imic_imic_galleries":"1","imic_home_gallery_taxonomy":[],"imic_custom_gallery_title":"","imic_custom_more_galleries_title":"","imic_custom_more_galleries_url":"","imic_galleries_to_show_on":"","imic_galleries_background_image":[],"imic_switch_sermon_album":"1","imic_custom_albums_title":"","imic_number_of_sermon_albums":"","imic_sermon_albums_url":"","imic_gallery_pagination_to_show_on":"","imic_gallery_pagination_columns_layout":"","imic_show_gallery_title":"0","imic_gallery_masonry_to_show_on":"","imic_show_gallery_title_masonry":"0","imic_gallery_filter_columns_layout":"","imic_show_gallery_title_filter":"0","imic_advanced_gallery_taxonomy":[],"imic_advanced_event_list_taxonomy":[],"imic_advanced_post_taxonomy":[],"imic_advanced_blog_taxonomy":[],"imic_staff_to_show_on":"","imic_staff_grid_column":"","imic_advanced_staff_taxonomy":[],"imic_staff_select_orderby":"ID","imic_staff_select_order":"","imic_staff_excerpt_length":"","imic_events_timeline_view":"","imic_event_timeline_per_page":"","imic_blog_masonry_thumbnails":"0","imic_albums_select_orderby":"count","imic_albums_select_order":"ASC","imic_sermon_categories_custom_order":[]},"_links":{"self":[{"href":"https:\/\/www.descolonizacion.org\/fr\/wp-json\/wp\/v2\/pages\/3525","targetHints":{"allow":["GET"]}}],"collection":[{"href":"https:\/\/www.descolonizacion.org\/fr\/wp-json\/wp\/v2\/pages"}],"about":[{"href":"https:\/\/www.descolonizacion.org\/fr\/wp-json\/wp\/v2\/types\/page"}],"author":[{"embeddable":true,"href":"https:\/\/www.descolonizacion.org\/fr\/wp-json\/wp\/v2\/users\/1"}],"replies":[{"embeddable":true,"href":"https:\/\/www.descolonizacion.org\/fr\/wp-json\/wp\/v2\/comments?post=3525"}],"version-history":[{"count":4,"href":"https:\/\/www.descolonizacion.org\/fr\/wp-json\/wp\/v2\/pages\/3525\/revisions"}],"predecessor-version":[{"id":3899,"href":"https:\/\/www.descolonizacion.org\/fr\/wp-json\/wp\/v2\/pages\/3525\/revisions\/3899"}],"wp:attachment":[{"href":"https:\/\/www.descolonizacion.org\/fr\/wp-json\/wp\/v2\/media?parent=3525"}],"curies":[{"name":"wp","href":"https:\/\/api.w.org\/{rel}","templated":true}]}}