{"id":3519,"date":"2018-04-09T14:21:18","date_gmt":"2018-04-09T19:21:18","guid":{"rendered":"http:\/\/www.descolonizacion.org\/fr\/?page_id=3519"},"modified":"2018-04-09T14:30:56","modified_gmt":"2018-04-09T19:30:56","slug":"colonialisme","status":"publish","type":"page","link":"https:\/\/www.descolonizacion.org\/fr\/colonialisme\/","title":{"rendered":"Colonialisme"},"content":{"rendered":"<h2>Colonialisme ou colonialismes?<\/h2>\n<ul>\n<ul>\n<li>\n<p>Le colonialisme et l\u2019imp\u00e9rialisme sont des ph\u00e9nom\u00e8nes que l\u2019on retrouve dans les soci\u00e9t\u00e9s humaines qui depuis leur pr\u00e9sence sur terre se sont adonn\u00e9es aux guerres et \u00e0 la subjugation des voisins proches ou lointains. <!--more--><\/p>\n<\/li>\n<\/ul>\n<\/ul>\n<p>&nbsp;<\/p>\n<ul>\n<ul>\n<li>\n<p><h5>Espagnols, Portugais puis Anglais et Etatsuniens : m\u00eame mot pour des maux divers ?<\/h5>\n<p><img decoding=\"async\" class=\"alignleft\" src=\"http:\/\/www.descolonizacion.org\/wp-content\/uploads\/2016\/09\/amazonie-slider4-low.jpg\" alt=\"Colonisation Colonisacion \" \/>La colonisation du continent dit \u00ab Am\u00e9rique Latine \u00bb par les nations ib\u00e9riques rentre dans cette cat\u00e9gorie. Elle diff\u00e8re des colonisations anglaises et fran\u00e7aises du nord du continent, des diverses colonisations europ\u00e9ennes de l\u2019Afrique, Asie ou Oc\u00e9anie, de l\u2019Imp\u00e9rialisme romain, napol\u00e9onien, victorien, inca, azt\u00e8que, zoulou, mongol, grec, g\u00e9nois, maure, sioniste, fran\u00e7ais en Alg\u00e9rie, espagnol au Maroc et Sahara Occidental, \u00e9tasunien, perse, saoudien, ottoman, russe, japonais, chinois, danois, viking, germain, celte et la liste pourrait s\u2019\u00e9tendre sur des pages, car la plupart des peuples de la Terre ont d\u00e9bord\u00e9 et \u00e9tendu leurs pr\u00e9sence et domination sur des peuples, nations, \u00e9tats, tribus, populations ext\u00e9rieurs \u00e0 leur \u00ab zone naturelle \u00bb.<\/p>\n<\/li>\n<\/ul>\n<\/ul>\n<p>&nbsp;<\/p>\n<ul>\n<ul>\n<li>\n<p>En r\u00e9alit\u00e9 c\u2019est parce qu\u2019il n\u2019y a pas de \u00ab zone naturelle \u00bb \u00e0 des groupes d\u00e9termin\u00e9s de populations que des flux portent d\u2019une r\u00e9gion \u00e0 une autre des peuples ou leur extension sous forme d\u2019arm\u00e9e, d\u2019administration, de colons, de missionnaires, de marchands.<\/p>\n<\/li>\n<\/ul>\n<\/ul>\n<p>&nbsp;<\/p>\n<ul>\n<ul>\n<li>\n<p>Il serait difficile, voire impossible, de trouver des innocents dans cet incessant flux et reflux. Il est n\u00e9anmoins possible d\u2019en trouver qui sont plus coupables, bien que notre dessein n\u2019est pas de cultiver la culpabilit\u00e9 mais d\u2019arriver, non pas \u00e0 r\u00e9parer le pass\u00e9, ce qui est impossible, mais le rectifier en restaurant un pr\u00e9sent prometteur qui s\u2019alimente des apprentissages que l\u2019histoire nous offre, et se construise en se projetant vers un avenir d\u00e9sencombr\u00e9 des cons\u00e9quences des faits accomplis.<\/p>\n<\/li>\n<\/ul>\n<\/ul>\n<p>&nbsp;<\/p>\n<ul>\n<ul>\n<li>\n<p><strong>Nous ne pourrons pas d\u00e9gager une trajectoire claire pour le continent dit Latino-am\u00e9ricain sans une introspection dans le traumatisme qu\u2019a \u00e9t\u00e9 la colonisation particuli\u00e8rement barbare dont il a souffert<\/strong> et continue d\u2019en souffrir \u00e0 cause des r\u00e9percussions de la spoliation avide qu\u2019il a endur\u00e9e pendant cinq si\u00e8cles, de son <strong>acculturation<\/strong>, de la persistance de structures sociales, de modes de pens\u00e9e, d\u2019organisation de la soci\u00e9t\u00e9 et des m\u0153urs, croyances et pratiques impos\u00e9es par l\u2019invasion hispano-portugaise, et suivie par le perfide colonialisme \u00e9conomique anglais, puis l\u2019imp\u00e9rialisme \u00e9tatsunien.<\/p>\n<\/li>\n<\/ul>\n<\/ul>\n<p>&nbsp;<\/p>\n<ul>\n<ul>\n<li>\n<p>Ces trois vagues de dominations continuent d\u2019exercer des influences quantitativement et qualitativement diverses mais toutes de nature le plus souvent n\u00e9faste.<\/p>\n<\/li>\n<\/ul>\n<\/ul>\n<p>&nbsp;<\/p>\n<ul>\n<ul>\n<li>\n<p><h5>La Bolivie, c\u0153ur du continent et exemplarit\u00e9 de r\u00e9silience<\/h5>\n<p><img decoding=\"async\" class=\"alignleft\" src=\"http:\/\/www.descolonizacion.org\/wp-content\/uploads\/2016\/09\/440px-Coat_of_arms_of_Bolivia_1825.svg_.png\" alt=\"Bolivia\" \/>Notre c\u0153ur penche instinctivement vers les dirigeants des nations de ce continent qui ont montr\u00e9 le courage de s\u2019\u00e9manciper, ind\u00e9pendamment des mesures et d\u00e9cisions qui rel\u00e8vent purement de la politique int\u00e9rieure des \u00c9tats et pour lesquelles nous ne prendrons pas fait et cause.<\/p>\n<\/li>\n<\/ul>\n<\/ul>\n<p>&nbsp;<\/p>\n<ul>\n<ul>\n<li>\n<p>Parmi ces nations, la Bolivie est aujourd\u2019hui la plus remarquable. Elle est le c\u0153ur de ce continent, g\u00e9ographiquement et culturellement, et cela se comprend, en partie, si l\u2019on consid\u00e8re que les deux tiers de sa population sont enti\u00e8rement indig\u00e8nes et qu\u2019enfin un pr\u00e9sident en est issu.<\/p>\n<\/li>\n<\/ul>\n<\/ul>\n<p>&nbsp;<\/p>\n<ul>\n<ul>\n<li>\n<p>Nous souhaitons et esp\u00e9rons que d\u2019autres nations s\u2019engagent dans la voie qu\u2019elle montre, car il n\u2019y aura pas de r\u00e9solution du \u00ab probl\u00e8me latino-am\u00e9ricain \u00bb sans une remise en cause des paradigmes impos\u00e9s d\u2019abord par les Ib\u00e8res puis ensuite par les mains invisibles de l\u2019Angleterre et des Etats-Unis d\u2019Am\u00e9rique qui, apr\u00e8s la faillite des syst\u00e8mes fascistes qu\u2019ils ont parrain\u00e9s, ont pratiqu\u00e9 la politique de la propagande et endoctrinement afin de r\u00e9duire les populations de ce continent \u00e0 l\u2019\u00e9tat de banlieusards pauvres du r\u00eave am\u00e9ricain, ramassis d\u2019aspirations narcissiques et de soumissions \u00e0 la qu\u00eate d\u2019un bien-\u00eatre purement mat\u00e9riel et sans transcendance.<\/p>\n<\/li>\n<\/ul>\n<\/ul>\n<p>&nbsp;<\/p>\n<ul>\n<ul>\n<li>\n<p><h5>Histoire comme science, histoire r\u00e9vis\u00e9e et histoire id\u00e9ologis\u00e9e<\/h5>\n<p>Quelle aurait \u00e9t\u00e9 l\u2019histoire de ces contr\u00e9es sans la venue des Europ\u00e9ens ? Cette question est non pertinente, car nous ne le saurons jamais, et puis, il fallait bien que cette \u00eele de 43 millions de kilom\u00e8tres carr\u00e9s rentr\u00e2t un jour en contact avec le bloc indoeurop\u00e9en et africain!<br \/>\n<br \/>&nbsp;<\/p>\n<p>&nbsp;<br \/>\n \tOn aurait pu souhaiter qu\u2019il se f\u00eet sous de meilleurs auspices, mais consid\u00e9rant ce qu\u2019\u00e9tait l\u2019art maritime des uns et des autres, il e\u00fbt \u00e9t\u00e9 difficile que la \u00ab d\u00e9couverte \u00bb se f\u00eet dans l\u2019autre sens. Malheureusement pour le &#8220;nouveau&#8221; et les &#8220;anciens mondes&#8221;, ceux qui ma\u00eetrisaient cet art \u00e9taient aussi les ma\u00eetres, ou les serviteurs, de la (re)conqu\u00eate et de l&#8217;agressivit\u00e9.&#8221;<\/p>\n<\/li>\n<li>\n<p><img decoding=\"async\" class=\"alignright\" src=\"http:\/\/www.descolonizacion.org\/wp-content\/uploads\/2016\/09\/boat-bateaux-naves285.jpg\" alt=\"boat-bateaux-naves\" \/><br \/>\n \tCe furent les Espagnols, sortis de sept si\u00e8cles de guerres de reconqu\u00eate et pouss\u00e9s par un \u00e9lan guerrier et une ferveur religieuse cons\u00e9quents, qui y arriv\u00e8rent les premiers, l\u2019\u00c9vangile dans une main et l\u2019\u00e9p\u00e9e dans l\u2019autre avec les r\u00e9sultats que l\u2019on sait, bien que tout ne f\u00fbt pas forc\u00e9ment noir. En effet il n\u2019est pas d\u00e9raisonnable de consid\u00e9rer que les puissances protestantes du nord de l\u2019Europe aux prises avec une Espagne catholique dominatrice aient amplifi\u00e9 la chose, en Europe, usant de la pr\u00e9potence \u00e9ditoriale hollandaise, et de la libert\u00e9 de pens\u00e9e qui naissait dans ces contr\u00e9es, plus qu\u2019ailleurs, pour \u00e9baucher une l\u00e9gende noire de leur grand rival du sud.<br \/>&nbsp;<\/p>\n<p> \tMais au-del\u00e0 de toutes les d\u00e9fenses que les Luso-Ib\u00e8res pourraient produire en leur faveur, il reste des faits ind\u00e9niables et suffisants : <strong>ce fut leur venue qui ent\u00e9rina un processus de destruction dont les cons\u00e9quences se prolongent jusqu\u2019\u00e0 aujourd\u2019hui.<\/strong><\/p>\n<\/li>\n<\/ul>\n<\/ul>\n<p>&nbsp;<\/p>\n<ul>\n<ul>\n<li>\n<p>L\u2019histoire est une science, ou du moins elle essaie de l\u2019\u00eatre. Laissons la faire \u00e0 l\u2019abri des id\u00e9ologies. <strong>Nous ne pr\u00e9tendrons pas ici faire office d\u2019historiens. <\/strong> Nous les appuyons n\u00e9anmoins de nos v\u0153ux afin qu\u2019ils soient au-dessus du d\u00e9bat, car l\u2019histoire comme discipline est presque toujours perdante dans les d\u00e9bats li\u00e9s \u00e0 une forme de militantisme. Il ne serait pas souhaitable qu\u2019elle recr\u00e9e des versions qui int\u00e9ressent les uns ou les autres. Elle se doit d\u2019\u00eatre objective dans les limites que son objet lui fournit, sans chercher \u00e0 favoriser les dominants, ni les victimes, ce qui est une tendance accentu\u00e9e \u00e0 <strong>une \u00e9poque propice aux dogmes victimaires.<\/strong><\/p>\n<\/li>\n<\/ul>\n<\/ul>\n<p>&nbsp;<\/p>\n<ul>\n<ul>\n<li>\n<p><h5>Imp\u00e9rialismes pr\u00e9colombiens<\/h5>\n<p><img decoding=\"async\" class=\"alignright\" src=\"http:\/\/www.descolonizacion.org\/wp-content\/uploads\/2016\/09\/inca-maya-aztec-161755_1280.png\" alt=\"inca-maya-aztec\" \/>Ce continent n\u2019\u00e9tait pas un paradis humain avant la venue des Espagnols, le croire serait \u00eatre na\u00eff ou faire preuve de mauvaise foi. Des empires existaient ; Inca, Maya, Azt\u00e8ques, envahisseurs, pr\u00e9dateurs, brutaux, sanguinaires et tyranniques. L\u2019esclavage, la guerre, les vols de femmes, les castrations forc\u00e9es, tortures et m\u00eame sacrifices humains faisaient partie, \u00e0 des degr\u00e9s divers, de la r\u00e9alit\u00e9 de tous ces peuples, petits et grands.<\/p>\n<\/li>\n<li>\n<p>Cela ne d\u00e9douane en rien les conqu\u00e9rants. Toutefois ne c\u00e9dons pas \u00e0 la tentation de transformer un devoir de m\u00e9moire et les exigences d\u2019excuses et de d\u00e9dommagements moraux et mat\u00e9riels auxquels il incombe aux Europ\u00e9ens de faire honneur, en <strong>une id\u00e9alisation des temps pr\u00e9colombiens. <\/strong><\/p>\n<p>Le rejet de la colonisation ne doit en aucun cas \u00eatre contrebalanc\u00e9 par une glorification b\u00e9ate de tout ce qui aurait exist\u00e9 &#8220;avant&#8221; et qui contient aussi et forc\u00e9ment une part de la responsabilit\u00e9. <\/p>\n<p>Si les peuples autochtones avaient ma\u00eetris\u00e9 une certaine forme de rationalit\u00e9, ils n&#8217;auraient pas cru que des dieux vinssent leur rendre visite. Si l&#8217;Inca Atahualpa n&#8217;avait pas \u00e9t\u00e9 aussi imbu de sa personne, s&#8217;il ne s&#8217;\u00e9tait pas pris pour un demi-dieu, il ne serait pas tomb\u00e9 dans le pi\u00e8ge enfantin de Pizarro. Si ces peuples avaient \u00e9t\u00e9 unis contre l&#8217;envahisseur ils auraient r\u00e9sist\u00e9 suffisamment pour ne pas se voir humili\u00e9s puis an\u00e9antis de la sorte. <\/p>\n<p>Il ne s&#8217;agit pas responsabiliser les conquis de la conqu\u00eate mais de sugg\u00e9rer que les soci\u00e9t\u00e9s pr\u00e9-colombiennes n&#8217;ont pas pu lui faire face parce qu&#8217;elles-m\u00eames p\u00e2tissaient de certains maux: l&#8217;irrationalit\u00e9; l&#8217;imp\u00e9rialisme, les guerres et rivalit\u00e9s internes; l&#8217;absence d&#8217;une conscience continentale qui e\u00fbt soud\u00e9 d&#8217;immenses arm\u00e9es contre les Europ\u00e9ens; la tyrannie et le statut quasi divin des empereurs ou rois qui du haut de leur toute puissance ne prirent pas au s\u00e9rieux les poign\u00e9es d&#8217;Espagnols d\u00e9barqu\u00e9s sur leurs c\u00f4tes&#8230; <\/p>\n<p>&#8230;et parfois l&#8217;innocence de petits peuples, et c&#8217;est l\u00e0 peut-\u00eatre l&#8217;aspect le plus laid de la conqu\u00eate de l&#8217;ensemble du continent: l&#8217;abus des peuples innocents qui m\u00eame s&#8217;ils pouvaient avoir des moments de violence, gardaient des traits du &#8220;bon sauvage&#8221; c&#8217;est-\u00e0-dire de celui qui n&#8217;est pas encore parvenu \u00e0 \u00e9laborer suffisamment de mal en lui pour se douter, ni m\u00eame \u00eatre en mesure de concevoir qu&#8217;un aussi grand p\u00e9ril que celui qui allait s&#8217;abattre sur son monde f\u00fbt possible. Et il d\u00e9passa la limite de son imagination. Il y mettrait fin. Et que peut-on imaginer de pire que la fin de son monde?<\/p>\n<\/li>\n<\/ul>\n<\/ul>\n<p>&nbsp;<\/p>\n<ul>\n<ul>\n<li>\n<p>Ceci ne doit pas non plus diminuer la grandeur de civilisations qui \u00e9taient \u00e0 bien des \u00e9gards sup\u00e9rieures \u00e0 ce que pouvaient alors proposer l\u2019Occident. La r\u00e9cup\u00e9ration des \u00e9l\u00e9ments culturels, spirituels, id\u00e9ologiques pr\u00e9colombiens et leur adaptation aux exigences modernes doit se faire en bonne intelligence et d\u00e9gag\u00e9e des tentations de glorification. Sortir des mensonges dans lesquels ce continent a baign\u00e9 pendant des si\u00e8cles, pour rentrer dans des nouveaux mensonges ne serait pas une op\u00e9ration souhaitable, bien qu\u2019il soit compr\u00e9hensible qu\u2019on assiste \u00e0 des processus d\u2019enjolivement de ce qui fut \u00ab avant \u00bb. Il faudrait veiller \u00e0 les contenir dans les limites acceptables, et l\u00e9gitimes pourrions-nous rajouter, tout en sachant ne pas frustrer ni inhiber l\u2019enthousiasme de ceux qui se r\u00e9veillent d\u2019un long cauchemar dans lequel ils furent cantonn\u00e9s au r\u00f4le de victimes muettes et invisibles.<\/p>\n<\/li>\n<\/ul>\n<\/ul>\n<p>&nbsp;<\/p>\n<ul>\n<ul>\n<li>\n<p>Il demeure, que par-del\u00e0 les sp\u00e9culations historiographiques et tous les r\u00e9visionnismes et relativisations possibles dans un sens comme dans l\u2019autre, les civilisations qui peuplaient ce continent avant l\u2019arriv\u00e9e des Europ\u00e9ens le faisaient en accord avec des modes de vie, qui s\u2019ils n\u2019\u00e9taient pas parfaits, et ils ne le sont nulle part, et ne l\u2019\u00e9taient en aucun cas en Europe \u00e0 cette \u00e9poque, avaient \u00e9t\u00e9 d\u00e9termin\u00e9s par elles et qu\u2019aucune invitation \u00e0 ce qu\u2019ils fussent substitu\u00e9s par d\u2019autres n\u2019avait \u00e9t\u00e9 \u00e9mise et c\u2019est l\u00e0 o\u00f9 se d\u00e9finissent <strong>les deux param\u00e8tres de l\u2019inad\u00e9quation de la colonisation : le degr\u00e9 d\u2019imposition du colonisateur et l\u2019\u00e9volution, vers le pire, des conditions de vie des colonis\u00e9s.<\/strong><\/p>\n<\/li>\n<\/ul>\n<\/ul>\n<p>&nbsp;<\/p>\n<ul>\n<ul>\n<li>\n<p><h5>Rome, l\u2019Inca et les Luso-ib\u00e8res<\/h5>\n<p>L\u2019Imp\u00e9rialisme romain ainsi que l\u2019inca, se sont \u00e9tendus suivant le jeu diplomatique qui prolongeait une acceptation plus ou moins explicite, de la part des plus faibles, des avantages de s\u2019incorporer pacifiquement \u00e0 la puissance montante et dans une certaine mesure admir\u00e9e, ou celui de la guerre et de l\u2019invasion arm\u00e9e. Dans ces deux empires les conditions de vies s\u2019am\u00e9lior\u00e8rent.<\/p>\n<\/li>\n<\/ul>\n<\/ul>\n<p>&nbsp;<\/p>\n<ul>\n<ul>\n<li>\n<p><img decoding=\"async\" class=\"alignleft\" src=\"http:\/\/www.descolonizacion.org\/wp-content\/uploads\/2016\/09\/aztec-conquistador-545745_1280-1.jpg\" alt=\"aztec-conquistador\" \/>La conqu\u00eate ib\u00e9rique, quant \u00e0 elle, n\u2019a pu r\u00e9ussir et s\u2019\u00e9tendre avec autant de facilit\u00e9, \u00e9tant donn\u00e9 les peu de moyens envoy\u00e9s, que suite \u00e0 des alliances, profitants des tensions internes, rivalit\u00e9s et frustrations de peuples subjugu\u00e9s par des voisins plus puissants, sans parler du <strong>d\u00e9semparement face \u00e0 des barbus arriv\u00e9s sur de grands vaisseaux, mont\u00e9s \u00e0 cheval et qui \u00ab poss\u00e9daient le tonnerre \u00bb et dont on pouvait croire qu\u2019ils fussent des \u00ab dieux \u00bb ou leurs envoy\u00e9s.<\/strong><\/p>\n<p>La diff\u00e9rence r\u00e9side d\u2019une part dans la soudainet\u00e9 du choc : les conquis ne pouvaient pas s\u2019y attendre et encore moins s\u2019y pr\u00e9parer. Ils ne pouvaient m\u00eame pas le conceptualiser, les deux civilisations n\u2019ayant entretenues aucun liens et n\u2019\u00e9tant m\u00eame pas au fait de leurs existences respectives, et d\u2019autre part dans <strong>l\u2019imposition par les envahisseurs d\u2019un syst\u00e8me qui ne servait que leurs int\u00e9r\u00eats et qui \u00e9tait \u00e0 presque tous les \u00e9gards incompatible et nuisible aux populations indig\u00e8nes.<\/strong><\/p>\n<\/li>\n<\/ul>\n<\/ul>\n<p>&nbsp;<\/p>\n<ul>\n<ul>\n<li>\n<p><strong>Qu\u2019une civilisation conqui\u00e8re et subjugue une autre ne constitue pas le probl\u00e8me du colonialisme ou de l\u2019imp\u00e9rialisme, puisque toute civilisation porte ces tendances en elle. Le probl\u00e8me r\u00e9side dans la mani\u00e8re et dans les r\u00e9sultats. Comment cela est men\u00e9 et qu\u2019advient-il des populations ?<\/strong><\/p>\n<\/li>\n<\/ul>\n<\/ul>\n<p>&nbsp;<\/p>\n<ul>\n<ul>\n<li>\n<p>Le bilan romain et inca tend \u00e0 \u00eatre positif, si ce n\u2019est tr\u00e8s positif selon certains crit\u00e8res. Quel serait le bilan de la colonisation ib\u00e9rique?<\/p>\n<\/li>\n<\/ul>\n<\/ul>\n<p>&nbsp;<\/p>\n<ul>\n<ul>\n<li>\n<p>Suite aux conqu\u00eates, une caste espagnole et portugaise ont impos\u00e9 un syst\u00e8me f\u00e9odal \u00e0 la mode tropicale, abrogeant ainsi les structures sociale, politique, religieuse et \u00e9conomique qui pr\u00e9valaient avant leur venue.<\/p>\n<\/li>\n<\/ul>\n<\/ul>\n<p>&nbsp;<\/p>\n<ul>\n<ul>\n<li>\n<p><h5>Plus que la conqu\u00eate c\u2019est ce qui a suivi qui a \u00e9t\u00e9 destructeur.<\/h5>\n<p>Une d\u00e9faite militaire, m\u00eame suivie de massacres, ne met pas fin \u00e0 une civilisation. La fin est venue de l\u2019imposition d\u2019un syst\u00e8me qui \u00e9tait contraire aux int\u00e9r\u00eats des autochtones et ne profitait qu\u2019aux envahisseurs.<\/p>\n<\/li>\n<\/ul>\n<\/ul>\n<li>\n<p>Si de toute rencontre, aussi vilaine f\u00fbt-elle, on peut extraire quelque chose de positif, il ne serait pas p\u00e9remptoire de d\u00e9clarer que ce processus, par \u00e9tapes, fut globalement n\u00e9gatif et qu\u2019en cons\u00e9quence aucun discours apolog\u00e9tique n\u2019est acceptable. Il n\u2019est pas superflu de le rappeler, en particulier aux Espagnols et Portugais pour qui la simple id\u00e9e d\u2019\u00e9mettre une forme d\u2019excuses semble constituer un insupportable affront. Il faudra pourtant bien y arriver! De excuses et des compensations !<\/p>\n<\/li>\n<p>&nbsp;<\/p>\n<ul>\n<ul>\n<li>\n<p><h5>Un grand projet de d\u00e9colonisation s\u2019impose!<\/h5>\n<\/ul>\n<\/ul>\n<p>&nbsp;<\/p>\n","protected":false},"excerpt":{"rendered":"<p>Colonialisme ou colonialismes? Le colonialisme et l\u2019imp\u00e9rialisme sont des ph\u00e9nom\u00e8nes que l\u2019on retrouve dans les soci\u00e9t\u00e9s humaines qui depuis leur pr\u00e9sence sur terre se sont [&hellip;]<\/p>\n","protected":false},"author":1,"featured_media":0,"parent":0,"menu_order":0,"comment_status":"closed","ping_status":"closed","template":"","meta":{"footnotes":""},"class_list":["post-3519","page","type-page","status-publish","hentry"],"meta_box":{"imic_strict_no_header":"","imic_page_topbar_show":"","imic_page_specific_header":"","imic_page_logo_image":[],"imic_page_retina_logo_image":[],"imic_page_retina_logo_image_width":"","imic_page_retina_logo_image_height":"","imic_page_layout":"","imic_content_width":"","imic_content_padding_top":"","imic_content_padding_bottom":"","imic_pages_body_bg_color":"","imic_pages_body_bg_image":[],"imic_pages_body_bg_wide":"","imic_pages_body_bg_repeat":"","imic_pages_content_bg_color":"","imic_pages_content_bg_image":[],"imic_pages_content_bg_wide":"","imic_pages_content_bg_repeat":"","imic_page_header_show":"","imic_pages_Choose_slider_display":"0","imic_header_image":[{"width":150,"height":150,"file":"2016\/09\/Menu-Objectifs-F.jpg","filesize":77580,"sizes":{"woocommerce_thumbnail":{"file":"Menu-Objectifs-F-300x150.jpg","width":300,"height":150,"mime-type":"image\/jpeg","filesize":15400,"uncropped":false,"url":"https:\/\/www.descolonizacion.org\/wp-content\/uploads\/2016\/09\/Menu-Objectifs-F-300x150.jpg"},"woocommerce_gallery_thumbnail":{"file":"Menu-Objectifs-F-100x100.jpg","width":100,"height":100,"mime-type":"image\/jpeg","filesize":3442,"url":"https:\/\/www.descolonizacion.org\/wp-content\/uploads\/2016\/09\/Menu-Objectifs-F-100x100.jpg"},"woocommerce_single":{"file":"Menu-Objectifs-F-600x82.jpg","width":600,"height":82,"mime-type":"image\/jpeg","filesize":16168,"url":"https:\/\/www.descolonizacion.org\/wp-content\/uploads\/2016\/09\/Menu-Objectifs-F-600x82.jpg"},"thumbnail":{"file":"Menu-Objectifs-F-150x150.jpg","width":150,"height":150,"mime-type":"image\/jpeg","url":"https:\/\/www.descolonizacion.org\/wp-content\/uploads\/2016\/09\/Menu-Objectifs-F-150x150.jpg"},"medium":{"file":"Menu-Objectifs-F-300x41.jpg","width":300,"height":41,"mime-type":"image\/jpeg","url":"https:\/\/www.descolonizacion.org\/wp-content\/uploads\/2016\/09\/Menu-Objectifs-F-300x41.jpg"},"medium_large":{"file":"Menu-Objectifs-F-768x105.jpg","width":768,"height":105,"mime-type":"image\/jpeg","url":"https:\/\/www.descolonizacion.org\/wp-content\/uploads\/2016\/09\/Menu-Objectifs-F-768x105.jpg"},"large":{"file":"Menu-Objectifs-F-1024x140.jpg","width":1024,"height":140,"mime-type":"image\/jpeg","url":"https:\/\/www.descolonizacion.org\/wp-content\/uploads\/2016\/09\/Menu-Objectifs-F-1024x140.jpg"},"post-thumbnail":{"file":"Menu-Objectifs-F-958x131.jpg","width":958,"height":131,"mime-type":"image\/jpeg","url":"https:\/\/www.descolonizacion.org\/wp-content\/uploads\/2016\/09\/Menu-Objectifs-F-958x131.jpg"},"600x400":{"file":"Menu-Objectifs-F-600x150.jpg","width":600,"height":150,"mime-type":"image\/jpeg","url":"https:\/\/www.descolonizacion.org\/wp-content\/uploads\/2016\/09\/Menu-Objectifs-F-600x150.jpg"},"1000x800":{"file":"Menu-Objectifs-F-1000x150.jpg","width":1000,"height":150,"mime-type":"image\/jpeg","url":"https:\/\/www.descolonizacion.org\/wp-content\/uploads\/2016\/09\/Menu-Objectifs-F-1000x150.jpg"},"sow-carousel-default":{"file":"Menu-Objectifs-F-272x150.jpg","width":272,"height":150,"mime-type":"image\/jpeg","url":"https:\/\/www.descolonizacion.org\/wp-content\/uploads\/2016\/09\/Menu-Objectifs-F-272x150.jpg"}},"image_meta":{"aperture":"0","credit":"","camera":"","caption":"","created_timestamp":"0","copyright":"","focal_length":"0","iso":"0","shutter_speed":"0","title":"","orientation":"0","keywords":[]},"ID":"2830","name":"Menu-Objectifs-F.jpg","path":"\/home2\/descolinizacion\/public_html\/wp-content\/uploads\/2016\/09\/Menu-Objectifs-F.jpg","url":"https:\/\/www.descolonizacion.org\/wp-content\/uploads\/2016\/09\/Menu-Objectifs-F-150x150.jpg","full_url":"https:\/\/www.descolonizacion.org\/wp-content\/uploads\/2016\/09\/Menu-Objectifs-F.jpg","title":"menu-objectifs-f","caption":"","description":"","alt":"","srcset":"https:\/\/www.descolonizacion.org\/wp-content\/uploads\/2016\/09\/Menu-Objectifs-F-150x150.jpg 150w, https:\/\/www.descolonizacion.org\/wp-content\/uploads\/2016\/09\/Menu-Objectifs-F-100x100.jpg 100w"}],"imic_pages_select_revolution_from_list":"[rev_slider alias=\\\"home-french\\\"]","imic_pages_select_smart_from_list":"","imic_pages_slider_height":"","imic_pages_slider_image":[],"imic_pages_slider_auto_slide":"yes","imic_pages_slider_speed":"","imic_pages_slider_pagination":"yes","imic_pages_slider_direction_arrows":"yes","imic_pages_slider_effects":"fade","imic_pages_banner_color":"","imic_pages_breadcrumb_show":"","imic_pages_title_show":"","imic_pages_banner_bg_color":"","imic_post_page_custom_title":"","imic_pages_banner_text_color":"","imic_pages_title_alignment":"","imic_page_social_share":"","imic_select_sidebar_from_list":"","imic_select_sidebar_position":"","imic_contact_email":"lolohim@gmail.com","imic_contact_subject":"","imic_our_location_text":"","imic_contact_map_display":"no","imic_contact_map_box_code":"","imic_Choose_slider_display":"0","imic_select_smart_from_list":"","imic_select_revolution_from_list":"[rev_slider alias=\\\"home-french\\\"]","imic_slider_image":[],"imic_slider_auto_slide":"yes","imic_slider_speed":"","imic_slider_pagination":"yes","imic_slider_direction_arrows":"yes","imic_slider_effects":"fade","imic_switch_categories_post":"1","imic_category_to_show_on_home":["82"],"imic_number_of_post_cat":[],"imic_upcoming_area":"1","imic_latest_sermon_events_to_show_on":"letest_event","imic_custom_text_message":"","imic_advanced_event_taxonomy":[],"imic_going_on_events":"1","imic_custom_going_on_events_title":"","imic_advanced_sermons_category":[],"imic_all_event_sermon_url":"","imic_imic_featured_blocks":"1","imic_home_featured_blocks":"","imic_home_row_featured_blocks":[],"imic_home_featured_blocks1":"","imic_home_featured_blocks2":"","imic_home_featured_blocks3":"","imic_imic_upcoming_events":"1","imic_upcoming_event_taxonomy":[],"imic_custom_upcoming_events_title":"","imic_events_to_show_on":"","imic_imic_recent_posts":"1","imic_recent_post_taxonomy":[],"imic_custom_latest_news_title":"","imic_posts_to_show_on":"","imic_recent_posts_rmbutton":"2","imic_recent_posts_rmbutton_text":"","imic_imic_galleries":"1","imic_home_gallery_taxonomy":[],"imic_custom_gallery_title":"","imic_custom_more_galleries_title":"","imic_custom_more_galleries_url":"","imic_galleries_to_show_on":"","imic_galleries_background_image":[],"imic_switch_sermon_album":"1","imic_custom_albums_title":"","imic_number_of_sermon_albums":"","imic_sermon_albums_url":"","imic_gallery_pagination_to_show_on":"","imic_gallery_pagination_columns_layout":"","imic_show_gallery_title":"0","imic_gallery_masonry_to_show_on":"","imic_show_gallery_title_masonry":"0","imic_gallery_filter_columns_layout":"","imic_show_gallery_title_filter":"0","imic_advanced_gallery_taxonomy":[],"imic_advanced_event_list_taxonomy":[],"imic_advanced_post_taxonomy":[],"imic_advanced_blog_taxonomy":[],"imic_staff_to_show_on":"","imic_staff_grid_column":"","imic_advanced_staff_taxonomy":[],"imic_staff_select_orderby":"ID","imic_staff_select_order":"","imic_staff_excerpt_length":"","imic_events_timeline_view":"","imic_event_timeline_per_page":"","imic_blog_masonry_thumbnails":"0","imic_albums_select_orderby":"count","imic_albums_select_order":"ASC","imic_sermon_categories_custom_order":[]},"_links":{"self":[{"href":"https:\/\/www.descolonizacion.org\/fr\/wp-json\/wp\/v2\/pages\/3519","targetHints":{"allow":["GET"]}}],"collection":[{"href":"https:\/\/www.descolonizacion.org\/fr\/wp-json\/wp\/v2\/pages"}],"about":[{"href":"https:\/\/www.descolonizacion.org\/fr\/wp-json\/wp\/v2\/types\/page"}],"author":[{"embeddable":true,"href":"https:\/\/www.descolonizacion.org\/fr\/wp-json\/wp\/v2\/users\/1"}],"replies":[{"embeddable":true,"href":"https:\/\/www.descolonizacion.org\/fr\/wp-json\/wp\/v2\/comments?post=3519"}],"version-history":[{"count":1,"href":"https:\/\/www.descolonizacion.org\/fr\/wp-json\/wp\/v2\/pages\/3519\/revisions"}],"predecessor-version":[{"id":3520,"href":"https:\/\/www.descolonizacion.org\/fr\/wp-json\/wp\/v2\/pages\/3519\/revisions\/3520"}],"wp:attachment":[{"href":"https:\/\/www.descolonizacion.org\/fr\/wp-json\/wp\/v2\/media?parent=3519"}],"curies":[{"name":"wp","href":"https:\/\/api.w.org\/{rel}","templated":true}]}}