{"id":3455,"date":"2017-10-11T14:25:20","date_gmt":"2017-10-11T19:25:20","guid":{"rendered":"http:\/\/www.descolonizacion.org\/fr\/?page_id=3455"},"modified":"2018-04-09T14:30:58","modified_gmt":"2018-04-09T19:30:58","slug":"lindependance-de-la-guyane","status":"publish","type":"page","link":"https:\/\/www.descolonizacion.org\/fr\/lindependance-de-la-guyane\/","title":{"rendered":"Le Mouvement Ra\u00e9lien appelle \u00e0 l\u2019ind\u00e9pendance de la Guyane"},"content":{"rendered":"<ul>\n<h2 ><strong> Le Mouvement Ra\u00e9lien appelle \u00e0 l\u2019ind\u00e9pendance de la Guyane et propose au nouvel Etat ind\u00e9pendant la construction d\u2019une Ambassade pour y accueillir les extra-terrestres !<\/strong><\/h2>\n<p><\/p>\n<h3><\/h3>\n<\/ul>\n<p>&nbsp;<\/p>\n<ul>\n<li>Les Mouvements Ra\u00e9lien Fran\u00e7ais et Sud-Am\u00e9ricain appellent conjointement les Guyanais \u00e0 s\u2019engager sur la voie de l\u2019ind\u00e9pendance. Comme le rappelle Ra\u00ebl, fondateur et leader du Mouvement Ra\u00e9lien International, \u00ab la derni\u00e8re colonie europ\u00e9enne en Am\u00e9rique du sud est fran\u00e7aise et elle m\u00e9prise ses habitants.\n<p>Il est temps qu\u2019elle obtienne son ind\u00e9pendance. Tous les autres Etats d\u2019Am\u00e9rique du sud devraient la soutenir dans ce sens. \u00bb <!--more--><\/li>\n<p>&nbsp;<\/p>\n<blockquote>\n<li>\n<h3><strong> Actions de sensibilisation \u00e0 \u00ab l\u2019ind\u00e9pendance de la Guyane \u00bb   <\/strong><\/h3>\n<\/blockquote>\n<li>De passage en France, David Uzal, leader du Mouvement Ra\u00e9lien Sud-Am\u00e9ricain, annonce que des actions de sensibilisation \u00e0 \u00ab l\u2019ind\u00e9pendance de la Guyane \u00bb seront men\u00e9es sur l\u2019ensemble de ce Continent, dans le cadre de la campagne de d\u00e9colonisation radicale du Continent dit Latino-Am\u00e9ricain que m\u00e8nent les Ra\u00e9liens : <a href=\"https:\/\/www.descolonizacion.org\/fr\/objectifs-decolonisation\/notre-vision-du-continent\/\">descolonizacion.org<\/a> <br \/>&nbsp;\n<p>Il pr\u00e9cise : \u00ab Pour le bien du peuple guyanais et pour celui de la France, il convient qu\u2019un processus d\u2019\u00e9mancipation s\u2019engage et soit conduit \u00e0 son terme, maintenant que la soci\u00e9t\u00e9 civile guyanaise a montr\u00e9 sa coh\u00e9sion. Jusqu\u2019\u00e0 pr\u00e9sent la fragmentation de celle-ci faisait de la Guyane un cas \u00e0 part parmi les territoires et r\u00e9gions qui devront \u00e0 moyen ou court terme se s\u00e9parer du territoire fran\u00e7ais. Les rassemblements de ces derni\u00e8res semaines montrent que la Guyane a atteint un stade de maturit\u00e9 pour constituer une soci\u00e9t\u00e9 unifi\u00e9e et diverse qui prendra en charge ce riche territoire de 91 000 km2, soit trois fois la superficie de la Belgique. \u00bb<\/p>\n<p>En Guyane, la France est confront\u00e9e \u00e0 une situation perdante dans tous les cas de figure. Si elle investit massivement pour relever les conditions de vie et les infrastructures au niveau de la m\u00e9tropole, elle provoquera un afflux consid\u00e9rable et incontr\u00f4lable des populations d\u00e9munies des pays voisins : Suriname, nord du Br\u00e9sil, Guyana. Si elle n\u2019investit pas, le m\u00e9contentement ira croissant et alors elle s\u2019embourbera dans les conflits sociaux \u00e0 r\u00e9p\u00e9tition et perdra le contr\u00f4le du pays et de la base spatiale de Kourou.<\/p>\n<p>\u00ab De toute fa\u00e7on la Guyane devient pour la France un gouffre en ressources humaines et financi\u00e8res. Il est donc pr\u00e9f\u00e9rable pour les deux parties de s\u2019engager d\u00e8s \u00e0 pr\u00e9sent dans un processus constructif et responsable de s\u00e9paration. \u00bb ajoute le leader Sud-Am\u00e9ricain.<\/p>\n<p>Diane Brisebois, leader du Mouvement Ra\u00e9lien de Guyane pr\u00e9cise : \u00ab je vois d\u2019un tr\u00e8s bon \u0153il que le futur \u00e9tat ind\u00e9pendant de Guyane puisse \u00eatre le pays qui accepte sur son sol l\u2019Ambassade que le Mouvement Ra\u00e9lien pr\u00e9voit de construire dans les prochaines ann\u00e9es pour y accueillir les Elohim (*), les cr\u00e9ateurs extra-terrestres de l\u2019humanit\u00e9. \u00bb<\/p>\n<p>\u00ab Nous informons le peuple guyanais que nous serons derri\u00e8re son ind\u00e9pendance, au nom de la justice entre les nations et du bon sens g\u00e9opolitique. S\u2019il advenait qu\u2019ensuite cet \u00e9tat libre et ind\u00e9pendant nous offre l\u2019extraterritorialit\u00e9 n\u00e9cessaire \u00e0 notre projet d\u2019Ambassade, cette nation nouvellement constitu\u00e9e en tirerait d\u2019immenses avantages. Ne serait-il pas naturel que ce pays qui envoie des fus\u00e9es dans l\u2019espace f\u00fbt le premier \u00e0 recevoir des visiteurs de l\u2019espace ? \u00bb conclut-elle.<\/p>\n<p>(*) Elohim : mot h\u00e9breux ancien signifiant \u00ab ceux qui sont venus du ciel \u00bb<\/li>\n<p>&nbsp;<\/p>\n<p>&nbsp;<\/p>\n<ul>\n<ul>\n<blockquote>\n<h6>\n<li><strong>Nous contacter<\/strong>: <a href=\"mailto:info@descolonizacion.org\"> <em><strong>info@descolonizacion.org<\/strong><\/em> <\/a><br \/>&nbsp;<br \/><\/blockquote>\n<\/ul>\n<\/ul>\n<\/li>\n<\/ul>\n","protected":false},"excerpt":{"rendered":"<p>Le Mouvement Ra\u00e9lien appelle \u00e0 l\u2019ind\u00e9pendance de la Guyane et propose au nouvel Etat ind\u00e9pendant la construction d\u2019une Ambassade pour y accueillir les extra-terrestres ! [&hellip;]<\/p>\n","protected":false},"author":1,"featured_media":2660,"parent":0,"menu_order":0,"comment_status":"closed","ping_status":"closed","template":"","meta":{"footnotes":""},"class_list":["post-3455","page","type-page","status-publish","has-post-thumbnail","hentry"],"meta_box":{"imic_strict_no_header":"","imic_page_topbar_show":"","imic_page_specific_header":"","imic_page_logo_image":[],"imic_page_retina_logo_image":[],"imic_page_retina_logo_image_width":"","imic_page_retina_logo_image_height":"","imic_page_layout":"","imic_content_width":"","imic_content_padding_top":"","imic_content_padding_bottom":"","imic_pages_body_bg_color":"","imic_pages_body_bg_image":[],"imic_pages_body_bg_wide":"","imic_pages_body_bg_repeat":"","imic_pages_content_bg_color":"","imic_pages_content_bg_image":[],"imic_pages_content_bg_wide":"","imic_pages_content_bg_repeat":"","imic_page_header_show":"","imic_pages_Choose_slider_display":"0","imic_header_image":[{"width":150,"height":150,"file":"2016\/09\/Actions-E.jpg","filesize":78059,"sizes":{"woocommerce_thumbnail":{"file":"Actions-E-300x150.jpg","width":300,"height":150,"mime-type":"image\/jpeg","filesize":15619,"uncropped":false,"url":"https:\/\/www.descolonizacion.org\/wp-content\/uploads\/2016\/09\/Actions-E-300x150.jpg"},"woocommerce_gallery_thumbnail":{"file":"Actions-E-100x100.jpg","width":100,"height":100,"mime-type":"image\/jpeg","filesize":3479,"url":"https:\/\/www.descolonizacion.org\/wp-content\/uploads\/2016\/09\/Actions-E-100x100.jpg"},"woocommerce_single":{"file":"Actions-E-600x82.jpg","width":600,"height":82,"mime-type":"image\/jpeg","filesize":16221,"url":"https:\/\/www.descolonizacion.org\/wp-content\/uploads\/2016\/09\/Actions-E-600x82.jpg"},"thumbnail":{"file":"Actions-E-150x150.jpg","width":150,"height":150,"mime-type":"image\/jpeg","url":"https:\/\/www.descolonizacion.org\/wp-content\/uploads\/2016\/09\/Actions-E-150x150.jpg"},"medium":{"file":"Actions-E-300x41.jpg","width":300,"height":41,"mime-type":"image\/jpeg","url":"https:\/\/www.descolonizacion.org\/wp-content\/uploads\/2016\/09\/Actions-E-300x41.jpg"},"medium_large":{"file":"Actions-E-768x105.jpg","width":768,"height":105,"mime-type":"image\/jpeg","url":"https:\/\/www.descolonizacion.org\/wp-content\/uploads\/2016\/09\/Actions-E-768x105.jpg"},"large":{"file":"Actions-E-1024x140.jpg","width":1024,"height":140,"mime-type":"image\/jpeg","url":"https:\/\/www.descolonizacion.org\/wp-content\/uploads\/2016\/09\/Actions-E-1024x140.jpg"},"post-thumbnail":{"file":"Actions-E-958x131.jpg","width":958,"height":131,"mime-type":"image\/jpeg","url":"https:\/\/www.descolonizacion.org\/wp-content\/uploads\/2016\/09\/Actions-E-958x131.jpg"},"600x400":{"file":"Actions-E-600x150.jpg","width":600,"height":150,"mime-type":"image\/jpeg","url":"https:\/\/www.descolonizacion.org\/wp-content\/uploads\/2016\/09\/Actions-E-600x150.jpg"},"1000x800":{"file":"Actions-E-1000x150.jpg","width":1000,"height":150,"mime-type":"image\/jpeg","url":"https:\/\/www.descolonizacion.org\/wp-content\/uploads\/2016\/09\/Actions-E-1000x150.jpg"},"sow-carousel-default":{"file":"Actions-E-272x150.jpg","width":272,"height":150,"mime-type":"image\/jpeg","url":"https:\/\/www.descolonizacion.org\/wp-content\/uploads\/2016\/09\/Actions-E-272x150.jpg"}},"image_meta":{"aperture":"0","credit":"","camera":"","caption":"","created_timestamp":"0","copyright":"","focal_length":"0","iso":"0","shutter_speed":"0","title":"","orientation":"0","keywords":[]},"ID":"3268","name":"Actions-E.jpg","path":"\/home2\/descolinizacion\/public_html\/wp-content\/uploads\/2016\/09\/Actions-E.jpg","url":"https:\/\/www.descolonizacion.org\/wp-content\/uploads\/2016\/09\/Actions-E-150x150.jpg","full_url":"https:\/\/www.descolonizacion.org\/wp-content\/uploads\/2016\/09\/Actions-E.jpg","title":"actions-e","caption":"","description":"","alt":"descolonizacion","srcset":"https:\/\/www.descolonizacion.org\/wp-content\/uploads\/2016\/09\/Actions-E-150x150.jpg 150w, https:\/\/www.descolonizacion.org\/wp-content\/uploads\/2016\/09\/Actions-E-100x100.jpg 100w"}],"imic_pages_select_revolution_from_list":"[rev_slider alias=\\\"home-french\\\"]","imic_pages_select_smart_from_list":"","imic_pages_slider_height":"","imic_pages_slider_image":[],"imic_pages_slider_auto_slide":"yes","imic_pages_slider_speed":"","imic_pages_slider_pagination":"yes","imic_pages_slider_direction_arrows":"yes","imic_pages_slider_effects":"fade","imic_pages_banner_color":"","imic_pages_breadcrumb_show":"","imic_pages_title_show":"","imic_pages_banner_bg_color":"","imic_post_page_custom_title":"","imic_pages_banner_text_color":"","imic_pages_title_alignment":"","imic_page_social_share":"","imic_select_sidebar_from_list":"","imic_select_sidebar_position":"","imic_contact_email":"lolohim@gmail.com","imic_contact_subject":"","imic_our_location_text":"","imic_contact_map_display":"no","imic_contact_map_box_code":"","imic_Choose_slider_display":"0","imic_select_smart_from_list":"","imic_select_revolution_from_list":"[rev_slider alias=\\\"home-french\\\"]","imic_slider_image":[],"imic_slider_auto_slide":"yes","imic_slider_speed":"","imic_slider_pagination":"yes","imic_slider_direction_arrows":"yes","imic_slider_effects":"fade","imic_switch_categories_post":"1","imic_category_to_show_on_home":["82"],"imic_number_of_post_cat":[],"imic_upcoming_area":"1","imic_latest_sermon_events_to_show_on":"letest_event","imic_custom_text_message":"","imic_advanced_event_taxonomy":[],"imic_going_on_events":"1","imic_custom_going_on_events_title":"","imic_advanced_sermons_category":[],"imic_all_event_sermon_url":"","imic_imic_featured_blocks":"1","imic_home_featured_blocks":"","imic_home_row_featured_blocks":[],"imic_home_featured_blocks1":"","imic_home_featured_blocks2":"","imic_home_featured_blocks3":"","imic_imic_upcoming_events":"1","imic_upcoming_event_taxonomy":[],"imic_custom_upcoming_events_title":"","imic_events_to_show_on":"","imic_imic_recent_posts":"1","imic_recent_post_taxonomy":[],"imic_custom_latest_news_title":"","imic_posts_to_show_on":"","imic_recent_posts_rmbutton":"2","imic_recent_posts_rmbutton_text":"","imic_imic_galleries":"1","imic_home_gallery_taxonomy":[],"imic_custom_gallery_title":"","imic_custom_more_galleries_title":"","imic_custom_more_galleries_url":"","imic_galleries_to_show_on":"","imic_galleries_background_image":[],"imic_switch_sermon_album":"1","imic_custom_albums_title":"","imic_number_of_sermon_albums":"","imic_sermon_albums_url":"","imic_gallery_pagination_to_show_on":"","imic_gallery_pagination_columns_layout":"","imic_show_gallery_title":"0","imic_gallery_masonry_to_show_on":"","imic_show_gallery_title_masonry":"0","imic_gallery_filter_columns_layout":"","imic_show_gallery_title_filter":"0","imic_advanced_gallery_taxonomy":[],"imic_advanced_event_list_taxonomy":[],"imic_advanced_post_taxonomy":[],"imic_advanced_blog_taxonomy":[],"imic_staff_to_show_on":"","imic_staff_grid_column":"","imic_advanced_staff_taxonomy":[],"imic_staff_select_orderby":"ID","imic_staff_select_order":"","imic_staff_excerpt_length":"","imic_events_timeline_view":"","imic_event_timeline_per_page":"","imic_blog_masonry_thumbnails":"0","imic_albums_select_orderby":"count","imic_albums_select_order":"ASC","imic_sermon_categories_custom_order":[]},"_links":{"self":[{"href":"https:\/\/www.descolonizacion.org\/fr\/wp-json\/wp\/v2\/pages\/3455","targetHints":{"allow":["GET"]}}],"collection":[{"href":"https:\/\/www.descolonizacion.org\/fr\/wp-json\/wp\/v2\/pages"}],"about":[{"href":"https:\/\/www.descolonizacion.org\/fr\/wp-json\/wp\/v2\/types\/page"}],"author":[{"embeddable":true,"href":"https:\/\/www.descolonizacion.org\/fr\/wp-json\/wp\/v2\/users\/1"}],"replies":[{"embeddable":true,"href":"https:\/\/www.descolonizacion.org\/fr\/wp-json\/wp\/v2\/comments?post=3455"}],"version-history":[{"count":4,"href":"https:\/\/www.descolonizacion.org\/fr\/wp-json\/wp\/v2\/pages\/3455\/revisions"}],"predecessor-version":[{"id":3459,"href":"https:\/\/www.descolonizacion.org\/fr\/wp-json\/wp\/v2\/pages\/3455\/revisions\/3459"}],"wp:featuredmedia":[{"embeddable":true,"href":"https:\/\/www.descolonizacion.org\/fr\/wp-json\/wp\/v2\/media\/2660"}],"wp:attachment":[{"href":"https:\/\/www.descolonizacion.org\/fr\/wp-json\/wp\/v2\/media?parent=3455"}],"curies":[{"name":"wp","href":"https:\/\/api.w.org\/{rel}","templated":true}]}}