{"id":3439,"date":"2017-10-11T13:08:31","date_gmt":"2017-10-11T18:08:31","guid":{"rendered":"http:\/\/www.descolonizacion.org\/fr\/?page_id=3439"},"modified":"2018-04-09T14:31:24","modified_gmt":"2018-04-09T19:31:24","slug":"soutien-lindependance-de-la-catalogne","status":"publish","type":"page","link":"https:\/\/www.descolonizacion.org\/fr\/soutien-lindependance-de-la-catalogne\/","title":{"rendered":"Soutien \u00e0 l\u2019ind\u00e9pendance de la Catalogne"},"content":{"rendered":"<ul>\n<h2 ><strong> Soutien \u00e0 l\u2019ind\u00e9pendance de la Catalogne <\/strong><\/h2>\n<p><\/p>\n<h3>Nous soutenons l\u2019ind\u00e9pendance pacifique de la Catalogne au nom du futur de l\u2019humanit\u00e9.<\/h3>\n<\/ul>\n<p>&nbsp;<\/p>\n<ul>\n<li><img decoding=\"async\" src=\"http:\/\/www.descolonizacion.org\/wp-content\/uploads\/2017\/10\/Andr\u00e9s-Barcelona-ret-1.jpg\" alt=\"\" class=\"alignright\"\/><br \/>\nIl ne s\u2019agit pas l\u00e0 de la simple revendication d\u2019une r\u00e9gion d\u2019Espagne mais d\u2019un acte qui va au-del\u00e0 de ce continent\u00a0: il s\u2019agit d\u2019une proposition pour un monde unifi\u00e9.<\/p>\n<p>A ceux qui diraient que l\u2019ind\u00e9pendance s\u00e9pare, isole, met de c\u00f4t\u00e9, nous leur r\u00e9torquons que c\u2019est la fausse union qui s\u00e9pare les peuples de la Terre puisque ceux-ci restent \u00ab\u00a0unis\u00a0\u00bb au sein d\u2019\u00e9tats qui r\u00e9sultent des violences de l\u2019histoire et qui, de la sorte, portent en eux le poids de si\u00e8cles et mill\u00e9naires de dominations abusives. <!--more--><\/li>\n<p>&nbsp;<\/p>\n<blockquote>\n<li>\n<h3><strong>Le monde de demain devra \u00eatre uni ou ne sera pas.<\/strong><\/h3>\n<\/blockquote>\n<li>Le monde de demain devra \u00eatre uni ou ne le sera pas et cette unit\u00e9 n\u2019est pas celle des grands \u00e9tats-nations qui ont impos\u00e9 leur joug jusqu\u2019\u00e0 pr\u00e9sent mais celle des peuples \u00e0 dimension humaine, de cit\u00e9s-\u00e9tats inspir\u00e9es d\u2019un mod\u00e8le grec modernis\u00e9, des cit\u00e9s-\u00e9tats du nord de l\u2019Italie \u00e0 une certaine \u00e9poque ou de quelques autres mod\u00e8les qui ont r\u00e9ussi \u00e0 assembler les aspirations collectives et individuelles au flux de l\u2019excellence civilisatrice. <br \/>&nbsp;\n<p>Il ne s\u2019agit donc pas tant de rechercher niaisement l\u2019agglom\u00e9ration avec \u201cles siens\u201d \u2013 nous r\u00e9cusons ce nationalisme ferm\u00e9 ou obscurantiste \u00e0 l\u2019inverse du nationalisme ouvert ou universaliste, ce qui ne constitue pas un oxymore \u2013 mais de chercher \u00e0 \u00eatre dans l\u2019humanit\u00e9, lucides de ce que celle-ci doit (jusqu\u2019\u00e0 un hypoth\u00e9tique et lointain futur de pleine unification civilisationnelle, et nous ne parlons pas de la d\u00e9gradante \u00ab\u00a0civilisation\u00a0\u00bb mercantiliste qui tend \u00e0 imposer son empire sur la face de la Terre) s\u2019organiser en unit\u00e9s, ou organes, correspondant \u00e0 des r\u00e9alit\u00e9s culturelles, g\u00e9ographiques, historiques, linguistiques ou quelques autres crit\u00e8res d\u2019identification de ce qui s\u2019appelle usuellement une nation.<\/p>\n<p>Nous attirons aussi l\u2019attention sur un ph\u00e9nom\u00e8ne, d\u2019un usage d\u00e9licat, dont les cons\u00e9quences pourraient \u00eatre funestes, dans le cas catalan ainsi que partout autour du monde\u00a0: le fait que ceux qui s\u2019installent dans un pays dans le but d\u2019am\u00e9liorer leurs existences, ce qui constitue un acte naturel auquel doit pouvoir acc\u00e9der tout \u00eatre humain ( le \u00ab\u00a0droit au d\u00e9placement\u00a0 volontaire\u00a0\u00bb devrait \u00eatre int\u00e9gr\u00e9 aux droits humains fondamentaux), se d\u00e9solidarisent de celui-ci quand arrive l\u2019heure de son \u00e9mancipation. <\/p>\n<p>On con\u00e7oit que pour des raisons de filiation et d\u2019ordre pratique les immigrants d\u2019Espagne r\u00e9sidant en Catalogne s\u2019inclinent moins que les autres dans le sens de ce pas courageux vers un futur en dehors du Royaume espagnol mais alors on devra aussi comprendre que la m\u00e9fiance et les ressentiments surgissent parmi ceux que se verraient frustr\u00e9s dans leurs aspirations justes par des populations originaires du reste de la p\u00e9ninsule. Ce ph\u00e9nom\u00e8ne de dislocation de la volont\u00e9 nationale comporte le risque de mener les peuples \u00e0 se refermer et refuser excessivement ceux qui, en vertu d\u2019un droit l\u00e9gitime, s\u2019y rendent. <\/p>\n<p>La gratitude devrait pr\u00e9valoir de la part de ceux qui am\u00e9liorent leurs conditions d\u2019existence, et dans ce cas la gratitude devrait s\u2019exprimer de la part de ces nouveaux catalans par l\u2019appui, ou la neutralit\u00e9, du souhait du peuple catalan qui voit dans le renforcement de ses pr\u00e9ceptes \u2013 ce qui requiert une plus grande autonomie et finalement ce qu\u2019on appelle l\u2019ind\u00e9pendance et que nous pr\u00e9f\u00e9rons appeler \u00ab\u00a0\u00e9mancipation\u00a0\u00bb &#8211; la formule pour constituer une communaut\u00e9 \u00e0 la hauteur des aspirations collectives.<\/p>\n<p>Malgr\u00e9 les oppositions qui \u00e9maneront de l\u2019int\u00e9rieur et de l\u2019ext\u00e9rieur, nous esp\u00e9rons que sur les rives de la M\u00e9diterran\u00e9e renaisse un model d\u2019organisation politique brillant et \u00e0 \u00e9chelle humaine qui inspire les autres peuples de l\u2019Europe et du monde et qui les m\u00e8nent vers la paix perp\u00e9tuelle sous une solide et inspir\u00e9e Soci\u00e9t\u00e9 des Nations (qui succ\u00e8de \u00e0 l\u2019actuelle farce qu\u2019est l\u2019ONU).<\/li>\n<p>&nbsp;<\/p>\n<div style=\"width: 640px;\" class=\"wp-video\"><video class=\"wp-video-shortcode\" id=\"video-3439-1\" width=\"640\" height=\"360\" preload=\"metadata\" controls=\"controls\"><source type=\"video\/mp4\" src=\"http:\/\/www.descolonizacion.org\/wp-content\/uploads\/2017\/10\/VID-20170922-WA0058.mp4?_=1\" \/><a href=\"http:\/\/www.descolonizacion.org\/wp-content\/uploads\/2017\/10\/VID-20170922-WA0058.mp4\">http:\/\/www.descolonizacion.org\/wp-content\/uploads\/2017\/10\/VID-20170922-WA0058.mp4<\/a><\/video><\/div>\n<p>&nbsp;<\/p>\n<ul>\n<ul>\n<blockquote>\n<h6>\n<li><strong>Puedes contactarnos<\/strong>: <a href=\"mailto:info@descolonizacion.org\"> <em><strong>info@descolonizacion.org<\/strong><\/em> <\/a><br \/>&nbsp;<br \/><\/blockquote>\n<\/ul>\n<\/ul>\n<\/li>\n<\/ul>\n","protected":false},"excerpt":{"rendered":"<p>Soutien \u00e0 l\u2019ind\u00e9pendance de la Catalogne Nous soutenons l\u2019ind\u00e9pendance pacifique de la Catalogne au nom du futur de l\u2019humanit\u00e9. &nbsp; Il ne s\u2019agit pas l\u00e0 [&hellip;]<\/p>\n","protected":false},"author":1,"featured_media":3434,"parent":0,"menu_order":0,"comment_status":"closed","ping_status":"closed","template":"","meta":{"footnotes":""},"class_list":["post-3439","page","type-page","status-publish","has-post-thumbnail","hentry"],"meta_box":{"imic_strict_no_header":"","imic_page_topbar_show":"","imic_page_specific_header":"","imic_page_logo_image":[],"imic_page_retina_logo_image":[],"imic_page_retina_logo_image_width":"","imic_page_retina_logo_image_height":"","imic_page_layout":"","imic_content_width":"","imic_content_padding_top":"","imic_content_padding_bottom":"","imic_pages_body_bg_color":"","imic_pages_body_bg_image":[],"imic_pages_body_bg_wide":"","imic_pages_body_bg_repeat":"","imic_pages_content_bg_color":"","imic_pages_content_bg_image":[],"imic_pages_content_bg_wide":"","imic_pages_content_bg_repeat":"","imic_page_header_show":"","imic_pages_Choose_slider_display":"0","imic_header_image":[{"width":150,"height":150,"file":"2016\/09\/Actions-E.jpg","filesize":78059,"sizes":{"woocommerce_thumbnail":{"file":"Actions-E-300x150.jpg","width":300,"height":150,"mime-type":"image\/jpeg","filesize":15619,"uncropped":false,"url":"https:\/\/www.descolonizacion.org\/wp-content\/uploads\/2016\/09\/Actions-E-300x150.jpg"},"woocommerce_gallery_thumbnail":{"file":"Actions-E-100x100.jpg","width":100,"height":100,"mime-type":"image\/jpeg","filesize":3479,"url":"https:\/\/www.descolonizacion.org\/wp-content\/uploads\/2016\/09\/Actions-E-100x100.jpg"},"woocommerce_single":{"file":"Actions-E-600x82.jpg","width":600,"height":82,"mime-type":"image\/jpeg","filesize":16221,"url":"https:\/\/www.descolonizacion.org\/wp-content\/uploads\/2016\/09\/Actions-E-600x82.jpg"},"thumbnail":{"file":"Actions-E-150x150.jpg","width":150,"height":150,"mime-type":"image\/jpeg","url":"https:\/\/www.descolonizacion.org\/wp-content\/uploads\/2016\/09\/Actions-E-150x150.jpg"},"medium":{"file":"Actions-E-300x41.jpg","width":300,"height":41,"mime-type":"image\/jpeg","url":"https:\/\/www.descolonizacion.org\/wp-content\/uploads\/2016\/09\/Actions-E-300x41.jpg"},"medium_large":{"file":"Actions-E-768x105.jpg","width":768,"height":105,"mime-type":"image\/jpeg","url":"https:\/\/www.descolonizacion.org\/wp-content\/uploads\/2016\/09\/Actions-E-768x105.jpg"},"large":{"file":"Actions-E-1024x140.jpg","width":1024,"height":140,"mime-type":"image\/jpeg","url":"https:\/\/www.descolonizacion.org\/wp-content\/uploads\/2016\/09\/Actions-E-1024x140.jpg"},"post-thumbnail":{"file":"Actions-E-958x131.jpg","width":958,"height":131,"mime-type":"image\/jpeg","url":"https:\/\/www.descolonizacion.org\/wp-content\/uploads\/2016\/09\/Actions-E-958x131.jpg"},"600x400":{"file":"Actions-E-600x150.jpg","width":600,"height":150,"mime-type":"image\/jpeg","url":"https:\/\/www.descolonizacion.org\/wp-content\/uploads\/2016\/09\/Actions-E-600x150.jpg"},"1000x800":{"file":"Actions-E-1000x150.jpg","width":1000,"height":150,"mime-type":"image\/jpeg","url":"https:\/\/www.descolonizacion.org\/wp-content\/uploads\/2016\/09\/Actions-E-1000x150.jpg"},"sow-carousel-default":{"file":"Actions-E-272x150.jpg","width":272,"height":150,"mime-type":"image\/jpeg","url":"https:\/\/www.descolonizacion.org\/wp-content\/uploads\/2016\/09\/Actions-E-272x150.jpg"}},"image_meta":{"aperture":"0","credit":"","camera":"","caption":"","created_timestamp":"0","copyright":"","focal_length":"0","iso":"0","shutter_speed":"0","title":"","orientation":"0","keywords":[]},"ID":"3268","name":"Actions-E.jpg","path":"\/home2\/descolinizacion\/public_html\/wp-content\/uploads\/2016\/09\/Actions-E.jpg","url":"https:\/\/www.descolonizacion.org\/wp-content\/uploads\/2016\/09\/Actions-E-150x150.jpg","full_url":"https:\/\/www.descolonizacion.org\/wp-content\/uploads\/2016\/09\/Actions-E.jpg","title":"actions-e","caption":"","description":"","alt":"descolonizacion","srcset":"https:\/\/www.descolonizacion.org\/wp-content\/uploads\/2016\/09\/Actions-E-150x150.jpg 150w, https:\/\/www.descolonizacion.org\/wp-content\/uploads\/2016\/09\/Actions-E-100x100.jpg 100w"}],"imic_pages_select_revolution_from_list":"[rev_slider alias=\\\"home-french\\\"]","imic_pages_select_smart_from_list":"","imic_pages_slider_height":"","imic_pages_slider_image":[],"imic_pages_slider_auto_slide":"yes","imic_pages_slider_speed":"","imic_pages_slider_pagination":"yes","imic_pages_slider_direction_arrows":"yes","imic_pages_slider_effects":"fade","imic_pages_banner_color":"","imic_pages_breadcrumb_show":"","imic_pages_title_show":"","imic_pages_banner_bg_color":"","imic_post_page_custom_title":"","imic_pages_banner_text_color":"","imic_pages_title_alignment":"","imic_page_social_share":"","imic_select_sidebar_from_list":"","imic_select_sidebar_position":"","imic_contact_email":"lolohim@gmail.com","imic_contact_subject":"","imic_our_location_text":"","imic_contact_map_display":"no","imic_contact_map_box_code":"","imic_Choose_slider_display":"0","imic_select_smart_from_list":"","imic_select_revolution_from_list":"[rev_slider alias=\\\"home-french\\\"]","imic_slider_image":[],"imic_slider_auto_slide":"yes","imic_slider_speed":"","imic_slider_pagination":"yes","imic_slider_direction_arrows":"yes","imic_slider_effects":"fade","imic_switch_categories_post":"1","imic_category_to_show_on_home":["82"],"imic_number_of_post_cat":[],"imic_upcoming_area":"1","imic_latest_sermon_events_to_show_on":"letest_event","imic_custom_text_message":"","imic_advanced_event_taxonomy":[],"imic_going_on_events":"1","imic_custom_going_on_events_title":"","imic_advanced_sermons_category":[],"imic_all_event_sermon_url":"","imic_imic_featured_blocks":"1","imic_home_featured_blocks":"","imic_home_row_featured_blocks":[],"imic_home_featured_blocks1":"","imic_home_featured_blocks2":"","imic_home_featured_blocks3":"","imic_imic_upcoming_events":"1","imic_upcoming_event_taxonomy":[],"imic_custom_upcoming_events_title":"","imic_events_to_show_on":"","imic_imic_recent_posts":"1","imic_recent_post_taxonomy":[],"imic_custom_latest_news_title":"","imic_posts_to_show_on":"","imic_recent_posts_rmbutton":"2","imic_recent_posts_rmbutton_text":"","imic_imic_galleries":"1","imic_home_gallery_taxonomy":[],"imic_custom_gallery_title":"","imic_custom_more_galleries_title":"","imic_custom_more_galleries_url":"","imic_galleries_to_show_on":"","imic_galleries_background_image":[],"imic_switch_sermon_album":"1","imic_custom_albums_title":"","imic_number_of_sermon_albums":"","imic_sermon_albums_url":"","imic_gallery_pagination_to_show_on":"","imic_gallery_pagination_columns_layout":"","imic_show_gallery_title":"0","imic_gallery_masonry_to_show_on":"","imic_show_gallery_title_masonry":"0","imic_gallery_filter_columns_layout":"","imic_show_gallery_title_filter":"0","imic_advanced_gallery_taxonomy":[],"imic_advanced_event_list_taxonomy":[],"imic_advanced_post_taxonomy":[],"imic_advanced_blog_taxonomy":[],"imic_staff_to_show_on":"","imic_staff_grid_column":"","imic_advanced_staff_taxonomy":[],"imic_staff_select_orderby":"ID","imic_staff_select_order":"","imic_staff_excerpt_length":"","imic_events_timeline_view":"","imic_event_timeline_per_page":"","imic_blog_masonry_thumbnails":"0","imic_albums_select_orderby":"count","imic_albums_select_order":"ASC","imic_sermon_categories_custom_order":[]},"_links":{"self":[{"href":"https:\/\/www.descolonizacion.org\/fr\/wp-json\/wp\/v2\/pages\/3439","targetHints":{"allow":["GET"]}}],"collection":[{"href":"https:\/\/www.descolonizacion.org\/fr\/wp-json\/wp\/v2\/pages"}],"about":[{"href":"https:\/\/www.descolonizacion.org\/fr\/wp-json\/wp\/v2\/types\/page"}],"author":[{"embeddable":true,"href":"https:\/\/www.descolonizacion.org\/fr\/wp-json\/wp\/v2\/users\/1"}],"replies":[{"embeddable":true,"href":"https:\/\/www.descolonizacion.org\/fr\/wp-json\/wp\/v2\/comments?post=3439"}],"version-history":[{"count":3,"href":"https:\/\/www.descolonizacion.org\/fr\/wp-json\/wp\/v2\/pages\/3439\/revisions"}],"predecessor-version":[{"id":3467,"href":"https:\/\/www.descolonizacion.org\/fr\/wp-json\/wp\/v2\/pages\/3439\/revisions\/3467"}],"wp:featuredmedia":[{"embeddable":true,"href":"https:\/\/www.descolonizacion.org\/fr\/wp-json\/wp\/v2\/media\/3434"}],"wp:attachment":[{"href":"https:\/\/www.descolonizacion.org\/fr\/wp-json\/wp\/v2\/media?parent=3439"}],"curies":[{"name":"wp","href":"https:\/\/api.w.org\/{rel}","templated":true}]}}