{"id":3404,"date":"2017-09-06T23:25:29","date_gmt":"2017-09-07T04:25:29","guid":{"rendered":"http:\/\/www.descolonizacion.org\/fr\/?page_id=3404"},"modified":"2019-03-18T17:45:11","modified_gmt":"2019-03-18T22:45:11","slug":"defis-atahualpa","status":"publish","type":"page","link":"https:\/\/www.descolonizacion.org\/fr\/defis-atahualpa\/","title":{"rendered":"D\u00e9fis Atahualpa"},"content":{"rendered":"<ul>&nbsp;<\/p>\n<h2 ><strong> D\u00e9fis Atahualpa<\/strong><\/h2>\n<p>&nbsp;<\/p>\n<li><a href=\"https:\/\/www.facebook.com\/182439261845828\/videos\/1385048198251589\/?fref=mentions\" target=\"_blank\" class=\"alignright\" rel=\"noopener noreferrer\"><img decoding=\"async\" src=\"http:\/\/www.descolonizacion.org\/wp-content\/uploads\/2017\/09\/atahualpa-challenge.jpg\" alt=\"\" class=\"aligncenter\"\/><\/a><br \/>\nNous appuyons l\u2019initiative vivifiante et os\u00e9e:   <a href=\"https:\/\/www.facebook.com\/hashtag\/atahualpachallenge?source=feed_text&#038;story_id=1385048198251589\" target=\"_blank\" rel=\"noopener noreferrer\">#ATAHUALPACHALLENGE<\/a>  (D\u00e9fis Atahualpa) que nous promouvrons sur tout le continent sans haine antichr\u00e9tienne mais afin de rappeler la dimension colonialiste de cette religion qui s\u2019est impos\u00e9e par l\u2019\u00e9p\u00e9e. <\/p>\n<p>Si les principes chr\u00e9tiens de l\u2019amour, la compassion, l\u2019\u00e9galit\u00e9 et l\u2019universalisme sont incontestablement b\u00e9n\u00e9fiques pour le progr\u00e8s de l\u2019homme, l\u2019Eglise n\u2019a pas \u00e9t\u00e9 \u00e0 la hauteur dans leur transmission aux peuples de la Terre.  <!--more--><br \/>&nbsp;<\/p>\n<p>C\u2019est pourquoi nous  appelons de nos v\u0153ux une r\u00e9forme du Christianisme, \u00e0 un Christianisme sans obscurantisme, ni clerg\u00e9, ni p\u00each\u00e9, ni culpabilit\u00e9, ni cruaut\u00e9s et dolorisme. Ce n\u00e9o-Christianisme pourrait \u00e9merger sur ce continent, d\u00e9passant la voie ouverte par la <em>th\u00e9ologie de la lib\u00e9ration<\/em>, et que les autres  embrassent l\u2019ath\u00e9isme, les religions pr\u00e9colombiennes ou africaines import\u00e9es, ou le Raelianisme afin de nourrir l\u2019esprit et insuffler la religiosit\u00e9 indispensable \u00e0 l\u2019\u00e9panouissement de l\u2019existence humaine individuelle et collective.<\/p>\n<p>En cons\u00e9quence, nous incitons tous ceux qui souhaitent la lib\u00e9ration et \u00e9mancipation de ce continent qu\u2019ils jettent la Bible \u00e0 la mani\u00e8re de l\u2019Inca Atahualpa et le filment comme l\u2019ont fait les citoyens audacieux qui apparaissent sur les vid\u00e9os qui n\u2019auraient pas encore \u00e9t\u00e9 censur\u00e9es dans les r\u00e9seaux sociaux contr\u00f4l\u00e9s par les \u00ab Yankee \u00bb, ces nouveaux imp\u00e9rialistes. Ne baissons pas la garde, surtout maintenant que leurs pasteurs contaminent avec la d\u00e9mence pentec\u00f4tiste les peuples d\u2019Abya Yala. <\/p>\n<p><strong>R\u00e9sistons ! et \u00a1Hasta la victoria siempre! <\/strong><\/li>\n<p>&nbsp;<\/p>\n<p>&nbsp;<\/p>\n<li style=\"display: inline; text-align:center;\">\n<h5><iframe class=\"aligncenter\" width=\"560\" height=\"315\" src=\"https:\/\/www.youtube.com\/embed\/YFm4XcRW__s\" frameborder=\"0\" allow=\"accelerometer; autoplay; encrypted-media; gyroscope; picture-in-picture\" allowfullscreen><\/iframe><strong>Hommage \u00e0 Atahualpa, Colombie<\/strong><\/h5>\n<\/li>\n<p>&nbsp;<\/p>\n<\/ul>\n<p>&nbsp;&nbsp;<br \/>&nbsp;<\/p>\n<p>&nbsp;<\/p>\n","protected":false},"excerpt":{"rendered":"<p>&nbsp; D\u00e9fis Atahualpa &nbsp; Nous appuyons l\u2019initiative vivifiante et os\u00e9e: #ATAHUALPACHALLENGE (D\u00e9fis Atahualpa) que nous promouvrons sur tout le continent sans haine antichr\u00e9tienne mais afin [&hellip;]<\/p>\n","protected":false},"author":1,"featured_media":3394,"parent":0,"menu_order":0,"comment_status":"closed","ping_status":"closed","template":"","meta":{"footnotes":""},"class_list":["post-3404","page","type-page","status-publish","has-post-thumbnail","hentry"],"meta_box":{"imic_strict_no_header":"","imic_page_topbar_show":"","imic_page_specific_header":"","imic_page_logo_image":[],"imic_page_retina_logo_image":[],"imic_page_retina_logo_image_width":"","imic_page_retina_logo_image_height":"","imic_page_layout":"","imic_content_width":"","imic_content_padding_top":"","imic_content_padding_bottom":"","imic_pages_body_bg_color":"","imic_pages_body_bg_image":[],"imic_pages_body_bg_wide":"","imic_pages_body_bg_repeat":"","imic_pages_content_bg_color":"","imic_pages_content_bg_image":[],"imic_pages_content_bg_wide":"","imic_pages_content_bg_repeat":"","imic_page_header_show":"","imic_pages_Choose_slider_display":"0","imic_header_image":[{"width":150,"height":150,"file":"2016\/09\/Actions-E.jpg","filesize":78059,"sizes":{"woocommerce_thumbnail":{"file":"Actions-E-300x150.jpg","width":300,"height":150,"mime-type":"image\/jpeg","filesize":15619,"uncropped":false,"url":"https:\/\/www.descolonizacion.org\/wp-content\/uploads\/2016\/09\/Actions-E-300x150.jpg"},"woocommerce_gallery_thumbnail":{"file":"Actions-E-100x100.jpg","width":100,"height":100,"mime-type":"image\/jpeg","filesize":3479,"url":"https:\/\/www.descolonizacion.org\/wp-content\/uploads\/2016\/09\/Actions-E-100x100.jpg"},"woocommerce_single":{"file":"Actions-E-600x82.jpg","width":600,"height":82,"mime-type":"image\/jpeg","filesize":16221,"url":"https:\/\/www.descolonizacion.org\/wp-content\/uploads\/2016\/09\/Actions-E-600x82.jpg"},"thumbnail":{"file":"Actions-E-150x150.jpg","width":150,"height":150,"mime-type":"image\/jpeg","url":"https:\/\/www.descolonizacion.org\/wp-content\/uploads\/2016\/09\/Actions-E-150x150.jpg"},"medium":{"file":"Actions-E-300x41.jpg","width":300,"height":41,"mime-type":"image\/jpeg","url":"https:\/\/www.descolonizacion.org\/wp-content\/uploads\/2016\/09\/Actions-E-300x41.jpg"},"medium_large":{"file":"Actions-E-768x105.jpg","width":768,"height":105,"mime-type":"image\/jpeg","url":"https:\/\/www.descolonizacion.org\/wp-content\/uploads\/2016\/09\/Actions-E-768x105.jpg"},"large":{"file":"Actions-E-1024x140.jpg","width":1024,"height":140,"mime-type":"image\/jpeg","url":"https:\/\/www.descolonizacion.org\/wp-content\/uploads\/2016\/09\/Actions-E-1024x140.jpg"},"post-thumbnail":{"file":"Actions-E-958x131.jpg","width":958,"height":131,"mime-type":"image\/jpeg","url":"https:\/\/www.descolonizacion.org\/wp-content\/uploads\/2016\/09\/Actions-E-958x131.jpg"},"600x400":{"file":"Actions-E-600x150.jpg","width":600,"height":150,"mime-type":"image\/jpeg","url":"https:\/\/www.descolonizacion.org\/wp-content\/uploads\/2016\/09\/Actions-E-600x150.jpg"},"1000x800":{"file":"Actions-E-1000x150.jpg","width":1000,"height":150,"mime-type":"image\/jpeg","url":"https:\/\/www.descolonizacion.org\/wp-content\/uploads\/2016\/09\/Actions-E-1000x150.jpg"},"sow-carousel-default":{"file":"Actions-E-272x150.jpg","width":272,"height":150,"mime-type":"image\/jpeg","url":"https:\/\/www.descolonizacion.org\/wp-content\/uploads\/2016\/09\/Actions-E-272x150.jpg"}},"image_meta":{"aperture":"0","credit":"","camera":"","caption":"","created_timestamp":"0","copyright":"","focal_length":"0","iso":"0","shutter_speed":"0","title":"","orientation":"0","keywords":[]},"ID":"3268","name":"Actions-E.jpg","path":"\/home2\/descolinizacion\/public_html\/wp-content\/uploads\/2016\/09\/Actions-E.jpg","url":"https:\/\/www.descolonizacion.org\/wp-content\/uploads\/2016\/09\/Actions-E-150x150.jpg","full_url":"https:\/\/www.descolonizacion.org\/wp-content\/uploads\/2016\/09\/Actions-E.jpg","title":"actions-e","caption":"","description":"","alt":"descolonizacion","srcset":"https:\/\/www.descolonizacion.org\/wp-content\/uploads\/2016\/09\/Actions-E-150x150.jpg 150w, https:\/\/www.descolonizacion.org\/wp-content\/uploads\/2016\/09\/Actions-E-100x100.jpg 100w"}],"imic_pages_select_revolution_from_list":"[rev_slider alias=\\\"home-french\\\"]","imic_pages_select_smart_from_list":"","imic_pages_slider_height":"","imic_pages_slider_image":[],"imic_pages_slider_auto_slide":"yes","imic_pages_slider_speed":"","imic_pages_slider_pagination":"yes","imic_pages_slider_direction_arrows":"yes","imic_pages_slider_effects":"fade","imic_pages_banner_color":"","imic_pages_breadcrumb_show":"","imic_pages_title_show":"","imic_pages_banner_bg_color":"","imic_post_page_custom_title":"","imic_pages_banner_text_color":"","imic_pages_title_alignment":"","imic_page_social_share":"","imic_select_sidebar_from_list":"","imic_select_sidebar_position":"","imic_contact_email":"lolohim@gmail.com","imic_contact_subject":"","imic_our_location_text":"","imic_contact_map_display":"no","imic_contact_map_box_code":"","imic_Choose_slider_display":"0","imic_select_smart_from_list":"","imic_select_revolution_from_list":"[rev_slider alias=\\\"home-french\\\"]","imic_slider_image":[],"imic_slider_auto_slide":"yes","imic_slider_speed":"","imic_slider_pagination":"yes","imic_slider_direction_arrows":"yes","imic_slider_effects":"fade","imic_switch_categories_post":"1","imic_category_to_show_on_home":["82"],"imic_number_of_post_cat":[],"imic_upcoming_area":"1","imic_latest_sermon_events_to_show_on":"letest_event","imic_custom_text_message":"","imic_advanced_event_taxonomy":[],"imic_going_on_events":"1","imic_custom_going_on_events_title":"","imic_advanced_sermons_category":[],"imic_all_event_sermon_url":"","imic_imic_featured_blocks":"1","imic_home_featured_blocks":"","imic_home_row_featured_blocks":[],"imic_home_featured_blocks1":"","imic_home_featured_blocks2":"","imic_home_featured_blocks3":"","imic_imic_upcoming_events":"1","imic_upcoming_event_taxonomy":[],"imic_custom_upcoming_events_title":"","imic_events_to_show_on":"","imic_imic_recent_posts":"1","imic_recent_post_taxonomy":[],"imic_custom_latest_news_title":"","imic_posts_to_show_on":"","imic_recent_posts_rmbutton":"2","imic_recent_posts_rmbutton_text":"","imic_imic_galleries":"1","imic_home_gallery_taxonomy":[],"imic_custom_gallery_title":"","imic_custom_more_galleries_title":"","imic_custom_more_galleries_url":"","imic_galleries_to_show_on":"","imic_galleries_background_image":[],"imic_switch_sermon_album":"1","imic_custom_albums_title":"","imic_number_of_sermon_albums":"","imic_sermon_albums_url":"","imic_gallery_pagination_to_show_on":"","imic_gallery_pagination_columns_layout":"","imic_show_gallery_title":"0","imic_gallery_masonry_to_show_on":"","imic_show_gallery_title_masonry":"0","imic_gallery_filter_columns_layout":"","imic_show_gallery_title_filter":"0","imic_advanced_gallery_taxonomy":[],"imic_advanced_event_list_taxonomy":[],"imic_advanced_post_taxonomy":[],"imic_advanced_blog_taxonomy":[],"imic_staff_to_show_on":"","imic_staff_grid_column":"","imic_advanced_staff_taxonomy":[],"imic_staff_select_orderby":"ID","imic_staff_select_order":"","imic_staff_excerpt_length":"","imic_events_timeline_view":"","imic_event_timeline_per_page":"","imic_blog_masonry_thumbnails":"0","imic_albums_select_orderby":"count","imic_albums_select_order":"ASC","imic_sermon_categories_custom_order":[]},"_links":{"self":[{"href":"https:\/\/www.descolonizacion.org\/fr\/wp-json\/wp\/v2\/pages\/3404","targetHints":{"allow":["GET"]}}],"collection":[{"href":"https:\/\/www.descolonizacion.org\/fr\/wp-json\/wp\/v2\/pages"}],"about":[{"href":"https:\/\/www.descolonizacion.org\/fr\/wp-json\/wp\/v2\/types\/page"}],"author":[{"embeddable":true,"href":"https:\/\/www.descolonizacion.org\/fr\/wp-json\/wp\/v2\/users\/1"}],"replies":[{"embeddable":true,"href":"https:\/\/www.descolonizacion.org\/fr\/wp-json\/wp\/v2\/comments?post=3404"}],"version-history":[{"count":4,"href":"https:\/\/www.descolonizacion.org\/fr\/wp-json\/wp\/v2\/pages\/3404\/revisions"}],"predecessor-version":[{"id":3651,"href":"https:\/\/www.descolonizacion.org\/fr\/wp-json\/wp\/v2\/pages\/3404\/revisions\/3651"}],"wp:featuredmedia":[{"embeddable":true,"href":"https:\/\/www.descolonizacion.org\/fr\/wp-json\/wp\/v2\/media\/3394"}],"wp:attachment":[{"href":"https:\/\/www.descolonizacion.org\/fr\/wp-json\/wp\/v2\/media?parent=3404"}],"curies":[{"name":"wp","href":"https:\/\/api.w.org\/{rel}","templated":true}]}}