{"id":2199,"date":"2016-10-06T00:16:55","date_gmt":"2016-10-06T05:16:55","guid":{"rendered":"http:\/\/www.descolonizacion.org\/fr\/?page_id=2199"},"modified":"2018-04-09T14:30:56","modified_gmt":"2018-04-09T19:30:56","slug":"finir-avec-amerique-latine","status":"publish","type":"page","link":"https:\/\/www.descolonizacion.org\/fr\/finir-avec-amerique-latine\/","title":{"rendered":"Action &#8220;Pour en Finir avec &#8216;l&#8217;Am\u00e9rique Latine&#8217; &#8220;"},"content":{"rendered":"<h5>La d\u00e9colonisation ne saurait \u00eatre engag\u00e9e sans un changement des noms, en premier lieu de l\u2019outrancier et doublement colonial ; AM\u00c9RIQUE LATINE<\/h5>\n<li>\n<p>Lancement officiel : La Paz, Bolivien, f\u00e9vrier 2016 (71 ah)<\/p>\n<p>Pour en finir avec l\u2019 \u00ab Am\u00e9rique Latine \u00bb !<\/p>\n<p>L\u2019une des expressions directes et partout perceptible de l\u2019ali\u00e9nation culturelle de ce continent tient en un mot et ses d\u00e9riv\u00e9s : le fameux \u00ab latino \u00bb qui rel\u00e8ve d\u2019une stupidit\u00e9 outranci\u00e8re, car enfin ; comment d\u00e9signer des descendants d\u2019Incas, d\u2019Azt\u00e8ques, de Mapuches, d\u2019esclaves africains, etc. de \u00ab latins \u00bb ? Cette expression qui est de surcro\u00eet cr\u00e2nement utilis\u00e9e par les autochtones du continent illustre dans quel \u00e9tat d\u2019abrutissement se trouve une bonne partie des populations, chez qui l\u2019amn\u00e9sie rivalise avec l\u2019ignorance.<!--more--><\/p>\n<\/li>\n<p><\/p>\n<li>\n<p><a href=\"https:\/\/www.google.com\/maps\/place\/Cap.+Mariano+Arrien,+Santa+Cruz+de+la+Sierra,+Bolivie\/@-17.7929353,-63.1720755,17z\/data=!3m1!4b1!4m5!3m4!1s0x93f1e86845706d11:0x43ccb20494f2a0ef!8m2!3d-17.7929404!4d-63.1698815\" target=\"_blank\"><img decoding=\"async\" src=\"http:\/\/www.descolonizacion.org\/wp-content\/uploads\/2016\/09\/mapLaPaz.jpg\" alt=\"la paz am\u00e9rique latine\" \/><\/a><\/p>\n<p><a href=\"https:\/\/www.descolonizacion.org\/fr\/objectifs-decolonisation\/en-finir-avec-lamerique-latine\/\" target=\"_blank\">More details there.<\/a><\/p>\n<\/li>\n","protected":false},"excerpt":{"rendered":"<p>La d\u00e9colonisation ne saurait \u00eatre engag\u00e9e sans un changement des noms, en premier lieu de l\u2019outrancier et doublement colonial ; AM\u00c9RIQUE LATINE Lancement officiel : [&hellip;]<\/p>\n","protected":false},"author":1,"featured_media":0,"parent":0,"menu_order":0,"comment_status":"closed","ping_status":"closed","template":"","meta":{"footnotes":""},"class_list":["post-2199","page","type-page","status-publish","hentry"],"meta_box":{"imic_strict_no_header":"","imic_page_topbar_show":"","imic_page_specific_header":"","imic_page_logo_image":[],"imic_page_retina_logo_image":[],"imic_page_retina_logo_image_width":"","imic_page_retina_logo_image_height":"","imic_page_layout":"","imic_content_width":"","imic_content_padding_top":"","imic_content_padding_bottom":"","imic_pages_body_bg_color":"","imic_pages_body_bg_image":[],"imic_pages_body_bg_wide":"","imic_pages_body_bg_repeat":"","imic_pages_content_bg_color":"","imic_pages_content_bg_image":[],"imic_pages_content_bg_wide":"","imic_pages_content_bg_repeat":"","imic_page_header_show":"","imic_pages_Choose_slider_display":"0","imic_header_image":[{"width":150,"height":150,"file":"2016\/09\/Menu-Actions-F-E.jpg","filesize":78067,"sizes":{"woocommerce_thumbnail":{"file":"Menu-Actions-F-E-300x150.jpg","width":300,"height":150,"mime-type":"image\/jpeg","filesize":15619,"uncropped":false,"url":"https:\/\/www.descolonizacion.org\/wp-content\/uploads\/2016\/09\/Menu-Actions-F-E-300x150.jpg"},"woocommerce_gallery_thumbnail":{"file":"Menu-Actions-F-E-100x100.jpg","width":100,"height":100,"mime-type":"image\/jpeg","filesize":3479,"url":"https:\/\/www.descolonizacion.org\/wp-content\/uploads\/2016\/09\/Menu-Actions-F-E-100x100.jpg"},"woocommerce_single":{"file":"Menu-Actions-F-E-600x82.jpg","width":600,"height":82,"mime-type":"image\/jpeg","filesize":16221,"url":"https:\/\/www.descolonizacion.org\/wp-content\/uploads\/2016\/09\/Menu-Actions-F-E-600x82.jpg"},"thumbnail":{"file":"Menu-Actions-F-E-150x150.jpg","width":150,"height":150,"mime-type":"image\/jpeg","url":"https:\/\/www.descolonizacion.org\/wp-content\/uploads\/2016\/09\/Menu-Actions-F-E-150x150.jpg"},"medium":{"file":"Menu-Actions-F-E-300x41.jpg","width":300,"height":41,"mime-type":"image\/jpeg","url":"https:\/\/www.descolonizacion.org\/wp-content\/uploads\/2016\/09\/Menu-Actions-F-E-300x41.jpg"},"medium_large":{"file":"Menu-Actions-F-E-768x105.jpg","width":768,"height":105,"mime-type":"image\/jpeg","url":"https:\/\/www.descolonizacion.org\/wp-content\/uploads\/2016\/09\/Menu-Actions-F-E-768x105.jpg"},"large":{"file":"Menu-Actions-F-E-1024x140.jpg","width":1024,"height":140,"mime-type":"image\/jpeg","url":"https:\/\/www.descolonizacion.org\/wp-content\/uploads\/2016\/09\/Menu-Actions-F-E-1024x140.jpg"},"post-thumbnail":{"file":"Menu-Actions-F-E-958x131.jpg","width":958,"height":131,"mime-type":"image\/jpeg","url":"https:\/\/www.descolonizacion.org\/wp-content\/uploads\/2016\/09\/Menu-Actions-F-E-958x131.jpg"},"600x400":{"file":"Menu-Actions-F-E-600x150.jpg","width":600,"height":150,"mime-type":"image\/jpeg","url":"https:\/\/www.descolonizacion.org\/wp-content\/uploads\/2016\/09\/Menu-Actions-F-E-600x150.jpg"},"1000x800":{"file":"Menu-Actions-F-E-1000x150.jpg","width":1000,"height":150,"mime-type":"image\/jpeg","url":"https:\/\/www.descolonizacion.org\/wp-content\/uploads\/2016\/09\/Menu-Actions-F-E-1000x150.jpg"},"sow-carousel-default":{"file":"Menu-Actions-F-E-272x150.jpg","width":272,"height":150,"mime-type":"image\/jpeg","url":"https:\/\/www.descolonizacion.org\/wp-content\/uploads\/2016\/09\/Menu-Actions-F-E-272x150.jpg"}},"image_meta":{"aperture":"0","credit":"","camera":"","caption":"","created_timestamp":"0","copyright":"","focal_length":"0","iso":"0","shutter_speed":"0","title":"","orientation":"0","keywords":[]},"ID":"2833","name":"Menu-Actions-F-E.jpg","path":"\/home2\/descolinizacion\/public_html\/wp-content\/uploads\/2016\/09\/Menu-Actions-F-E.jpg","url":"https:\/\/www.descolonizacion.org\/wp-content\/uploads\/2016\/09\/Menu-Actions-F-E-150x150.jpg","full_url":"https:\/\/www.descolonizacion.org\/wp-content\/uploads\/2016\/09\/Menu-Actions-F-E.jpg","title":"menu-actions-f-e","caption":"","description":"","alt":"","srcset":"https:\/\/www.descolonizacion.org\/wp-content\/uploads\/2016\/09\/Menu-Actions-F-E-150x150.jpg 150w, https:\/\/www.descolonizacion.org\/wp-content\/uploads\/2016\/09\/Menu-Actions-F-E-100x100.jpg 100w"}],"imic_pages_select_revolution_from_list":"[rev_slider alias=\\\"home-french\\\"]","imic_pages_select_smart_from_list":"","imic_pages_slider_height":"","imic_pages_slider_image":[],"imic_pages_slider_auto_slide":"yes","imic_pages_slider_speed":"","imic_pages_slider_pagination":"yes","imic_pages_slider_direction_arrows":"yes","imic_pages_slider_effects":"fade","imic_pages_banner_color":"","imic_pages_breadcrumb_show":"","imic_pages_title_show":"","imic_pages_banner_bg_color":"","imic_post_page_custom_title":"","imic_pages_banner_text_color":"","imic_pages_title_alignment":"","imic_page_social_share":"","imic_select_sidebar_from_list":"","imic_select_sidebar_position":"","imic_contact_email":"lolohim@gmail.com","imic_contact_subject":"","imic_our_location_text":"","imic_contact_map_display":"no","imic_contact_map_box_code":"","imic_Choose_slider_display":"0","imic_select_smart_from_list":"","imic_select_revolution_from_list":"[rev_slider alias=\\\"home-french\\\"]","imic_slider_image":[],"imic_slider_auto_slide":"yes","imic_slider_speed":"","imic_slider_pagination":"yes","imic_slider_direction_arrows":"yes","imic_slider_effects":"fade","imic_switch_categories_post":"1","imic_category_to_show_on_home":["82"],"imic_number_of_post_cat":[],"imic_upcoming_area":"1","imic_latest_sermon_events_to_show_on":"letest_event","imic_custom_text_message":"","imic_advanced_event_taxonomy":[],"imic_going_on_events":"1","imic_custom_going_on_events_title":"","imic_advanced_sermons_category":[],"imic_all_event_sermon_url":"","imic_imic_featured_blocks":"1","imic_home_featured_blocks":"","imic_home_row_featured_blocks":[],"imic_home_featured_blocks1":"","imic_home_featured_blocks2":"","imic_home_featured_blocks3":"","imic_imic_upcoming_events":"1","imic_upcoming_event_taxonomy":[],"imic_custom_upcoming_events_title":"","imic_events_to_show_on":"","imic_imic_recent_posts":"1","imic_recent_post_taxonomy":[],"imic_custom_latest_news_title":"","imic_posts_to_show_on":"","imic_recent_posts_rmbutton":"2","imic_recent_posts_rmbutton_text":"","imic_imic_galleries":"1","imic_home_gallery_taxonomy":[],"imic_custom_gallery_title":"","imic_custom_more_galleries_title":"","imic_custom_more_galleries_url":"","imic_galleries_to_show_on":"","imic_galleries_background_image":[],"imic_switch_sermon_album":"1","imic_custom_albums_title":"","imic_number_of_sermon_albums":"","imic_sermon_albums_url":"","imic_gallery_pagination_to_show_on":"","imic_gallery_pagination_columns_layout":"","imic_show_gallery_title":"0","imic_gallery_masonry_to_show_on":"","imic_show_gallery_title_masonry":"0","imic_gallery_filter_columns_layout":"","imic_show_gallery_title_filter":"0","imic_advanced_gallery_taxonomy":[],"imic_advanced_event_list_taxonomy":[],"imic_advanced_post_taxonomy":[],"imic_advanced_blog_taxonomy":[],"imic_staff_to_show_on":"","imic_staff_grid_column":"","imic_advanced_staff_taxonomy":[],"imic_staff_select_orderby":"ID","imic_staff_select_order":"","imic_staff_excerpt_length":"","imic_events_timeline_view":"","imic_event_timeline_per_page":"","imic_blog_masonry_thumbnails":"0","imic_albums_select_orderby":"count","imic_albums_select_order":"ASC","imic_sermon_categories_custom_order":[]},"_links":{"self":[{"href":"https:\/\/www.descolonizacion.org\/fr\/wp-json\/wp\/v2\/pages\/2199","targetHints":{"allow":["GET"]}}],"collection":[{"href":"https:\/\/www.descolonizacion.org\/fr\/wp-json\/wp\/v2\/pages"}],"about":[{"href":"https:\/\/www.descolonizacion.org\/fr\/wp-json\/wp\/v2\/types\/page"}],"author":[{"embeddable":true,"href":"https:\/\/www.descolonizacion.org\/fr\/wp-json\/wp\/v2\/users\/1"}],"replies":[{"embeddable":true,"href":"https:\/\/www.descolonizacion.org\/fr\/wp-json\/wp\/v2\/comments?post=2199"}],"version-history":[{"count":8,"href":"https:\/\/www.descolonizacion.org\/fr\/wp-json\/wp\/v2\/pages\/2199\/revisions"}],"predecessor-version":[{"id":2873,"href":"https:\/\/www.descolonizacion.org\/fr\/wp-json\/wp\/v2\/pages\/2199\/revisions\/2873"}],"wp:attachment":[{"href":"https:\/\/www.descolonizacion.org\/fr\/wp-json\/wp\/v2\/media?parent=2199"}],"curies":[{"name":"wp","href":"https:\/\/api.w.org\/{rel}","templated":true}]}}