{"id":1713,"date":"2016-09-22T23:08:58","date_gmt":"2016-09-23T04:08:58","guid":{"rendered":"http:\/\/www.descolonizacion.org\/fr\/?page_id=1713"},"modified":"2018-04-09T14:30:57","modified_gmt":"2018-04-09T19:30:57","slug":"decolonisation-radicale","status":"publish","type":"page","link":"https:\/\/www.descolonizacion.org\/fr\/decolonisation-radicale\/","title":{"rendered":"D\u00e9colonisation radicale"},"content":{"rendered":"<h2><strong>Descolonizacion<\/strong> \/ <strong>Descolonizacion<\/strong> prend le ferme parti de la radicalit\u00e9, c\u2019est-\u00e0-dire de la r\u00e9solution des probl\u00e8mes depuis la racine.<\/h2>\n<ul>\n<ul>\n<li><img decoding=\"async\" class=\"alignleft\" src=\"http:\/\/www.descolonizacion.org\/wp-content\/uploads\/2016\/10\/Descolonizacion-Logo-Separate-b-260.png\" alt=\"Decolonizacion\" \/>Aucun mal ne trouve de r\u00e9solution v\u00e9ritable s\u2019il n\u2019est pas pris \u00e0 la racine, l\u00e0 o\u00f9 se trouve la cause premi\u00e8re \u00e0 partir de laquelle se d\u00e9roule la suite des effets et cause secondaires qui en d\u00e9pendront toujours, aussi loin de la racine pussent-elles para\u00eetre \u00e0 l\u2019\u0153il distrait. Et c\u2019est parce que le n\u00f4tre ne l\u2019est pas que nous ne pouvons participer \u00e0 la mi\u00e8vrerie ambiante qui d\u00e9tourne le regard des causes profondes, qui \u00e9loigne de toute compr\u00e9hension authentique, sympt\u00f4me parmi d\u2019autres de la civilisation de masse qui endort les soci\u00e9t\u00e9s dans le lit de l\u2019abandon, au profit de lugubres et avides puissances. <!--more--><\/li>\n<\/ul>\n<\/ul>\n<p>&nbsp;<\/p>\n<ul>\n<ul>\n<li>Pourtant il va bien falloir y faire face et remettre le monde en \u00e9tat. Et ce n\u2019est pas en continuant sur la voie de la <em>Disneylandisation<\/em> que nous y parviendrons.<\/li>\n<\/ul>\n<\/ul>\n<p>&nbsp;<\/p>\n<ul>\n<ul>\n<li><strong>Descolonizacion<\/strong> prend le ferme parti de la radicalit\u00e9, c\u2019est-\u00e0-dire de la prise des probl\u00e8mes \u00e0 bras le corps. Il n\u2019y a pas de place pour la ti\u00e9deur et la l\u00e2chet\u00e9 lorsque l\u2019ab\u00eeme \u00e9cart\u00e8le le sol sous les pieds des peuples.<\/li>\n<\/ul>\n<\/ul>\n<p>&nbsp;<\/p>\n<ul>\n<ul>\n<li><img decoding=\"async\" class=\"alignleft\" src=\"http:\/\/www.descolonizacion.org\/wp-content\/uploads\/2016\/09\/cribar-2.jpg\" alt=\"filtrer filter cribar\" \/> Il va ainsi falloir tout reprendre \u00e0 z\u00e9ro, ou plut\u00f4t de l\u00e0 o\u00f9 est partie la dislocation du continent, peut-\u00eatre m\u00eame avant que les Europ\u00e9ens y arrivent, bien que la part qui nous int\u00e9resse est celle qui d\u00e9buta avec le 12 octobre 1492. Tout doit y passer\u00a0: la religion, la langue, l\u2019organisation du travail, le rapport \u00e0 la propri\u00e9t\u00e9 et aux biens mat\u00e9riels, la sexualit\u00e9, l\u2019amiti\u00e9, la famille, la chasse, l\u2019agriculture, tout\u00a0! Tout ce qui constitue un peuple. Qu\u2019est-ce qui est d\u2019ici et qu\u2019est-ce qui ne l&#8217;est pas\u00a0? Pour ensuite d\u00e9cider de ce qui doit \u00eatre expurg\u00e9 et ce qui doit rester.<\/li>\n<\/ul>\n<\/ul>\n<p>&nbsp;<\/p>\n<ul>\n<ul>\n<li><img decoding=\"async\" class=\"alignright\" src=\"http:\/\/www.descolonizacion.org\/wp-content\/uploads\/2016\/09\/ipanema-beach-99388_1280-copy.jpg\" alt=\"Abondance Abundancy opulencia abundancia Eldorado\" \/><br \/>\n<h5>La d\u00e9colonisation radicale ouvrira les portes vers le vrai Eldorado;<br \/>\nune authentique paix et prosp\u00e9rit\u00e9.<\/h5>\n<p>Le colossal travail de <strong>radicale d\u00e9colonisation<\/strong> remettra \u00e0 neuf ce continent, le videra pour le remplir \u00e0 nouveau \u00e0 l&#8217;instar du grand m\u00e9nage des campagnards. Une fois par an ils vident leurs demeures, tuent la vermine, lavent le linge, d\u00e9semplissent le grenier ou la remise, sortent les lits et matelas o\u00f9 punaises et autres insectes d\u00e9sagr\u00e9ables y ont fait leur nid. Et apr\u00e8s trois jours d\u2019assainissement ils remettent tout. Sauf que l\u00e0 bien des meubles bancals et objets p\u00e9rim\u00e9s seront jet\u00e9s par-dessus la falaise afin que jamais plus ils ne remontent. Ils seront alors le pass\u00e9, le vrai pass\u00e9, c\u2019est-\u00e0-dire ce qui n\u2019impacte plus le pr\u00e9sent.<\/li>\n<\/ul>\n<\/ul>\n<p>&nbsp;<\/p>\n<ul>\n<ul>\n<blockquote>\n<li>Faisons ce grand nettoyage\u00a0!<br \/>\nLa lutte sera acerbe car cinq si\u00e8cles de colonisation ne se balaient pas en deux jours. Puis viendra l\u2019Eldorado, non pas une ville d\u2019or mais un continent en paix; une vraie et p\u00e9renne paix. Et cela vaut plus que tout l\u2019or du monde\u00a0!<\/li>\n<li><\/li>\n<\/blockquote>\n<\/ul>\n<\/ul>\n<p>&nbsp;<\/p>\n","protected":false},"excerpt":{"rendered":"<p>Descolonizacion \/ Descolonizacion prend le ferme parti de la radicalit\u00e9, c\u2019est-\u00e0-dire de la r\u00e9solution des probl\u00e8mes depuis la racine. Aucun mal ne trouve de r\u00e9solution [&hellip;]<\/p>\n","protected":false},"author":1,"featured_media":0,"parent":0,"menu_order":0,"comment_status":"closed","ping_status":"closed","template":"","meta":{"footnotes":""},"class_list":["post-1713","page","type-page","status-publish","hentry"],"meta_box":{"imic_strict_no_header":"","imic_page_topbar_show":"","imic_page_specific_header":"","imic_page_logo_image":[],"imic_page_retina_logo_image":[],"imic_page_retina_logo_image_width":"","imic_page_retina_logo_image_height":"","imic_page_layout":"","imic_content_width":"","imic_content_padding_top":"","imic_content_padding_bottom":"","imic_pages_body_bg_color":"","imic_pages_body_bg_image":[],"imic_pages_body_bg_wide":"","imic_pages_body_bg_repeat":"","imic_pages_content_bg_color":"","imic_pages_content_bg_image":[],"imic_pages_content_bg_wide":"","imic_pages_content_bg_repeat":"","imic_page_header_show":"","imic_pages_Choose_slider_display":"0","imic_header_image":[{"width":150,"height":150,"file":"2016\/09\/Menu-Objectifs-F.jpg","filesize":77580,"sizes":{"woocommerce_thumbnail":{"file":"Menu-Objectifs-F-300x150.jpg","width":300,"height":150,"mime-type":"image\/jpeg","filesize":15400,"uncropped":false,"url":"https:\/\/www.descolonizacion.org\/wp-content\/uploads\/2016\/09\/Menu-Objectifs-F-300x150.jpg"},"woocommerce_gallery_thumbnail":{"file":"Menu-Objectifs-F-100x100.jpg","width":100,"height":100,"mime-type":"image\/jpeg","filesize":3442,"url":"https:\/\/www.descolonizacion.org\/wp-content\/uploads\/2016\/09\/Menu-Objectifs-F-100x100.jpg"},"woocommerce_single":{"file":"Menu-Objectifs-F-600x82.jpg","width":600,"height":82,"mime-type":"image\/jpeg","filesize":16168,"url":"https:\/\/www.descolonizacion.org\/wp-content\/uploads\/2016\/09\/Menu-Objectifs-F-600x82.jpg"},"thumbnail":{"file":"Menu-Objectifs-F-150x150.jpg","width":150,"height":150,"mime-type":"image\/jpeg","url":"https:\/\/www.descolonizacion.org\/wp-content\/uploads\/2016\/09\/Menu-Objectifs-F-150x150.jpg"},"medium":{"file":"Menu-Objectifs-F-300x41.jpg","width":300,"height":41,"mime-type":"image\/jpeg","url":"https:\/\/www.descolonizacion.org\/wp-content\/uploads\/2016\/09\/Menu-Objectifs-F-300x41.jpg"},"medium_large":{"file":"Menu-Objectifs-F-768x105.jpg","width":768,"height":105,"mime-type":"image\/jpeg","url":"https:\/\/www.descolonizacion.org\/wp-content\/uploads\/2016\/09\/Menu-Objectifs-F-768x105.jpg"},"large":{"file":"Menu-Objectifs-F-1024x140.jpg","width":1024,"height":140,"mime-type":"image\/jpeg","url":"https:\/\/www.descolonizacion.org\/wp-content\/uploads\/2016\/09\/Menu-Objectifs-F-1024x140.jpg"},"post-thumbnail":{"file":"Menu-Objectifs-F-958x131.jpg","width":958,"height":131,"mime-type":"image\/jpeg","url":"https:\/\/www.descolonizacion.org\/wp-content\/uploads\/2016\/09\/Menu-Objectifs-F-958x131.jpg"},"600x400":{"file":"Menu-Objectifs-F-600x150.jpg","width":600,"height":150,"mime-type":"image\/jpeg","url":"https:\/\/www.descolonizacion.org\/wp-content\/uploads\/2016\/09\/Menu-Objectifs-F-600x150.jpg"},"1000x800":{"file":"Menu-Objectifs-F-1000x150.jpg","width":1000,"height":150,"mime-type":"image\/jpeg","url":"https:\/\/www.descolonizacion.org\/wp-content\/uploads\/2016\/09\/Menu-Objectifs-F-1000x150.jpg"},"sow-carousel-default":{"file":"Menu-Objectifs-F-272x150.jpg","width":272,"height":150,"mime-type":"image\/jpeg","url":"https:\/\/www.descolonizacion.org\/wp-content\/uploads\/2016\/09\/Menu-Objectifs-F-272x150.jpg"}},"image_meta":{"aperture":"0","credit":"","camera":"","caption":"","created_timestamp":"0","copyright":"","focal_length":"0","iso":"0","shutter_speed":"0","title":"","orientation":"0","keywords":[]},"ID":"2830","name":"Menu-Objectifs-F.jpg","path":"\/home2\/descolinizacion\/public_html\/wp-content\/uploads\/2016\/09\/Menu-Objectifs-F.jpg","url":"https:\/\/www.descolonizacion.org\/wp-content\/uploads\/2016\/09\/Menu-Objectifs-F-150x150.jpg","full_url":"https:\/\/www.descolonizacion.org\/wp-content\/uploads\/2016\/09\/Menu-Objectifs-F.jpg","title":"menu-objectifs-f","caption":"","description":"","alt":"","srcset":"https:\/\/www.descolonizacion.org\/wp-content\/uploads\/2016\/09\/Menu-Objectifs-F-150x150.jpg 150w, https:\/\/www.descolonizacion.org\/wp-content\/uploads\/2016\/09\/Menu-Objectifs-F-100x100.jpg 100w"}],"imic_pages_select_revolution_from_list":"[rev_slider alias=\\\"home-french\\\"]","imic_pages_select_smart_from_list":"","imic_pages_slider_height":"","imic_pages_slider_image":[],"imic_pages_slider_auto_slide":"yes","imic_pages_slider_speed":"","imic_pages_slider_pagination":"yes","imic_pages_slider_direction_arrows":"yes","imic_pages_slider_effects":"fade","imic_pages_banner_color":"","imic_pages_breadcrumb_show":"","imic_pages_title_show":"","imic_pages_banner_bg_color":"","imic_post_page_custom_title":"","imic_pages_banner_text_color":"","imic_pages_title_alignment":"","imic_page_social_share":"","imic_select_sidebar_from_list":"post-sidebar","imic_select_sidebar_position":"","imic_contact_email":"lolohim@gmail.com","imic_contact_subject":"","imic_our_location_text":"","imic_contact_map_display":"no","imic_contact_map_box_code":"","imic_Choose_slider_display":"0","imic_select_smart_from_list":"","imic_select_revolution_from_list":"[rev_slider alias=\\\"home-french\\\"]","imic_slider_image":[],"imic_slider_auto_slide":"yes","imic_slider_speed":"","imic_slider_pagination":"yes","imic_slider_direction_arrows":"yes","imic_slider_effects":"fade","imic_switch_categories_post":"1","imic_category_to_show_on_home":["82"],"imic_number_of_post_cat":[],"imic_upcoming_area":"1","imic_latest_sermon_events_to_show_on":"letest_event","imic_custom_text_message":"","imic_advanced_event_taxonomy":[],"imic_going_on_events":"1","imic_custom_going_on_events_title":"","imic_advanced_sermons_category":[],"imic_all_event_sermon_url":"","imic_imic_featured_blocks":"1","imic_home_featured_blocks":"","imic_home_row_featured_blocks":[],"imic_home_featured_blocks1":"","imic_home_featured_blocks2":"","imic_home_featured_blocks3":"","imic_imic_upcoming_events":"1","imic_upcoming_event_taxonomy":[],"imic_custom_upcoming_events_title":"","imic_events_to_show_on":"","imic_imic_recent_posts":"1","imic_recent_post_taxonomy":[],"imic_custom_latest_news_title":"","imic_posts_to_show_on":"","imic_recent_posts_rmbutton":"2","imic_recent_posts_rmbutton_text":"","imic_imic_galleries":"1","imic_home_gallery_taxonomy":[],"imic_custom_gallery_title":"","imic_custom_more_galleries_title":"","imic_custom_more_galleries_url":"","imic_galleries_to_show_on":"","imic_galleries_background_image":[],"imic_switch_sermon_album":"1","imic_custom_albums_title":"","imic_number_of_sermon_albums":"","imic_sermon_albums_url":"","imic_gallery_pagination_to_show_on":"","imic_gallery_pagination_columns_layout":"","imic_show_gallery_title":"0","imic_gallery_masonry_to_show_on":"","imic_show_gallery_title_masonry":"0","imic_gallery_filter_columns_layout":"","imic_show_gallery_title_filter":"0","imic_advanced_gallery_taxonomy":[],"imic_advanced_event_list_taxonomy":[],"imic_advanced_post_taxonomy":[],"imic_advanced_blog_taxonomy":[],"imic_staff_to_show_on":"","imic_staff_grid_column":"","imic_advanced_staff_taxonomy":[],"imic_staff_select_orderby":"ID","imic_staff_select_order":"","imic_staff_excerpt_length":"","imic_events_timeline_view":"","imic_event_timeline_per_page":"","imic_blog_masonry_thumbnails":"0","imic_albums_select_orderby":"count","imic_albums_select_order":"ASC","imic_sermon_categories_custom_order":[]},"_links":{"self":[{"href":"https:\/\/www.descolonizacion.org\/fr\/wp-json\/wp\/v2\/pages\/1713","targetHints":{"allow":["GET"]}}],"collection":[{"href":"https:\/\/www.descolonizacion.org\/fr\/wp-json\/wp\/v2\/pages"}],"about":[{"href":"https:\/\/www.descolonizacion.org\/fr\/wp-json\/wp\/v2\/types\/page"}],"author":[{"embeddable":true,"href":"https:\/\/www.descolonizacion.org\/fr\/wp-json\/wp\/v2\/users\/1"}],"replies":[{"embeddable":true,"href":"https:\/\/www.descolonizacion.org\/fr\/wp-json\/wp\/v2\/comments?post=1713"}],"version-history":[{"count":30,"href":"https:\/\/www.descolonizacion.org\/fr\/wp-json\/wp\/v2\/pages\/1713\/revisions"}],"predecessor-version":[{"id":3141,"href":"https:\/\/www.descolonizacion.org\/fr\/wp-json\/wp\/v2\/pages\/1713\/revisions\/3141"}],"wp:attachment":[{"href":"https:\/\/www.descolonizacion.org\/fr\/wp-json\/wp\/v2\/media?parent=1713"}],"curies":[{"name":"wp","href":"https:\/\/api.w.org\/{rel}","templated":true}]}}