{"id":1418,"date":"2016-09-14T17:19:11","date_gmt":"2016-09-14T22:19:11","guid":{"rendered":"http:\/\/www.descolonizacion.org\/?page_id=1418&#038;lang=fr"},"modified":"2018-04-09T14:30:59","modified_gmt":"2018-04-09T19:30:59","slug":"participer","status":"publish","type":"page","link":"https:\/\/www.descolonizacion.org\/fr\/participer\/","title":{"rendered":"Participer"},"content":{"rendered":"<h2><strong>Participer \u00e0 Nos Actions<\/strong><\/h2>\n<li>\n<p>Il y a maintes mani\u00e8res de participer au processus de d\u00e9colonisation.<\/p>\n<p>Il n\u2019est pas n\u00e9cessaire de suivre les batailles de Bolivar ou la fr\u00e9n\u00e9sie r\u00e9volutionnaire d\u2019un Che Guevara. Chacun peut faire, d\u00e8s cet instant, \u0153uvre de d\u00e9colonisation\u00a0en alignant son alimentation, son habit, sa langue, sa sensibilit\u00e9 culturelle, sa religion, ses choix artistiques, sur ceux des cultures autochtones, ou ce qui en reste, ou bien m\u00eame de ce qu\u2019on en sauverait et ferions rena\u00eetre \u00e0 partir des restes qui ont surv\u00e9cu aux \u00e9preuves et \u00e0 l\u2019oubli, \u00e0 l\u2019image d\u2019eaux abondantes qui reviennent parfois dans un puits que l\u2019on croyait  taris. <\/p>\n<\/li>\n<li>\n<p> <img decoding=\"async\" class=\"alignright\" src=\"http:\/\/www.descolonizacion.org\/wp-content\/uploads\/2016\/09\/tree-990863_1280-300.jpg\" alt=\"tree arbol arbre r\u00e9volution\" \/> La <strong>Renaissance pr\u00e9colombienne<\/strong> n\u2019est pas un impossible r\u00eave. L\u2019h\u00e9breu, langue quasiment morte est revenue du silence\u00a0parce que des Juifs l\u2019ont voulu, \u00e0 l\u2019\u00e9poque o\u00f9 un r\u00eave \u00e9tait encore possible en Palestine.<\/p>\n<p>Aujourd\u2019hui ce r\u00eave est possible ici, celui de ramener, depuis l\u2019oubli ou l\u2019abandon, la gloire d\u2019un \u00e2ge qui a le droit d\u2019\u00eatre redor\u00e9, et ce par tous; les descendants directs, il va de soi, mais aussi les descendants en esprit, en d\u2019autres termes toutes celles et ceux qui adopteraient un mode de vie, des valeurs, des langues, des noms, des sensibilit\u00e9s, des religions qui ne seraient ni hispaniques, ni portugaises, europ\u00e9ennes ou nord-am\u00e9ricaines. Pensez-y \u00e0 l\u2019heure de faire des choix, \u00e0 l\u2019heure de prendre une boisson gazeuse ou de l\u2019eau de source, \u00e0 l\u2019heure de porter l\u2019uniforme des ma\u00eetres ou les parures\u00a0de vos a\u00efeuls, \u00e0 l\u2019heure de chanter, danser et r\u00eaver. De quelle couleur sont vos r\u00eaves\u00a0? Sont-ils vraiment issus de la\u00a0terre que vous foulez, qui vous porte, abrite et nourrit\u00a0?<\/p>\n<p>Ensuite, pas \u00e0 pas, viendra l\u2019union, la formation d\u2019un corps r\u00e9volutionnaire, informel et spontan\u00e9 d\u2019abord, puis fort, enthousiaste, imparable et victorieux.<\/p>\n<\/li>\n<p>&nbsp;<\/p>\n<li> <img decoding=\"async\" src=\"http:\/\/www.descolonizacion.org\/wp-content\/uploads\/2016\/10\/Descolonizacion-Logo-Separate-b.png\" alt=\"Descolonizacion\" class=\"alignleft\" \/>\n<p>Pour l\u2019instant, <strong>Descolonizacion <\/strong>vous propose de sortir de votre cachette, de venir au jour et montrer vos envies, vos aspirations, vos revendications. Voyez qui peut se joindre \u00e0 vous, quelles associations, ONG, partis, mairies, villages, villes, familles, individus, \u2026 sont pr\u00eats \u00e0 rejoindre ce courant qui dans chaque recoin de ce continent r\u00e9veille ses filles et ses fils et les r\u00e9unit pour balayer l\u2019injustice, l\u2019invasion, la d\u00e9possession, l\u2019abrutissement.<\/p>\n<p>La <strong>r\u00e9volution continentale<\/strong> est en route et vous en faites d\u00e9j\u00e0 partie puisque vous avez lu ces lignes.<\/p>\n<p>Aussi et \u00e9videmment, vous serez les bienvenus aux actions que nous m\u00e8nerons partout sur le continent et m\u00eame au-del\u00e0, peut-\u00eatre bient\u00f4t pr\u00e8s de chez vous.<\/p>\n<p>N\u2019h\u00e9sitez pas \u00e0\u00a0consulter <a href=\"https:\/\/www.descolonizacion.org\/fr\/?event-category=actions-fr\" target=\"_blank\">notre calendrier<\/a> ou \u00e0 nous contacter.<\/p>\n<\/li>\n<p>&nbsp;<\/p>\n\n\n<!-- Fast Secure Contact Form plugin 4.0.52 - begin - FastSecureContactForm.com -->\r\n<div style=\"clear:both;\"><\/div>\n<p>Veuillez remplir ce formulaire et nous vous recontacterons.<\/p>\r\n<div id=\"FSContact5\" style=\"width:99%; max-width:555px;\">\r\n<form action=\"https:\/\/www.descolonizacion.org\/fr\/wp-json\/wp\/v2\/pages\/1418#FSContact5\" id=\"fscf_form5\" method=\"post\">\r\n\n<div id=\"fscf_required5\">\n  <span style=\"text-align:left;\">*<\/span> <span style=\"text-align:left;\">indique un champ requis<\/span>\n<\/div>\n\n\n<div id=\"fscf_div_clear5_0\" style=\"clear:both;\">\n  <div id=\"fscf_div_field5_0\" style=\"clear:left; float:left; width:99%; max-width:370px; margin-right:10px;\">\n    <div  id=\"fscf_label5_0\" style=\"text-align:left; padding-top:5px;\">\n    <\/div>\r\n    <div style=\"text-align:left; padding-top:5px;\">\n    <\/div>\r\n    <div style=\"text-align:left;\">\r\n      <input style=\"text-align:left; margin:0; width:99%; max-width:650px;\" type=\"text\" id=\"fscf_name5\" name=\"full_name\" value=\"\"  readonly=\"readonly\" placeholder=\"Nom complet\" \/>\r\n    <\/div>\r\n  <\/div>\n<\/div>\n\n<div id=\"fscf_div_clear5_1\" style=\"clear:both;\">\n  <div id=\"fscf_div_field5_1\" style=\"clear:left; float:left; width:99%; max-width:370px; margin-right:10px;\">\n    <div  id=\"fscf_label5_1\" style=\"text-align:left; padding-top:5px;\">\n    <\/div>\n    <div style=\"text-align:left; padding-top:5px;\">\n    <\/div>\n    <div style=\"text-align:left;\">\n      <input style=\"text-align:left; margin:0; width:99%; max-width:650px;\" type=\"text\" id=\"fscf_email5\" name=\"email\" value=\"\"  readonly=\"readonly\" placeholder=\"Email\" \/>\n    <\/div>\n  <\/div>\n<\/div>\n\n<div id=\"fscf_div_clear5_2\" style=\"clear:both;\">\n  <div id=\"fscf_div_field5_2\" style=\"clear:left; float:left; width:99%; max-width:370px; margin-right:10px;\">\n    <div  id=\"fscf_label5_2\" style=\"text-align:left; padding-top:5px;\">\n    <\/div>\n    <div style=\"text-align:left; padding-top:5px;\">\n    <\/div>\n    <div style=\"text-align:left;\">\n      <select style=\"text-align:left;\" id=\"fscf_field5_2\" name=\"subject[]\">\n        <option value=\"1\">Participer \u00e0 nos actions<\/option>\n      <\/select>\n    <\/div>\n  <\/div>\n<\/div>\n\n<div id=\"fscf_div_clear5_3\" style=\"clear:both;\">\n  <div id=\"fscf_div_field5_3\" style=\"clear:left; float:left; width:99%; max-width:370px; margin-right:10px;\">\n    <div  id=\"fscf_label5_3\" style=\"text-align:left; padding-top:5px;\">\n    <\/div>\n    <div style=\"text-align:left; padding-top:5px;\">\n    <\/div>\n    <div style=\"text-align:left;\">\n      <textarea style=\"text-align:left; margin:0; width:99%; max-width:370px; height:170px;\" id=\"fscf_field5_3\" name=\"message\" cols=\"30\" rows=\"10\"  placeholder=\"Message\"><\/textarea>\n    <\/div>\n  <\/div>\n<\/div>\r\n<div style=\"clear:both;\"><\/div>\n\n<div id=\"fscf_submit_div5\" style=\"text-align:left; clear:both; padding-top:15px;\">\r\n\t\t<input type=\"submit\" id=\"fscf_submit5\" style=\"cursor:pointer; margin:0;\" value=\"PARTICIPER\"  onclick=\"this.disabled=true; this.value='Soumis...'; this.form.submit();\" \/> \n<\/div>\n\n<input type=\"hidden\" name=\"fscf_submitted\" value=\"0\" \/>\n<input type=\"hidden\" name=\"fs_postonce_5\" value=\"a9a0980ea765953a1facf43a6267083c,1777559820\" \/>\n<input type=\"hidden\" name=\"si_contact_action\" value=\"send\" \/>\n<input type=\"hidden\" name=\"form_id\" value=\"5\" \/>\n<input type=\"hidden\" name=\"mailto_id\" value=\"1\" \/>\n\n<\/form>\n<\/div>\r\n<div style=\"clear:both;\"><\/div>\n\r\n<style type=\"text\/css\">\r\n\r\n\/* Placeholder Style - WebKit browsers - Safari, Chrome *\/\r\n::-webkit-input-placeholder { opacity:0.6; color:#333333; }\r\n\r\n\/* Placeholder Style - Mozilla Firefox 4 - 18 *\/\r\n:-moz-placeholder { opacity:0.6; color:#333333; }\r\n\r\n\/* Placeholder Style - Mozilla Firefox 19+ *\/\r\n::-moz-placeholder { opacity:0.6; color:#333333; }\r\n\r\n\/* Placeholder Style - Internet Explorer 10+ *\/\r\n:-ms-input-placeholder { opacity:0.6; color:#333333; }\r\n\r\n<\/style>\r\n\n<!-- Fast Secure Contact Form plugin 4.0.52 - end - FastSecureContactForm.com -->\n\n","protected":false},"excerpt":{"rendered":"<p>Participer \u00e0 Nos Actions Il y a maintes mani\u00e8res de participer au processus de d\u00e9colonisation. Il n\u2019est pas n\u00e9cessaire de suivre les batailles de Bolivar [&hellip;]<\/p>\n","protected":false},"author":1,"featured_media":0,"parent":0,"menu_order":0,"comment_status":"closed","ping_status":"closed","template":"","meta":{"footnotes":""},"class_list":["post-1418","page","type-page","status-publish","hentry"],"meta_box":{"imic_strict_no_header":"","imic_page_topbar_show":"","imic_page_specific_header":"","imic_page_logo_image":[],"imic_page_retina_logo_image":[],"imic_page_retina_logo_image_width":"","imic_page_retina_logo_image_height":"","imic_page_layout":"","imic_content_width":"","imic_content_padding_top":"","imic_content_padding_bottom":"","imic_pages_body_bg_color":"","imic_pages_body_bg_image":[],"imic_pages_body_bg_wide":"","imic_pages_body_bg_repeat":"","imic_pages_content_bg_color":"","imic_pages_content_bg_image":[],"imic_pages_content_bg_wide":"","imic_pages_content_bg_repeat":"","imic_page_header_show":"","imic_pages_Choose_slider_display":"0","imic_header_image":[{"width":150,"height":150,"file":"2016\/09\/Menu-Participer-F.jpg","filesize":76928,"sizes":{"woocommerce_thumbnail":{"file":"Menu-Participer-F-300x150.jpg","width":300,"height":150,"mime-type":"image\/jpeg","filesize":15459,"uncropped":false,"url":"https:\/\/www.descolonizacion.org\/wp-content\/uploads\/2016\/09\/Menu-Participer-F-300x150.jpg"},"woocommerce_gallery_thumbnail":{"file":"Menu-Participer-F-100x100.jpg","width":100,"height":100,"mime-type":"image\/jpeg","filesize":3476,"url":"https:\/\/www.descolonizacion.org\/wp-content\/uploads\/2016\/09\/Menu-Participer-F-100x100.jpg"},"woocommerce_single":{"file":"Menu-Participer-F-600x82.jpg","width":600,"height":82,"mime-type":"image\/jpeg","filesize":15908,"url":"https:\/\/www.descolonizacion.org\/wp-content\/uploads\/2016\/09\/Menu-Participer-F-600x82.jpg"},"thumbnail":{"file":"Menu-Participer-F-150x150.jpg","width":150,"height":150,"mime-type":"image\/jpeg","url":"https:\/\/www.descolonizacion.org\/wp-content\/uploads\/2016\/09\/Menu-Participer-F-150x150.jpg"},"medium":{"file":"Menu-Participer-F-300x41.jpg","width":300,"height":41,"mime-type":"image\/jpeg","url":"https:\/\/www.descolonizacion.org\/wp-content\/uploads\/2016\/09\/Menu-Participer-F-300x41.jpg"},"medium_large":{"file":"Menu-Participer-F-768x105.jpg","width":768,"height":105,"mime-type":"image\/jpeg","url":"https:\/\/www.descolonizacion.org\/wp-content\/uploads\/2016\/09\/Menu-Participer-F-768x105.jpg"},"large":{"file":"Menu-Participer-F-1024x140.jpg","width":1024,"height":140,"mime-type":"image\/jpeg","url":"https:\/\/www.descolonizacion.org\/wp-content\/uploads\/2016\/09\/Menu-Participer-F-1024x140.jpg"},"post-thumbnail":{"file":"Menu-Participer-F-958x131.jpg","width":958,"height":131,"mime-type":"image\/jpeg","url":"https:\/\/www.descolonizacion.org\/wp-content\/uploads\/2016\/09\/Menu-Participer-F-958x131.jpg"},"600x400":{"file":"Menu-Participer-F-600x150.jpg","width":600,"height":150,"mime-type":"image\/jpeg","url":"https:\/\/www.descolonizacion.org\/wp-content\/uploads\/2016\/09\/Menu-Participer-F-600x150.jpg"},"1000x800":{"file":"Menu-Participer-F-1000x150.jpg","width":1000,"height":150,"mime-type":"image\/jpeg","url":"https:\/\/www.descolonizacion.org\/wp-content\/uploads\/2016\/09\/Menu-Participer-F-1000x150.jpg"},"sow-carousel-default":{"file":"Menu-Participer-F-272x150.jpg","width":272,"height":150,"mime-type":"image\/jpeg","url":"https:\/\/www.descolonizacion.org\/wp-content\/uploads\/2016\/09\/Menu-Participer-F-272x150.jpg"}},"image_meta":{"aperture":"0","credit":"","camera":"","caption":"","created_timestamp":"0","copyright":"","focal_length":"0","iso":"0","shutter_speed":"0","title":"","orientation":"0","keywords":[]},"ID":"2841","name":"Menu-Participer-F.jpg","path":"\/home2\/descolinizacion\/public_html\/wp-content\/uploads\/2016\/09\/Menu-Participer-F.jpg","url":"https:\/\/www.descolonizacion.org\/wp-content\/uploads\/2016\/09\/Menu-Participer-F-150x150.jpg","full_url":"https:\/\/www.descolonizacion.org\/wp-content\/uploads\/2016\/09\/Menu-Participer-F.jpg","title":"menu-participer-f","caption":"","description":"","alt":"","srcset":"https:\/\/www.descolonizacion.org\/wp-content\/uploads\/2016\/09\/Menu-Participer-F-150x150.jpg 150w, https:\/\/www.descolonizacion.org\/wp-content\/uploads\/2016\/09\/Menu-Participer-F-100x100.jpg 100w"}],"imic_pages_select_revolution_from_list":"[rev_slider alias=\\\"home-french\\\"]","imic_pages_select_smart_from_list":"","imic_pages_slider_height":"","imic_pages_slider_image":[],"imic_pages_slider_auto_slide":"yes","imic_pages_slider_speed":"","imic_pages_slider_pagination":"yes","imic_pages_slider_direction_arrows":"yes","imic_pages_slider_effects":"fade","imic_pages_banner_color":"","imic_pages_breadcrumb_show":"","imic_pages_title_show":"","imic_pages_banner_bg_color":"","imic_post_page_custom_title":"","imic_pages_banner_text_color":"","imic_pages_title_alignment":"","imic_page_social_share":"","imic_select_sidebar_from_list":"","imic_select_sidebar_position":"","imic_contact_email":"lolohim@gmail.com","imic_contact_subject":"","imic_our_location_text":"","imic_contact_map_display":"no","imic_contact_map_box_code":"","imic_Choose_slider_display":"0","imic_select_smart_from_list":"","imic_select_revolution_from_list":"[rev_slider alias=\\\"home-french\\\"]","imic_slider_image":[],"imic_slider_auto_slide":"yes","imic_slider_speed":"","imic_slider_pagination":"yes","imic_slider_direction_arrows":"yes","imic_slider_effects":"fade","imic_switch_categories_post":"1","imic_category_to_show_on_home":["82"],"imic_number_of_post_cat":[],"imic_upcoming_area":"1","imic_latest_sermon_events_to_show_on":"letest_event","imic_custom_text_message":"","imic_advanced_event_taxonomy":[],"imic_going_on_events":"1","imic_custom_going_on_events_title":"","imic_advanced_sermons_category":[],"imic_all_event_sermon_url":"","imic_imic_featured_blocks":"1","imic_home_featured_blocks":"","imic_home_row_featured_blocks":[],"imic_home_featured_blocks1":"","imic_home_featured_blocks2":"","imic_home_featured_blocks3":"","imic_imic_upcoming_events":"1","imic_upcoming_event_taxonomy":[],"imic_custom_upcoming_events_title":"","imic_events_to_show_on":"","imic_imic_recent_posts":"1","imic_recent_post_taxonomy":[],"imic_custom_latest_news_title":"","imic_posts_to_show_on":"","imic_recent_posts_rmbutton":"2","imic_recent_posts_rmbutton_text":"","imic_imic_galleries":"1","imic_home_gallery_taxonomy":[],"imic_custom_gallery_title":"","imic_custom_more_galleries_title":"","imic_custom_more_galleries_url":"","imic_galleries_to_show_on":"","imic_galleries_background_image":[],"imic_switch_sermon_album":"1","imic_custom_albums_title":"","imic_number_of_sermon_albums":"","imic_sermon_albums_url":"","imic_gallery_pagination_to_show_on":"","imic_gallery_pagination_columns_layout":"","imic_show_gallery_title":"0","imic_gallery_masonry_to_show_on":"","imic_show_gallery_title_masonry":"0","imic_gallery_filter_columns_layout":"","imic_show_gallery_title_filter":"0","imic_advanced_gallery_taxonomy":[],"imic_advanced_event_list_taxonomy":[],"imic_advanced_post_taxonomy":[],"imic_advanced_blog_taxonomy":[],"imic_staff_to_show_on":"","imic_staff_grid_column":"","imic_advanced_staff_taxonomy":[],"imic_staff_select_orderby":"ID","imic_staff_select_order":"","imic_staff_excerpt_length":"","imic_events_timeline_view":"","imic_event_timeline_per_page":"","imic_blog_masonry_thumbnails":"0","imic_albums_select_orderby":"count","imic_albums_select_order":"ASC","imic_sermon_categories_custom_order":[]},"_links":{"self":[{"href":"https:\/\/www.descolonizacion.org\/fr\/wp-json\/wp\/v2\/pages\/1418","targetHints":{"allow":["GET"]}}],"collection":[{"href":"https:\/\/www.descolonizacion.org\/fr\/wp-json\/wp\/v2\/pages"}],"about":[{"href":"https:\/\/www.descolonizacion.org\/fr\/wp-json\/wp\/v2\/types\/page"}],"author":[{"embeddable":true,"href":"https:\/\/www.descolonizacion.org\/fr\/wp-json\/wp\/v2\/users\/1"}],"replies":[{"embeddable":true,"href":"https:\/\/www.descolonizacion.org\/fr\/wp-json\/wp\/v2\/comments?post=1418"}],"version-history":[{"count":22,"href":"https:\/\/www.descolonizacion.org\/fr\/wp-json\/wp\/v2\/pages\/1418\/revisions"}],"predecessor-version":[{"id":3144,"href":"https:\/\/www.descolonizacion.org\/fr\/wp-json\/wp\/v2\/pages\/1418\/revisions\/3144"}],"wp:attachment":[{"href":"https:\/\/www.descolonizacion.org\/fr\/wp-json\/wp\/v2\/media?parent=1418"}],"curies":[{"name":"wp","href":"https:\/\/api.w.org\/{rel}","templated":true}]}}