{"id":1385,"date":"2016-09-14T10:59:23","date_gmt":"2016-09-14T15:59:23","guid":{"rendered":"http:\/\/www.descolonizacion.org\/?page_id=1385&#038;lang=fr"},"modified":"2018-04-09T14:30:55","modified_gmt":"2018-04-09T19:30:55","slug":"12-octobre-fete-ou-honte-nationale","status":"publish","type":"page","link":"https:\/\/www.descolonizacion.org\/fr\/12-octobre-fete-ou-honte-nationale\/","title":{"rendered":"12 Octobre : F\u00eate Nationale ou bien Honte Nationale?"},"content":{"rendered":"<h2>Le 12 Octobre : F\u00eate Nationale? ou Jour de la Honte Nationale?<\/h2>\n<ul>\n<ul>\n<li><strong>12 Octobre <\/strong>: <em>D\u00eda de la raza<\/em> ou <em>de la hispanidad<\/em>, <em>Columbus Day,\u00a0\u00a0Giornata Nazionale di Cristoforo Colombo&#8230;.<\/em>F\u00eat\u00e9 Nationale de l&#8217;Espagne!<br \/>\nEn principe\u00a0une f\u00eate nationale correspond \u00e0 une date de lib\u00e9ration, \u00e0 l\u2019av\u00e8nement d\u2019un grand moment national. Le grand moment national de ce pays est celui du d\u00e9but de la subjugation d\u2019un continent et de la destruction de ses populations et cultures. L\u2019Espagne montre la pire face du colonialisme europ\u00e9en. C\u2019est celui qui non seulement ne se repend pas, ne regrette pas mais le c\u00e9l\u00e8bre\u00a0!<\/li>\n<li>Quant aux autres pays qui f\u00eatent cette date, ils seraient bien inspir\u00e9s de suivre la voix montr\u00e9e par Hugo Chavez lorsqu&#8217;il fit du jour de &#8220;l&#8217;orgueil de la race&#8221; ou de &#8220;l&#8217;hispanit\u00e9&#8221; celui de la <em>R\u00e9sistance Indig\u00e8ne<\/em><!--more--><\/li>\n<\/ul>\n<\/ul>\n<ul>\n<ul>\n<li>Que dirait la population espagnole su la f\u00eate nationale fran\u00e7aise \u00e9tait le 18 octobre,<br \/>\nle jour de l&#8217;entr\u00e9e des troupes napol\u00e9oniennes en Espagne (1807)?<\/li>\n<\/ul>\n<\/ul>\n<p>&nbsp;<\/p>\n<ul>\n<ul>\n<li>\n<h3><strong> Lieu : Madrid le 11 Octobre \u00e0 15 h<\/strong><\/h3>\n<p><a href=\"https:\/\/goo.gl\/maps\/6pxoTkvgnHS2\" target=\"_blank\"><img decoding=\"async\" src=\"http:\/\/www.descolonizacion.org\/wp-content\/uploads\/2016\/09\/plazaColon-300.jpg\" alt=\"Plaza Colon\" \/><\/a><br \/>\n<a href=\"https:\/\/goo.gl\/maps\/6pxoTkvgnHS2\" target=\"_blank\">Au pied de la statue de Christophe Colomb.<br \/>\nPlace Colomb, Madrid, Espagne<\/a><\/li>\n<\/ul>\n<li>Autres lieux pr\u00e9vus: Paris, Londres, Rome, Gen\u00e8ve, Montr\u00e9al, Tel Aviv, San Francisco, Lima, Bogota,&#8230;<\/li>\n<\/ul>\n<p>&nbsp;<\/p>\n<ul>\n<li><strong>Nous contacter : <\/strong> <a href=\"mailto:info@descolonizacion.org\"> <em><strong>info@descolonizacion.org<\/strong><\/em> <\/a><\/li>\n<\/ul>\n<p>&nbsp;<\/p>\n<ul>\n<li><strong>TRACTS EDIT\u00c9S EN FRAN\u00c7AIS \u00c0 CETTE OCCASION : <\/strong><br \/>&nbsp;<br \/>\n<table>\n<tr>\n<td><a href=\"http:\/\/www.descolonizacion.org\/wp-content\/uploads\/2016\/09\/descolonizacion_france1000.jpg\" target=\"_blank\"><img decoding=\"async\" src=\"http:\/\/www.descolonizacion.org\/wp-content\/uploads\/2016\/09\/descolonizacion_france210.jpg\" alt=\"octobre 12\" \/><\/a><\/td>\n<td>&nbsp;&nbsp;&nbsp;&nbsp;&nbsp;&nbsp;&nbsp;&nbsp;<\/td>\n<td><a href=\"http:\/\/www.descolonizacion.org\/wp-content\/uploads\/2016\/09\/descolonizacion_canada1000.jpg\" target=\"_blank\"><img decoding=\"async\" src=\"http:\/\/www.descolonizacion.org\/wp-content\/uploads\/2016\/09\/descolonizacion_canada210.jpg\" alt=\"octobre 12\" \/><\/a><\/td>\n<\/tr>\n<\/table>\n<\/li>\n<\/ul>\n<p>&nbsp;<\/p>\n","protected":false},"excerpt":{"rendered":"<p>12 Octobre : La f\u00eate nationale en Espagne co\u00efncide avec le d\u00e9but d&#8217;un processus de subduction et de destruction des peuples et des civilisations d&#8217;un continent entier de l&#8217;autre c\u00f4t\u00e9 de l&#8217;oc\u00e9an atlantique. <\/p>\n","protected":false},"author":1,"featured_media":0,"parent":0,"menu_order":0,"comment_status":"closed","ping_status":"closed","template":"","meta":{"footnotes":""},"class_list":["post-1385","page","type-page","status-publish","hentry"],"meta_box":{"imic_strict_no_header":"","imic_page_topbar_show":"","imic_page_specific_header":"","imic_page_logo_image":[],"imic_page_retina_logo_image":[],"imic_page_retina_logo_image_width":"","imic_page_retina_logo_image_height":"","imic_page_layout":"","imic_content_width":"","imic_content_padding_top":"","imic_content_padding_bottom":"","imic_pages_body_bg_color":"","imic_pages_body_bg_image":[],"imic_pages_body_bg_wide":"","imic_pages_body_bg_repeat":"","imic_pages_content_bg_color":"","imic_pages_content_bg_image":[],"imic_pages_content_bg_wide":"","imic_pages_content_bg_repeat":"","imic_page_header_show":"","imic_pages_Choose_slider_display":"0","imic_header_image":[{"width":150,"height":150,"file":"2016\/09\/Menu-Actions-F-E.jpg","filesize":78067,"sizes":{"woocommerce_thumbnail":{"file":"Menu-Actions-F-E-300x150.jpg","width":300,"height":150,"mime-type":"image\/jpeg","filesize":15619,"uncropped":false,"url":"https:\/\/www.descolonizacion.org\/wp-content\/uploads\/2016\/09\/Menu-Actions-F-E-300x150.jpg"},"woocommerce_gallery_thumbnail":{"file":"Menu-Actions-F-E-100x100.jpg","width":100,"height":100,"mime-type":"image\/jpeg","filesize":3479,"url":"https:\/\/www.descolonizacion.org\/wp-content\/uploads\/2016\/09\/Menu-Actions-F-E-100x100.jpg"},"woocommerce_single":{"file":"Menu-Actions-F-E-600x82.jpg","width":600,"height":82,"mime-type":"image\/jpeg","filesize":16221,"url":"https:\/\/www.descolonizacion.org\/wp-content\/uploads\/2016\/09\/Menu-Actions-F-E-600x82.jpg"},"thumbnail":{"file":"Menu-Actions-F-E-150x150.jpg","width":150,"height":150,"mime-type":"image\/jpeg","url":"https:\/\/www.descolonizacion.org\/wp-content\/uploads\/2016\/09\/Menu-Actions-F-E-150x150.jpg"},"medium":{"file":"Menu-Actions-F-E-300x41.jpg","width":300,"height":41,"mime-type":"image\/jpeg","url":"https:\/\/www.descolonizacion.org\/wp-content\/uploads\/2016\/09\/Menu-Actions-F-E-300x41.jpg"},"medium_large":{"file":"Menu-Actions-F-E-768x105.jpg","width":768,"height":105,"mime-type":"image\/jpeg","url":"https:\/\/www.descolonizacion.org\/wp-content\/uploads\/2016\/09\/Menu-Actions-F-E-768x105.jpg"},"large":{"file":"Menu-Actions-F-E-1024x140.jpg","width":1024,"height":140,"mime-type":"image\/jpeg","url":"https:\/\/www.descolonizacion.org\/wp-content\/uploads\/2016\/09\/Menu-Actions-F-E-1024x140.jpg"},"post-thumbnail":{"file":"Menu-Actions-F-E-958x131.jpg","width":958,"height":131,"mime-type":"image\/jpeg","url":"https:\/\/www.descolonizacion.org\/wp-content\/uploads\/2016\/09\/Menu-Actions-F-E-958x131.jpg"},"600x400":{"file":"Menu-Actions-F-E-600x150.jpg","width":600,"height":150,"mime-type":"image\/jpeg","url":"https:\/\/www.descolonizacion.org\/wp-content\/uploads\/2016\/09\/Menu-Actions-F-E-600x150.jpg"},"1000x800":{"file":"Menu-Actions-F-E-1000x150.jpg","width":1000,"height":150,"mime-type":"image\/jpeg","url":"https:\/\/www.descolonizacion.org\/wp-content\/uploads\/2016\/09\/Menu-Actions-F-E-1000x150.jpg"},"sow-carousel-default":{"file":"Menu-Actions-F-E-272x150.jpg","width":272,"height":150,"mime-type":"image\/jpeg","url":"https:\/\/www.descolonizacion.org\/wp-content\/uploads\/2016\/09\/Menu-Actions-F-E-272x150.jpg"}},"image_meta":{"aperture":"0","credit":"","camera":"","caption":"","created_timestamp":"0","copyright":"","focal_length":"0","iso":"0","shutter_speed":"0","title":"","orientation":"0","keywords":[]},"ID":"2833","name":"Menu-Actions-F-E.jpg","path":"\/home2\/descolinizacion\/public_html\/wp-content\/uploads\/2016\/09\/Menu-Actions-F-E.jpg","url":"https:\/\/www.descolonizacion.org\/wp-content\/uploads\/2016\/09\/Menu-Actions-F-E-150x150.jpg","full_url":"https:\/\/www.descolonizacion.org\/wp-content\/uploads\/2016\/09\/Menu-Actions-F-E.jpg","title":"menu-actions-f-e","caption":"","description":"","alt":"","srcset":"https:\/\/www.descolonizacion.org\/wp-content\/uploads\/2016\/09\/Menu-Actions-F-E-150x150.jpg 150w, https:\/\/www.descolonizacion.org\/wp-content\/uploads\/2016\/09\/Menu-Actions-F-E-100x100.jpg 100w"}],"imic_pages_select_revolution_from_list":"[rev_slider alias=\"home-french\"]","imic_pages_select_smart_from_list":"","imic_pages_slider_height":"","imic_pages_slider_image":[],"imic_pages_slider_auto_slide":"yes","imic_pages_slider_speed":"","imic_pages_slider_pagination":"yes","imic_pages_slider_direction_arrows":"yes","imic_pages_slider_effects":"fade","imic_pages_banner_color":"","imic_pages_breadcrumb_show":"","imic_pages_title_show":"","imic_pages_banner_bg_color":"","imic_post_page_custom_title":"","imic_pages_banner_text_color":"","imic_pages_title_alignment":"","imic_page_social_share":"","imic_select_sidebar_from_list":"","imic_select_sidebar_position":"","imic_contact_email":"lolohim@gmail.com","imic_contact_subject":"","imic_our_location_text":"","imic_contact_map_display":"no","imic_contact_map_box_code":"","imic_Choose_slider_display":"0","imic_select_smart_from_list":"","imic_select_revolution_from_list":"[rev_slider alias=\"home-french\"]","imic_slider_image":[],"imic_slider_auto_slide":"yes","imic_slider_speed":"","imic_slider_pagination":"yes","imic_slider_direction_arrows":"yes","imic_slider_effects":"fade","imic_switch_categories_post":"1","imic_category_to_show_on_home":["82"],"imic_number_of_post_cat":[],"imic_upcoming_area":"1","imic_latest_sermon_events_to_show_on":"letest_event","imic_custom_text_message":"","imic_advanced_event_taxonomy":[],"imic_going_on_events":"1","imic_custom_going_on_events_title":"","imic_advanced_sermons_category":[],"imic_all_event_sermon_url":"","imic_imic_featured_blocks":"1","imic_home_featured_blocks":"","imic_home_row_featured_blocks":[],"imic_home_featured_blocks1":"","imic_home_featured_blocks2":"","imic_home_featured_blocks3":"","imic_imic_upcoming_events":"1","imic_upcoming_event_taxonomy":[],"imic_custom_upcoming_events_title":"","imic_events_to_show_on":"","imic_imic_recent_posts":"1","imic_recent_post_taxonomy":[],"imic_custom_latest_news_title":"","imic_posts_to_show_on":"","imic_recent_posts_rmbutton":"2","imic_recent_posts_rmbutton_text":"","imic_imic_galleries":"1","imic_home_gallery_taxonomy":[],"imic_custom_gallery_title":"","imic_custom_more_galleries_title":"","imic_custom_more_galleries_url":"","imic_galleries_to_show_on":"","imic_galleries_background_image":[],"imic_switch_sermon_album":"1","imic_custom_albums_title":"","imic_number_of_sermon_albums":"","imic_sermon_albums_url":"","imic_gallery_pagination_to_show_on":"","imic_gallery_pagination_columns_layout":"","imic_show_gallery_title":"0","imic_gallery_masonry_to_show_on":"","imic_show_gallery_title_masonry":"0","imic_gallery_filter_columns_layout":"","imic_show_gallery_title_filter":"0","imic_advanced_gallery_taxonomy":[],"imic_advanced_event_list_taxonomy":[],"imic_advanced_post_taxonomy":[],"imic_advanced_blog_taxonomy":[],"imic_staff_to_show_on":"","imic_staff_grid_column":"","imic_advanced_staff_taxonomy":[],"imic_staff_select_orderby":"ID","imic_staff_select_order":"","imic_staff_excerpt_length":"","imic_events_timeline_view":"","imic_event_timeline_per_page":"","imic_blog_masonry_thumbnails":"0","imic_albums_select_orderby":"count","imic_albums_select_order":"ASC","imic_sermon_categories_custom_order":[]},"_links":{"self":[{"href":"https:\/\/www.descolonizacion.org\/fr\/wp-json\/wp\/v2\/pages\/1385","targetHints":{"allow":["GET"]}}],"collection":[{"href":"https:\/\/www.descolonizacion.org\/fr\/wp-json\/wp\/v2\/pages"}],"about":[{"href":"https:\/\/www.descolonizacion.org\/fr\/wp-json\/wp\/v2\/types\/page"}],"author":[{"embeddable":true,"href":"https:\/\/www.descolonizacion.org\/fr\/wp-json\/wp\/v2\/users\/1"}],"replies":[{"embeddable":true,"href":"https:\/\/www.descolonizacion.org\/fr\/wp-json\/wp\/v2\/comments?post=1385"}],"version-history":[{"count":44,"href":"https:\/\/www.descolonizacion.org\/fr\/wp-json\/wp\/v2\/pages\/1385\/revisions"}],"predecessor-version":[{"id":2544,"href":"https:\/\/www.descolonizacion.org\/fr\/wp-json\/wp\/v2\/pages\/1385\/revisions\/2544"}],"wp:attachment":[{"href":"https:\/\/www.descolonizacion.org\/fr\/wp-json\/wp\/v2\/media?parent=1385"}],"curies":[{"name":"wp","href":"https:\/\/api.w.org\/{rel}","templated":true}]}}