{"id":1064,"date":"2016-09-12T15:25:54","date_gmt":"2016-09-12T20:25:54","guid":{"rendered":"http:\/\/www.descolonizacion.org\/?page_id=1064&#038;lang=fr"},"modified":"2018-04-09T14:30:59","modified_gmt":"2018-04-09T19:30:59","slug":"objectifs-decolonisation","status":"publish","type":"page","link":"https:\/\/www.descolonizacion.org\/fr\/objectifs-decolonisation\/","title":{"rendered":"Objectifs de Descolonizacion"},"content":{"rendered":"<h2>Inspirer puis engager de r\u00e9els processus de d\u00e9colonisation<\/h2>\n<ul>\n<ul>\n<li>\n<p><img decoding=\"async\" class=\"alignright\" src=\"http:\/\/www.descolonizacion.org\/wp-content\/uploads\/2016\/10\/Descolonizacion-Logo-Separate-b-260.png\" alt=\"\" \/>Nos objectifs sont clairs\u00a0: inspirer puis engager de r\u00e9els processus de d\u00e9colonisation chez des peuples dont la croissance et maturation ont \u00e9t\u00e9 fatalement entrav\u00e9es par les interventions de nations \u00e9trang\u00e8res dont les influences n\u00e9fastes persistent sous diverses modalit\u00e9s et \u00e0 divers degr\u00e9s et contre lesquelles il est urgent et indispensable d\u2019agir.<\/p>\n<\/li>\n<li><\/li>\n<li>\n<p>L&#8217;objectif ultime de la d\u00e9colonisation de ce continent devrait mener \u00e0\u00a0la cr\u00e9ation\u00a0d&#8217;une union conf\u00e9d\u00e9rale qui irait \u00a0au moins du Mexique jusqu&#8217;\u00e0 la\u00a0<em>Terre\u00a0de Feu<\/em> et qui partagerait une m\u00eame monnaie -qui ne soit surtout pas le dollar! -; une langue commune &#8211; l&#8217;espagnol ou\u00a0pourquoi pas le &#8220;portunhol&#8221; qui serait l&#8217;int\u00e9gration des langues espagnole et portugaise? \u00a0&#8211; avec parall\u00e8lement la valorisation et l&#8217;officialisation des langues autochtones au niveau des nations et des r\u00e9gions; une arm\u00e9e continentale munie de l&#8217;arme atomique tant qu&#8217;un d\u00e9sarmement nucl\u00e9aire\u00a0complet n&#8217;aura pas \u00e9t\u00e9 entrepris par toutes les arm\u00e9es de la plan\u00e8te, sans exception aucune&#8230;\u00a0<!--more--><\/p>\n<\/li>\n<\/ul>\n<\/ul>\n<p>&nbsp;<\/p>\n<ul>\n<ul>\n<li>\n<p>Seule une introspection dans les causes profondes du ph\u00e9nom\u00e8ne colonial et de ses ramifications, et les mesures symboliques et concr\u00e8tes que celle-ci insufflera parviendront \u00e0 restructurer les choses sur ce continent. Par \u00ab\u00a0choses\u00a0\u00bb nous entendons, les nations indig\u00e8nes, les peuples m\u00e9tis et les peuples arriv\u00e9s de gr\u00e9 ou de force sur ces terres, les soci\u00e9t\u00e9s qu\u2019ils ont constitu\u00e9es, les institutions formelles et informelles, les \u00c9tats, les structures \u00e9conomiques, sans oublier les \u00ab\u00a0esprits\u00a0\u00bb. De grandes mesures, souvent difficiles pour les ordres \u00e9tablis, devront \u00eatre prises et cela requerra du courage, un sens visionnaire et de la justice et justesse.<\/p>\n<\/li>\n<\/ul>\n<\/ul>\n<p>&nbsp;<\/p>\n<ul>\n<ul>\n<li>\n<p><img decoding=\"async\" class=\"alignleft\" src=\"http:\/\/www.descolonizacion.org\/wp-content\/uploads\/2016\/09\/model-latin-1231829_1280.jpg\" alt=\"model latino\" \/>Il faudra aussi simultan\u00e9ment -ou pr\u00e9alablement\u00a0&#8211; redonner \u00e0 ce continent une dignit\u00e9, notion floue qui regroupe un ensemble de composants, dont celui de se conna\u00eetre, se contempler dans son \u00eatre en \u00e9tant assur\u00e9 de son int\u00e9grit\u00e9 et s\u00e9curit\u00e9, et de ma\u00eetriser en cons\u00e9quence les conditions psychiques et physiques pour se projeter dans un avenir serein. Ce continent a \u00e9t\u00e9 bafou\u00e9, foul\u00e9 du pied, d\u00e9truit, spoli\u00e9, humili\u00e9, d\u00e9cultur\u00e9, esclavagis\u00e9, envahi, d\u00e9chir\u00e9, en un mot\u00a0; colonis\u00e9. S\u2019il s\u2019agissait d\u2019un pass\u00e9 cl\u00f4t, c\u2019est-\u00e0-dire qui appartiendrait \u00e0 une \u00e9poque r\u00e9volue qui n\u2019existerait plus que dans les livres, alors nous pourrions nous \u00e9pargner cet exercice d\u2019introspection et de \u00ab\u00a0nettoyage\u00a0\u00bb. Mais ce pass\u00e9 n\u2019est pas pass\u00e9, peu importent les ann\u00e9es ou les si\u00e8cles, le pr\u00e9sent est aujourd\u2019hui tributaire de ce qui d\u00e9buta en 1492.<\/p>\n<\/li>\n<\/ul>\n<\/ul>\n<p>&nbsp;<\/p>\n","protected":false},"excerpt":{"rendered":"<p>Inspirer puis engager de r\u00e9els processus de d\u00e9colonisation Nos objectifs sont clairs\u00a0: inspirer puis engager de r\u00e9els processus de d\u00e9colonisation chez des peuples dont la [&hellip;]<\/p>\n","protected":false},"author":1,"featured_media":0,"parent":0,"menu_order":0,"comment_status":"closed","ping_status":"closed","template":"","meta":{"footnotes":""},"class_list":["post-1064","page","type-page","status-publish","hentry"],"meta_box":{"imic_strict_no_header":"","imic_page_topbar_show":"","imic_page_specific_header":"","imic_page_logo_image":[],"imic_page_retina_logo_image":[],"imic_page_retina_logo_image_width":"","imic_page_retina_logo_image_height":"","imic_page_layout":"","imic_content_width":"","imic_content_padding_top":"","imic_content_padding_bottom":"","imic_pages_body_bg_color":"","imic_pages_body_bg_image":[],"imic_pages_body_bg_wide":"","imic_pages_body_bg_repeat":"","imic_pages_content_bg_color":"","imic_pages_content_bg_image":[],"imic_pages_content_bg_wide":"","imic_pages_content_bg_repeat":"","imic_page_header_show":"","imic_pages_Choose_slider_display":"0","imic_header_image":[{"width":150,"height":150,"file":"2016\/09\/Menu-Objectifs-F.jpg","filesize":77580,"sizes":{"woocommerce_thumbnail":{"file":"Menu-Objectifs-F-300x150.jpg","width":300,"height":150,"mime-type":"image\/jpeg","filesize":15400,"uncropped":false,"url":"https:\/\/www.descolonizacion.org\/wp-content\/uploads\/2016\/09\/Menu-Objectifs-F-300x150.jpg"},"woocommerce_gallery_thumbnail":{"file":"Menu-Objectifs-F-100x100.jpg","width":100,"height":100,"mime-type":"image\/jpeg","filesize":3442,"url":"https:\/\/www.descolonizacion.org\/wp-content\/uploads\/2016\/09\/Menu-Objectifs-F-100x100.jpg"},"woocommerce_single":{"file":"Menu-Objectifs-F-600x82.jpg","width":600,"height":82,"mime-type":"image\/jpeg","filesize":16168,"url":"https:\/\/www.descolonizacion.org\/wp-content\/uploads\/2016\/09\/Menu-Objectifs-F-600x82.jpg"},"thumbnail":{"file":"Menu-Objectifs-F-150x150.jpg","width":150,"height":150,"mime-type":"image\/jpeg","url":"https:\/\/www.descolonizacion.org\/wp-content\/uploads\/2016\/09\/Menu-Objectifs-F-150x150.jpg"},"medium":{"file":"Menu-Objectifs-F-300x41.jpg","width":300,"height":41,"mime-type":"image\/jpeg","url":"https:\/\/www.descolonizacion.org\/wp-content\/uploads\/2016\/09\/Menu-Objectifs-F-300x41.jpg"},"medium_large":{"file":"Menu-Objectifs-F-768x105.jpg","width":768,"height":105,"mime-type":"image\/jpeg","url":"https:\/\/www.descolonizacion.org\/wp-content\/uploads\/2016\/09\/Menu-Objectifs-F-768x105.jpg"},"large":{"file":"Menu-Objectifs-F-1024x140.jpg","width":1024,"height":140,"mime-type":"image\/jpeg","url":"https:\/\/www.descolonizacion.org\/wp-content\/uploads\/2016\/09\/Menu-Objectifs-F-1024x140.jpg"},"post-thumbnail":{"file":"Menu-Objectifs-F-958x131.jpg","width":958,"height":131,"mime-type":"image\/jpeg","url":"https:\/\/www.descolonizacion.org\/wp-content\/uploads\/2016\/09\/Menu-Objectifs-F-958x131.jpg"},"600x400":{"file":"Menu-Objectifs-F-600x150.jpg","width":600,"height":150,"mime-type":"image\/jpeg","url":"https:\/\/www.descolonizacion.org\/wp-content\/uploads\/2016\/09\/Menu-Objectifs-F-600x150.jpg"},"1000x800":{"file":"Menu-Objectifs-F-1000x150.jpg","width":1000,"height":150,"mime-type":"image\/jpeg","url":"https:\/\/www.descolonizacion.org\/wp-content\/uploads\/2016\/09\/Menu-Objectifs-F-1000x150.jpg"},"sow-carousel-default":{"file":"Menu-Objectifs-F-272x150.jpg","width":272,"height":150,"mime-type":"image\/jpeg","url":"https:\/\/www.descolonizacion.org\/wp-content\/uploads\/2016\/09\/Menu-Objectifs-F-272x150.jpg"}},"image_meta":{"aperture":"0","credit":"","camera":"","caption":"","created_timestamp":"0","copyright":"","focal_length":"0","iso":"0","shutter_speed":"0","title":"","orientation":"0","keywords":[]},"ID":"2830","name":"Menu-Objectifs-F.jpg","path":"\/home2\/descolinizacion\/public_html\/wp-content\/uploads\/2016\/09\/Menu-Objectifs-F.jpg","url":"https:\/\/www.descolonizacion.org\/wp-content\/uploads\/2016\/09\/Menu-Objectifs-F-150x150.jpg","full_url":"https:\/\/www.descolonizacion.org\/wp-content\/uploads\/2016\/09\/Menu-Objectifs-F.jpg","title":"menu-objectifs-f","caption":"","description":"","alt":"","srcset":"https:\/\/www.descolonizacion.org\/wp-content\/uploads\/2016\/09\/Menu-Objectifs-F-150x150.jpg 150w, https:\/\/www.descolonizacion.org\/wp-content\/uploads\/2016\/09\/Menu-Objectifs-F-100x100.jpg 100w"}],"imic_pages_select_revolution_from_list":"[rev_slider alias=\\\"home-french\\\"]","imic_pages_select_smart_from_list":"","imic_pages_slider_height":"","imic_pages_slider_image":[],"imic_pages_slider_auto_slide":"yes","imic_pages_slider_speed":"","imic_pages_slider_pagination":"yes","imic_pages_slider_direction_arrows":"yes","imic_pages_slider_effects":"fade","imic_pages_banner_color":"","imic_pages_breadcrumb_show":"","imic_pages_title_show":"","imic_pages_banner_bg_color":"","imic_post_page_custom_title":"","imic_pages_banner_text_color":"","imic_pages_title_alignment":"","imic_page_social_share":"","imic_select_sidebar_from_list":"","imic_select_sidebar_position":"","imic_contact_email":"lolohim@gmail.com","imic_contact_subject":"","imic_our_location_text":"","imic_contact_map_display":"no","imic_contact_map_box_code":"","imic_Choose_slider_display":"0","imic_select_smart_from_list":"","imic_select_revolution_from_list":"[rev_slider alias=\\\"home-french\\\"]","imic_slider_image":[],"imic_slider_auto_slide":"yes","imic_slider_speed":"","imic_slider_pagination":"yes","imic_slider_direction_arrows":"yes","imic_slider_effects":"fade","imic_switch_categories_post":"1","imic_category_to_show_on_home":["82"],"imic_number_of_post_cat":[],"imic_upcoming_area":"1","imic_latest_sermon_events_to_show_on":"letest_event","imic_custom_text_message":"","imic_advanced_event_taxonomy":[],"imic_going_on_events":"1","imic_custom_going_on_events_title":"","imic_advanced_sermons_category":[],"imic_all_event_sermon_url":"","imic_imic_featured_blocks":"1","imic_home_featured_blocks":"","imic_home_row_featured_blocks":[],"imic_home_featured_blocks1":"","imic_home_featured_blocks2":"","imic_home_featured_blocks3":"","imic_imic_upcoming_events":"1","imic_upcoming_event_taxonomy":[],"imic_custom_upcoming_events_title":"","imic_events_to_show_on":"","imic_imic_recent_posts":"1","imic_recent_post_taxonomy":[],"imic_custom_latest_news_title":"","imic_posts_to_show_on":"","imic_recent_posts_rmbutton":"2","imic_recent_posts_rmbutton_text":"","imic_imic_galleries":"1","imic_home_gallery_taxonomy":[],"imic_custom_gallery_title":"","imic_custom_more_galleries_title":"","imic_custom_more_galleries_url":"","imic_galleries_to_show_on":"","imic_galleries_background_image":[],"imic_switch_sermon_album":"1","imic_custom_albums_title":"","imic_number_of_sermon_albums":"","imic_sermon_albums_url":"","imic_gallery_pagination_to_show_on":"","imic_gallery_pagination_columns_layout":"","imic_show_gallery_title":"0","imic_gallery_masonry_to_show_on":"","imic_show_gallery_title_masonry":"0","imic_gallery_filter_columns_layout":"","imic_show_gallery_title_filter":"0","imic_advanced_gallery_taxonomy":[],"imic_advanced_event_list_taxonomy":[],"imic_advanced_post_taxonomy":[],"imic_advanced_blog_taxonomy":[],"imic_staff_to_show_on":"","imic_staff_grid_column":"","imic_advanced_staff_taxonomy":[],"imic_staff_select_orderby":"ID","imic_staff_select_order":"","imic_staff_excerpt_length":"","imic_events_timeline_view":"","imic_event_timeline_per_page":"","imic_blog_masonry_thumbnails":"0","imic_albums_select_orderby":"count","imic_albums_select_order":"ASC","imic_sermon_categories_custom_order":[]},"_links":{"self":[{"href":"https:\/\/www.descolonizacion.org\/fr\/wp-json\/wp\/v2\/pages\/1064","targetHints":{"allow":["GET"]}}],"collection":[{"href":"https:\/\/www.descolonizacion.org\/fr\/wp-json\/wp\/v2\/pages"}],"about":[{"href":"https:\/\/www.descolonizacion.org\/fr\/wp-json\/wp\/v2\/types\/page"}],"author":[{"embeddable":true,"href":"https:\/\/www.descolonizacion.org\/fr\/wp-json\/wp\/v2\/users\/1"}],"replies":[{"embeddable":true,"href":"https:\/\/www.descolonizacion.org\/fr\/wp-json\/wp\/v2\/comments?post=1064"}],"version-history":[{"count":27,"href":"https:\/\/www.descolonizacion.org\/fr\/wp-json\/wp\/v2\/pages\/1064\/revisions"}],"predecessor-version":[{"id":3197,"href":"https:\/\/www.descolonizacion.org\/fr\/wp-json\/wp\/v2\/pages\/1064\/revisions\/3197"}],"wp:attachment":[{"href":"https:\/\/www.descolonizacion.org\/fr\/wp-json\/wp\/v2\/media?parent=1064"}],"curies":[{"name":"wp","href":"https:\/\/api.w.org\/{rel}","templated":true}]}}